{"id":1840,"date":"2025-04-11T13:13:40","date_gmt":"2025-04-11T13:13:40","guid":{"rendered":"https:\/\/pingwoo.szblind.ch\/?page_id=1840"},"modified":"2025-06-18T07:53:18","modified_gmt":"2025-06-18T07:53:18","slug":"actuel","status":"publish","type":"page","link":"https:\/\/shop.szblind.ch\/fr\/aktuelles\/","title":{"rendered":"Actualit\u00e9s"},"content":{"rendered":"<div class=\"news-list-view column-3\"><div class=\"article\" itemscope=\"itemscope\" itemtype=\"https:\/\/schema.org\/Article\"><div class=\"newsbox\"><div class=\"titel\">Actualit\u00e9s<\/div><a class=\"newsbild\" title=\"Tarification des moyens auxiliaires de l&#039;AI \u00e0 partir de 2026\" href=\"https:\/\/shop.szblind.ch\/fr\/preisgestaltung-von-iv-hilfsmitteln-ab-2026\/\"><img decoding=\"async\" loading=\"lazy\" alt=\"Prix des aides techniques IV \u00e0 partir de 2026\" src=\"https:\/\/shop.szblind.ch\/wp-content\/uploads\/2025\/07\/csm_NEWS_9b66cf2f9b.jpg\" width=\"800\" height=\"532\"><\/a><!-- teaser ---><div class=\"teaser-text\"><p class=\"datum\"><time itemprop=\"datePublished\" datetime=\"2026-04-16T06:27:40+00:00\">16.04.2026<\/time><\/p><h2>Tarification des moyens auxiliaires de l'AI \u00e0 partir de 2026<\/h2><p itemprop=\"description\">L'Office f\u00e9d\u00e9ral des assurances sociales mise sur des prix transparents et compr\u00e9hensibles. Sur cette base, l'UCBA  a adapt\u00e9 en cons\u00e9quence les prix des produits financ\u00e9s par l'AI.<\/p><a  class=\"button\" title=\"Tarification des moyens auxiliaires de l&#039;AI \u00e0 partir de 2026\" href=\"https:\/\/shop.szblind.ch\/fr\/preisgestaltung-von-iv-hilfsmitteln-ab-2026\/\">En savoir plus<\/a><\/div><\/div><\/div><div class=\"article\" itemscope=\"itemscope\" itemtype=\"https:\/\/schema.org\/Article\"><div class=\"newsbox\"><div class=\"titel\">Actualit\u00e9s<\/div><a class=\"newsbild\" title=\"Information de l&#039;UCBA et des biblioth\u00e8ques sp\u00e9cialis\u00e9es suisses\" href=\"https:\/\/shop.szblind.ch\/fr\/information-des-szblind-und-der-schweizer-spezialbibliotheken\/\"><img decoding=\"async\" loading=\"lazy\" alt=\"News Bild Information de l&#039;UCBA et des biblioth\u00e8ques sp\u00e9cialis\u00e9es suisses\" src=\"https:\/\/shop.szblind.ch\/wp-content\/uploads\/2025\/12\/Bild_Daisy.jpg\" width=\"800\" height=\"532\"><\/a><!-- teaser ---><div class=\"teaser-text\"><p class=\"datum\"><time itemprop=\"datePublished\" datetime=\"2025-12-06T06:10:37+00:00\">06.12.2025<\/time><\/p><h2>Information de l'UCBA et des biblioth\u00e8ques sp\u00e9cialis\u00e9es suisses<\/h2><p itemprop=\"description\">L'UCBA propose actuellement le lecteur de livres audio Victor Stratus 4M avec lecteur CD \u00e0 la vente ou \u00e0 la location. En raison des progr\u00e8s techniques...<\/p><a  class=\"button\" title=\"Information de l&#039;UCBA et des biblioth\u00e8ques sp\u00e9cialis\u00e9es suisses\" href=\"https:\/\/shop.szblind.ch\/fr\/information-des-szblind-und-der-schweizer-spezialbibliotheken\/\">En savoir plus<\/a><\/div><\/div><\/div><div class=\"article\" itemscope=\"itemscope\" itemtype=\"https:\/\/schema.org\/Article\"><div class=\"newsbox\"><div class=\"titel\">Actualit\u00e9s<\/div><a class=\"newsbild\" title=\"Commande de gabarit de vote\" href=\"https:\/\/shop.szblind.ch\/fr\/bestellung-abstimmungsschablone\/\"><img decoding=\"async\" loading=\"lazy\" alt=\"News Image Commande du gabarit de vote\" src=\"https:\/\/shop.szblind.ch\/wp-content\/uploads\/2025\/10\/csm_Abstimmungsschablone_Produktbild__c__Damian_Imhof_9ca0e78a62.jpg\" width=\"800\" height=\"532\"><\/a><!-- teaser ---><div class=\"teaser-text\"><p class=\"datum\"><time itemprop=\"datePublished\" datetime=\"2025-10-02T10:20:00+00:00\">02.10.2025<\/time><\/p><h2>Commande de gabarit de vote<\/h2><p itemprop=\"description\">Commandez le gabarit de vote pour le canton de Zurich ici.\u00a0<\/p><a  class=\"button\" title=\"Commande de gabarit de vote\" href=\"https:\/\/shop.szblind.ch\/fr\/bestellung-abstimmungsschablone\/\">En savoir plus<\/a><\/div><\/div><\/div><div class=\"article\" itemscope=\"itemscope\" itemtype=\"https:\/\/schema.org\/Article\"><div class=\"newsbox\"><div class=\"titel\">Actualit\u00e9s<\/div><a class=\"newsbild\" title=\"Nouveaut\u00e9s automne\" href=\"https:\/\/shop.szblind.ch\/fr\/neuheiten-herbst\/\"><img decoding=\"async\" loading=\"lazy\" alt=\"News Image Nouveaut\u00e9s automne\" src=\"https:\/\/shop.szblind.ch\/wp-content\/uploads\/2025\/07\/csm_NEWS_9b66cf2f9b.jpg\" width=\"800\" height=\"532\"><\/a><!-- teaser ---><div class=\"teaser-text\"><p class=\"datum\"><time itemprop=\"datePublished\" datetime=\"2025-10-02T10:18:00+00:00\">02.10.2025<\/time><\/p><h2>Nouveaut\u00e9s automne<\/h2><p itemprop=\"description\">Parcourir notre section \u201cNouveaut\u00e9s\u201d Aux nouveaut\u00e9s\u00a0<\/p><a  class=\"button\" title=\"Nouveaut\u00e9s automne\" href=\"https:\/\/shop.szblind.ch\/fr\/neuheiten-herbst\/\">En savoir plus<\/a><\/div><\/div><\/div><div class=\"article\" itemscope=\"itemscope\" itemtype=\"https:\/\/schema.org\/Article\"><div class=\"newsbox\"><div class=\"titel\">Actualit\u00e9s<\/div><a class=\"newsbild\" title=\"Nouveaut\u00e9s \u00e9t\u00e9\" href=\"https:\/\/shop.szblind.ch\/fr\/neuheiten-sommer\/\"><img decoding=\"async\" loading=\"lazy\" alt=\"News Bild Neuheiten Sommer\" src=\"https:\/\/shop.szblind.ch\/wp-content\/uploads\/2025\/07\/csm_NEWS_9b66cf2f9b.jpg\" width=\"800\" height=\"532\"><\/a><!-- teaser ---><div class=\"teaser-text\"><p class=\"datum\"><time itemprop=\"datePublished\" datetime=\"2025-05-23T07:31:24+00:00\">23.05.2025<\/time><\/p><h2>Nouveaut\u00e9s \u00e9t\u00e9<\/h2><p itemprop=\"description\">Parcourir notre section \u201cNouveaut\u00e9s\u201d Aux nouveaut\u00e9s\u00a0<\/p><a  class=\"button\" title=\"Nouveaut\u00e9s \u00e9t\u00e9\" href=\"https:\/\/shop.szblind.ch\/fr\/neuheiten-sommer\/\">En savoir plus<\/a><\/div><\/div><\/div><div class=\"article\" itemscope=\"itemscope\" itemtype=\"https:\/\/schema.org\/Article\"><div class=\"newsbox\"><div class=\"titel\">Actualit\u00e9s<\/div><a class=\"newsbild\" title=\"Heures d&#039;ouverture de mai \u00e0 ao\u00fbt 2025\" href=\"https:\/\/shop.szblind.ch\/fr\/oeffnungszeiten-mai-bis-august-2025\/\"><img decoding=\"async\" loading=\"lazy\" alt=\"News Bild \u00d6ffnungszeiten Mai bis August 2025\" src=\"https:\/\/shop.szblind.ch\/wp-content\/uploads\/2025\/05\/csm_1.12._0e6d482445.jpg\" width=\"800\" height=\"532\"><\/a><!-- teaser ---><div class=\"teaser-text\"><p class=\"datum\"><time itemprop=\"datePublished\" datetime=\"2025-05-12T12:32:00+00:00\">12.05.2025<\/time><\/p><h2>Heures d'ouverture de mai \u00e0 ao\u00fbt 2025<\/h2><p itemprop=\"description\">Afin de pouvoir vous servir au mieux, nous sommes \u00e0 votre disposition du lundi au jeudi de 9h \u00e0 12h pendant les mois d'\u00e9t\u00e9 ! Sauf si...<\/p><a  class=\"button\" title=\"Heures d&#039;ouverture de mai \u00e0 ao\u00fbt 2025\" href=\"https:\/\/shop.szblind.ch\/fr\/oeffnungszeiten-mai-bis-august-2025\/\">En savoir plus<\/a><\/div><\/div><\/div><div class=\"article\" itemscope=\"itemscope\" itemtype=\"https:\/\/schema.org\/Article\"><div class=\"newsbox\"><div class=\"titel\">Actualit\u00e9s<\/div><a class=\"newsbild\" title=\"Visites sur rendez-vous \/ commandes en ligne\" href=\"https:\/\/shop.szblind.ch\/fr\/besuche-auf-voranmeldung-bestellungen-online\/\"><img decoding=\"async\" loading=\"lazy\" alt=\"News Bild Besuche auf Voranmeldung \/ Bestellungen Online\" src=\"https:\/\/shop.szblind.ch\/wp-content\/uploads\/2025\/05\/csm_pdf-schilder-anmeldung-de_8170df4293.jpg\" width=\"800\" height=\"532\"><\/a><!-- teaser ---><div class=\"teaser-text\"><p class=\"datum\"><time itemprop=\"datePublished\" datetime=\"2024-12-06T13:37:00+00:00\">06.12.2024<\/time><\/p><h2>Visites sur rendez-vous \/ commandes en ligne<\/h2><p itemprop=\"description\">C'est avec plaisir que nous vous accueillerons personnellement sur notre site de Lenzbourg. Convenez avec nous d'un rendez-vous afin que nous puissions vous pr\u00e9senter, \u00e0 vous et \u00e0 votre ...<\/p><a  class=\"button\" title=\"Visites sur rendez-vous \/ commandes en ligne\" href=\"https:\/\/shop.szblind.ch\/fr\/besuche-auf-voranmeldung-bestellungen-online\/\">En savoir plus<\/a><\/div><\/div><\/div><\/div>\n\n\n\n<p><\/p>","protected":false},"excerpt":{"rendered":"","protected":false},"author":1,"featured_media":0,"parent":0,"menu_order":0,"comment_status":"closed","ping_status":"closed","template":"template-fullwidth.php","meta":{"_acf_changed":false,"footnotes":""},"class_list":["post-1840","page","type-page","status-publish","hentry"],"acf":[],"_links":{"self":[{"href":"https:\/\/shop.szblind.ch\/fr\/wp-json\/wp\/v2\/pages\/1840","targetHints":{"allow":["GET"]}}],"collection":[{"href":"https:\/\/shop.szblind.ch\/fr\/wp-json\/wp\/v2\/pages"}],"about":[{"href":"https:\/\/shop.szblind.ch\/fr\/wp-json\/wp\/v2\/types\/page"}],"author":[{"embeddable":true,"href":"https:\/\/shop.szblind.ch\/fr\/wp-json\/wp\/v2\/users\/1"}],"replies":[{"embeddable":true,"href":"https:\/\/shop.szblind.ch\/fr\/wp-json\/wp\/v2\/comments?post=1840"}],"version-history":[{"count":7,"href":"https:\/\/shop.szblind.ch\/fr\/wp-json\/wp\/v2\/pages\/1840\/revisions"}],"predecessor-version":[{"id":3574,"href":"https:\/\/shop.szblind.ch\/fr\/wp-json\/wp\/v2\/pages\/1840\/revisions\/3574"}],"wp:attachment":[{"href":"https:\/\/shop.szblind.ch\/fr\/wp-json\/wp\/v2\/media?parent=1840"}],"curies":[{"name":"wp","href":"https:\/\/api.w.org\/{rel}","templated":true}]}}