{"id":1842,"date":"2025-04-11T13:14:22","date_gmt":"2025-04-11T13:14:22","guid":{"rendered":"https:\/\/pingwoo.szblind.ch\/?page_id=1842"},"modified":"2025-10-15T09:42:13","modified_gmt":"2025-10-15T09:42:13","slug":"nouveautes","status":"publish","type":"page","link":"https:\/\/shop.szblind.ch\/fr\/neuheiten\/","title":{"rendered":"Nouveaut\u00e9s"},"content":{"rendered":"<h1 class=\"wp-block-heading scr-only\">Gammes<\/h1>\n\n\n\n<h2 class=\"wp-block-heading\">Nouveaux articles<\/h2>\n\n\n<ul class=\"products\"><li class=\"product type-product post-42062 status-publish first instock product_cat-753kalender product_cat-0papeterie has-post-thumbnail featured taxable shipping-taxable purchasable product-type-simple\">\n\t<div class=\"new\">\n            <div class=\"text\">Nouveau<\/div>\n          <\/div><a href=\"https:\/\/shop.szblind.ch\/fr\/produkt\/wandkalender-hoch\/\" class=\"woocommerce-LoopProduct-link woocommerce-loop-product__link\"><img loading=\"lazy\" decoding=\"async\" width=\"324\" height=\"324\" src=\"https:\/\/shop.szblind.ch\/wp-content\/uploads\/2025\/12\/820_0_1_12_319-324x324.jpg\" class=\"attachment-woocommerce_thumbnail size-woocommerce_thumbnail\" alt=\"12_319.jpg\" srcset=\"https:\/\/shop.szblind.ch\/wp-content\/uploads\/2025\/12\/820_0_1_12_319-324x324.jpg 324w, https:\/\/shop.szblind.ch\/wp-content\/uploads\/2025\/12\/820_0_1_12_319-150x150.jpg 150w, https:\/\/shop.szblind.ch\/wp-content\/uploads\/2025\/12\/820_0_1_12_319-100x100.jpg 100w\" sizes=\"auto, (max-width: 324px) 100vw, 324px\" \/><h3 class=\"woocommerce-loop-product__title\">Calendrier A3 portrait 2026 allemand \/ fran\u00e7ais<\/h3><div class=\"product-sku\">N\u00b0 de produit : 12.319-26<\/div>\n\t<span class=\"price\"><span class=\"woocommerce-Price-amount amount\"><bdi><span class=\"woocommerce-Price-currencySymbol\">CHF<\/span>&nbsp;45.00<\/bdi><\/span><span class=\"per-piece\">\/stk<\/span><\/span>\n<div class=\"mwst-text\">TVA incluse<\/div><\/a><form class=\"cart\" method=\"post\" enctype=\"multipart\/form-data\" action=\"\"><input type=\"hidden\" name=\"add-to-cart\" value=\"42062\"><div class=\"custom-quantity-wrapper\"><label class=\"screen-reader-text\" for=\"quantity_42062\">Calendrier A3 portrait 2026Allemand \/ Fran\u00e7ais Quantit\u00e9<\/label><input id=\"quantity_42062\" type=\"number\" name=\"quantity_42062\" aria-label=\"Quantit\u00e9 de produit\" class=\"qty\" value=\"1\" min=\"1\" max=\"15\"><button type=\"button\" aria-label=\"+\" class=\"qty-btn plus\"><\/button><button type=\"button\" aria-label=\"-\" class=\"qty-btn minus\"><\/button><\/div><button type=\"submit\" class=\"button add_to_cart_button ajax_add_to_cart\" aria-label=\"Ajouter au panier\" > <\/button><input type=\"hidden\" name=\"trp-form-language\" value=\"fr\"\/><\/form><\/li><li class=\"product type-product post-41812 status-publish instock product_cat-753kalender product_cat-0papeterie has-post-thumbnail featured taxable shipping-taxable purchasable product-type-simple\">\n\t<div class=\"new\">\n            <div class=\"text\">Nouveau<\/div>\n          <\/div><a href=\"https:\/\/shop.szblind.ch\/fr\/produkt\/adventskalender\/\" class=\"woocommerce-LoopProduct-link woocommerce-loop-product__link\"><img loading=\"lazy\" decoding=\"async\" width=\"324\" height=\"324\" src=\"https:\/\/shop.szblind.ch\/wp-content\/uploads\/2025\/12\/15_0_1_12_299-324x324.jpg\" class=\"attachment-woocommerce_thumbnail size-woocommerce_thumbnail\" alt=\"12_299.jpg\" srcset=\"https:\/\/shop.szblind.ch\/wp-content\/uploads\/2025\/12\/15_0_1_12_299-324x324.jpg 324w, https:\/\/shop.szblind.ch\/wp-content\/uploads\/2025\/12\/15_0_1_12_299-150x150.jpg 150w, https:\/\/shop.szblind.ch\/wp-content\/uploads\/2025\/12\/15_0_1_12_299-100x100.jpg 100w\" sizes=\"auto, (max-width: 324px) 100vw, 324px\" \/><h3 class=\"woocommerce-loop-product__title\">Etiquettes pour calendriers de l'avent Contraste et braille<\/h3><div class=\"product-sku\">N\u00b0 de produit : 12.299<\/div>\n\t<span class=\"price\"><span class=\"woocommerce-Price-amount amount\"><bdi><span class=\"woocommerce-Price-currencySymbol\">CHF<\/span>&nbsp;9.00<\/bdi><\/span><span class=\"per-piece\">\/stk<\/span><\/span>\n<div class=\"mwst-text\">TVA incluse<\/div><\/a><form class=\"cart\" method=\"post\" enctype=\"multipart\/form-data\" action=\"\"><input type=\"hidden\" name=\"add-to-cart\" value=\"41812\"><div class=\"custom-quantity-wrapper\"><label class=\"screen-reader-text\" for=\"quantity_41812\">\u00c9tiquettes pour calendriers de l'AventContraste et braille Quantit\u00e9<\/label><input id=\"quantity_41812\" type=\"number\" name=\"quantity_41812\" aria-label=\"Quantit\u00e9 de produit\" class=\"qty\" value=\"1\" min=\"1\" max=\"269\"><button type=\"button\" aria-label=\"+\" class=\"qty-btn plus\"><\/button><button type=\"button\" aria-label=\"-\" class=\"qty-btn minus\"><\/button><\/div><button type=\"submit\" class=\"button add_to_cart_button ajax_add_to_cart\" aria-label=\"Ajouter au panier\" > <\/button><input type=\"hidden\" name=\"trp-form-language\" value=\"fr\"\/><\/form><\/li><li class=\"product type-product post-41795 status-publish last outofstock product_cat-748sprachausgabe product_cat-0uhren has-post-thumbnail featured taxable shipping-taxable purchasable product-type-variable\">\n\t<div class=\"new\">\n            <div class=\"text\">Nouveau<\/div>\n          <\/div><a href=\"https:\/\/shop.szblind.ch\/fr\/produkt\/funkwecker\/\" class=\"woocommerce-LoopProduct-link woocommerce-loop-product__link\"><img loading=\"lazy\" decoding=\"async\" width=\"324\" height=\"324\" src=\"https:\/\/shop.szblind.ch\/wp-content\/uploads\/2025\/12\/163_0_1_07_763-1-324x324.jpg\" class=\"attachment-woocommerce_thumbnail size-woocommerce_thumbnail\" alt=\"07_763.jpg\" srcset=\"https:\/\/shop.szblind.ch\/wp-content\/uploads\/2025\/12\/163_0_1_07_763-1-324x324.jpg 324w, https:\/\/shop.szblind.ch\/wp-content\/uploads\/2025\/12\/163_0_1_07_763-1-150x150.jpg 150w, https:\/\/shop.szblind.ch\/wp-content\/uploads\/2025\/12\/163_0_1_07_763-1-100x100.jpg 100w\" sizes=\"auto, (max-width: 324px) 100vw, 324px\" \/><h3 class=\"woocommerce-loop-product__title\">R\u00e9veil parlant Hearkent <\/h3><div class=\"product-sku\">N\u00b0 de produit : 07.763<\/div>\n\t<span class=\"price\"><span class=\"woocommerce-Price-amount amount\"><bdi><span class=\"woocommerce-Price-currencySymbol\">CHF<\/span>&nbsp;35.00<\/bdi><\/span><span class=\"per-piece\">\/stk<\/span><\/span>\n<div class=\"mwst-text\">TVA incluse<\/div><\/a><a href=\"https:\/\/shop.szblind.ch\/fr\/produkt\/funkwecker\/\" aria-describedby=\"woocommerce_loop_add_to_cart_link_describedby_41795\" data-quantity=\"1\" class=\"button product_type_variable\" data-product_id=\"41795\" data-product_sku=\"07.763\" aria-label=\"S\u00e9lectionner les options pour \u201cHearkent sprechender Funkwecker\u201d\" rel=\"nofollow\" data-no-translation-aria-label=\"\">Afficher les variantes<\/a>\t<span id=\"woocommerce_loop_add_to_cart_link_describedby_41795\" class=\"screen-reader-text\">\n\t\tCe produit a plusieurs variations. Les options peuvent \u00eatre choisies sur la page du produit\t<\/span>\n<\/li><li class=\"product type-product post-41774 status-publish first outofstock product_cat-747langstcke product_cat-0mobilitt has-post-thumbnail featured taxable shipping-taxable purchasable product-type-variable\">\n\t<div class=\"new\">\n            <div class=\"text\">Nouveau<\/div>\n          <\/div><a href=\"https:\/\/shop.szblind.ch\/fr\/produkt\/langstock-ambutech-variante-3\/\" class=\"woocommerce-LoopProduct-link woocommerce-loop-product__link\"><img loading=\"lazy\" decoding=\"async\" width=\"324\" height=\"324\" src=\"https:\/\/shop.szblind.ch\/wp-content\/uploads\/2026\/01\/1179_0_1_01_426-324x324.jpg\" class=\"attachment-woocommerce_thumbnail size-woocommerce_thumbnail\" alt=\"01_426.jpg\" srcset=\"https:\/\/shop.szblind.ch\/wp-content\/uploads\/2026\/01\/1179_0_1_01_426-324x324.jpg 324w, https:\/\/shop.szblind.ch\/wp-content\/uploads\/2026\/01\/1179_0_1_01_426-150x150.jpg 150w, https:\/\/shop.szblind.ch\/wp-content\/uploads\/2026\/01\/1179_0_1_01_426-100x100.jpg 100w\" sizes=\"auto, (max-width: 324px) 100vw, 324px\" \/><h3 class=\"woocommerce-loop-product__title\">Canne t\u00e9lescopique Ambutech <\/h3><div class=\"product-sku\">N\u00b0 de produit : 01.426<\/div>\n\t<span class=\"price\"><span class=\"woocommerce-Price-amount amount\"><bdi><span class=\"woocommerce-Price-currencySymbol\">CHF<\/span>&nbsp;84.10<\/bdi><\/span><span class=\"per-piece\">\/stk<\/span><\/span>\n<div class=\"mwst-text\">TVA incluse<\/div><\/a><a href=\"https:\/\/shop.szblind.ch\/fr\/produkt\/langstock-ambutech-variante-3\/\" aria-describedby=\"woocommerce_loop_add_to_cart_link_describedby_41774\" data-quantity=\"1\" class=\"button product_type_variable\" data-product_id=\"41774\" data-product_sku=\"01.426\" aria-label=\"S\u00e9lectionner les options pour \u201cTeleskopstock Ambutech\u201d\" rel=\"nofollow\" data-no-translation-aria-label=\"\">Afficher les variantes<\/a>\t<span id=\"woocommerce_loop_add_to_cart_link_describedby_41774\" class=\"screen-reader-text\">\n\t\tCe produit a plusieurs variations. Les options peuvent \u00eatre choisies sur la page du produit\t<\/span>\n<\/li><li class=\"product type-product post-41124 status-publish outofstock product_cat-754abstimmungsschablone product_cat-0alltagshilfen has-post-thumbnail featured taxable shipping-taxable purchasable product-type-simple\">\n\t<div class=\"new\">\n            <div class=\"text\">Nouveau<\/div>\n          <\/div><a href=\"https:\/\/shop.szblind.ch\/fr\/produkt\/schablone\/\" class=\"woocommerce-LoopProduct-link woocommerce-loop-product__link\"><img loading=\"lazy\" decoding=\"async\" width=\"324\" height=\"324\" src=\"https:\/\/shop.szblind.ch\/wp-content\/uploads\/2025\/12\/100_0_1_06_470-324x324.jpg\" class=\"attachment-woocommerce_thumbnail size-woocommerce_thumbnail\" alt=\"06_470.jpg\" srcset=\"https:\/\/shop.szblind.ch\/wp-content\/uploads\/2025\/12\/100_0_1_06_470-324x324.jpg 324w, https:\/\/shop.szblind.ch\/wp-content\/uploads\/2025\/12\/100_0_1_06_470-150x150.jpg 150w, https:\/\/shop.szblind.ch\/wp-content\/uploads\/2025\/12\/100_0_1_06_470-100x100.jpg 100w\" sizes=\"auto, (max-width: 324px) 100vw, 324px\" \/><h3 class=\"woocommerce-loop-product__title\">Set de gabarits de vote<\/h3><div class=\"product-sku\">N\u00b0 de produit : 06.470<\/div>\n\t<span class=\"price\"><span class=\"woocommerce-Price-amount amount\"><bdi><span class=\"woocommerce-Price-currencySymbol\">CHF<\/span>&nbsp;0.00<\/bdi><\/span><span class=\"per-piece\">\/stk<\/span><\/span>\n<div class=\"mwst-text\">TVA incluse<\/div><\/a><a href=\"?add-to-cart=41125\" aria-describedby=\"woocommerce_loop_add_to_cart_link_describedby_41124\" data-quantity=\"1\" class=\"button product_type_variable\" data-product_id=\"41124\" data-product_sku=\"06.470\" aria-label=\"S\u00e9lectionner les options pour \u201cAbstimmungsschabloneSet\u201d\" rel=\"nofollow\" data-no-translation=\"\" data-trp-gettext=\"\" data-no-translation-aria-label=\"\">Ajouter au panier<\/a>\t<span id=\"woocommerce_loop_add_to_cart_link_describedby_41124\" class=\"screen-reader-text\">\n\t\tCe produit a plusieurs variations. Les options peuvent \u00eatre choisies sur la page du produit\t<\/span>\n<\/li><li class=\"product type-product post-4439 status-publish last outofstock product_cat-0mobilitt product_cat-747zubehr-langstcke has-post-thumbnail featured taxable shipping-taxable purchasable product-type-variable\">\n\t<div class=\"new\">\n            <div class=\"text\">Nouveau<\/div>\n          <\/div><a href=\"https:\/\/shop.szblind.ch\/fr\/produkt\/holzgriffe-comde-2\/\" class=\"woocommerce-LoopProduct-link woocommerce-loop-product__link\"><img loading=\"lazy\" decoding=\"async\" width=\"324\" height=\"324\" src=\"https:\/\/shop.szblind.ch\/wp-content\/uploads\/2026\/01\/681_1_1_01_831_l-1-324x324.jpg\" class=\"attachment-woocommerce_thumbnail size-woocommerce_thumbnail\" alt=\"01_831_L.jpg\" srcset=\"https:\/\/shop.szblind.ch\/wp-content\/uploads\/2026\/01\/681_1_1_01_831_l-1-324x324.jpg 324w, https:\/\/shop.szblind.ch\/wp-content\/uploads\/2026\/01\/681_1_1_01_831_l-1-150x150.jpg 150w, https:\/\/shop.szblind.ch\/wp-content\/uploads\/2026\/01\/681_1_1_01_831_l-1-100x100.jpg 100w\" sizes=\"auto, (max-width: 324px) 100vw, 324px\" \/><h3 class=\"woocommerce-loop-product__title\">Poign\u00e9es en bois Comde h\u00eatre sans tube<\/h3><div class=\"product-sku\">N\u00b0 de produit : 01.831<\/div>\n\t<span class=\"price\"><span class=\"woocommerce-Price-amount amount\" aria-hidden=\"true\"><bdi><span class=\"woocommerce-Price-currencySymbol\">&#67;&#72;&#70;<\/span>&nbsp;30.00<\/bdi><\/span> <span aria-hidden=\"true\">\u00a0\u2013\u00a0<\/span> <span class=\"woocommerce-Price-amount amount\" aria-hidden=\"true\"><bdi><span class=\"woocommerce-Price-currencySymbol\">&#67;&#72;&#70;<\/span>&nbsp;53.00<\/bdi><\/span><span class=\"screen-reader-text\" data-no-translation=\"\" data-trp-gettext=\"\">Plage de prix\u00a0: &#67;&#72;&#70;&nbsp;30.00 \u00e0 &#67;&#72;&#70;&nbsp;53.00<\/span><span class=\"per-piece\">\/stk<\/span><\/span>\n<div class=\"mwst-text\">TVA incluse<\/div><\/a><a href=\"https:\/\/shop.szblind.ch\/fr\/produkt\/holzgriffe-comde-2\/\" aria-describedby=\"woocommerce_loop_add_to_cart_link_describedby_4439\" data-quantity=\"1\" class=\"button product_type_variable\" data-product_id=\"4439\" data-product_sku=\"01.831\" aria-label=\"S\u00e9lectionner les options pour \u201cHolzgriffe Comde Bucheohne Rohr\u201d\" rel=\"nofollow\" data-no-translation-aria-label=\"\">Afficher les variantes<\/a>\t<span id=\"woocommerce_loop_add_to_cart_link_describedby_4439\" class=\"screen-reader-text\">\n\t\tCe produit a plusieurs variations. Les options peuvent \u00eatre choisies sur la page du produit\t<\/span>\n<\/li><li class=\"product type-product post-4195 status-publish first instock product_cat-0mobilitt product_cat-747zubehr-langstcke has-post-thumbnail featured taxable shipping-taxable purchasable product-type-simple\">\n\t<div class=\"new\">\n            <div class=\"text\">Nouveau<\/div>\n          <\/div><a href=\"https:\/\/shop.szblind.ch\/fr\/produkt\/etui-stock\/\" class=\"woocommerce-LoopProduct-link woocommerce-loop-product__link\"><img loading=\"lazy\" decoding=\"async\" width=\"324\" height=\"324\" src=\"https:\/\/shop.szblind.ch\/wp-content\/uploads\/2025\/12\/400_0_1_01_863_neu-324x324.jpg\" class=\"attachment-woocommerce_thumbnail size-woocommerce_thumbnail\" alt=\"01_863_nouveau.jpg\" srcset=\"https:\/\/shop.szblind.ch\/wp-content\/uploads\/2025\/12\/400_0_1_01_863_neu-324x324.jpg 324w, https:\/\/shop.szblind.ch\/wp-content\/uploads\/2025\/12\/400_0_1_01_863_neu-150x150.jpg 150w, https:\/\/shop.szblind.ch\/wp-content\/uploads\/2025\/12\/400_0_1_01_863_neu-100x100.jpg 100w\" sizes=\"auto, (max-width: 324px) 100vw, 324px\" \/><h3 class=\"woocommerce-loop-product__title\">Chameleon - \u00e9tui pour cannes pliables <\/h3><div class=\"product-sku\">N\u00b0 de produit : 01.863<\/div>\n\t<span class=\"price\"><span class=\"woocommerce-Price-amount amount\"><bdi><span class=\"woocommerce-Price-currencySymbol\">CHF<\/span>&nbsp;82.60<\/bdi><\/span><span class=\"per-piece\">\/stk<\/span><\/span>\n<div class=\"mwst-text\">TVA incluse<\/div><\/a><form class=\"cart\" method=\"post\" enctype=\"multipart\/form-data\" action=\"\"><input type=\"hidden\" name=\"add-to-cart\" value=\"4195\"><div class=\"custom-quantity-wrapper\"><label class=\"screen-reader-text\" for=\"quantity_4195\">Sac \u00e0 b\u00e2ton Chameleon Quantit\u00e9<\/label><input id=\"quantity_4195\" type=\"number\" name=\"quantity_4195\" aria-label=\"Quantit\u00e9 de produit\" class=\"qty\" value=\"1\" min=\"1\" max=\"216\"><button type=\"button\" aria-label=\"+\" class=\"qty-btn plus\"><\/button><button type=\"button\" aria-label=\"-\" class=\"qty-btn minus\"><\/button><\/div><button type=\"submit\" class=\"button add_to_cart_button ajax_add_to_cart\" aria-label=\"Ajouter au panier\" > <\/button><input type=\"hidden\" name=\"trp-form-language\" value=\"fr\"\/><\/form><\/li><li class=\"product type-product post-3849 status-publish outofstock product_cat-753agenden-adressbuch product_cat-0papeterie has-post-thumbnail featured taxable shipping-taxable purchasable product-type-variable\">\n\t<div class=\"new\">\n            <div class=\"text\">Nouveau<\/div>\n          <\/div><a href=\"https:\/\/shop.szblind.ch\/fr\/produkt\/lv-agenda-a5-d-p\/\" class=\"woocommerce-LoopProduct-link woocommerce-loop-product__link\"><img loading=\"lazy\" decoding=\"async\" width=\"324\" height=\"324\" src=\"https:\/\/shop.szblind.ch\/wp-content\/uploads\/2025\/12\/1185_1_1_12_313-324x324.jpg\" class=\"attachment-woocommerce_thumbnail size-woocommerce_thumbnail\" alt=\"12_313.jpg\" srcset=\"https:\/\/shop.szblind.ch\/wp-content\/uploads\/2025\/12\/1185_1_1_12_313-324x324.jpg 324w, https:\/\/shop.szblind.ch\/wp-content\/uploads\/2025\/12\/1185_1_1_12_313-150x150.jpg 150w, https:\/\/shop.szblind.ch\/wp-content\/uploads\/2025\/12\/1185_1_1_12_313-100x100.jpg 100w\" sizes=\"auto, (max-width: 324px) 100vw, 324px\" \/><h3 class=\"woocommerce-loop-product__title\">LV- Agenda A5 Vue hebdomadaire 2026 <\/h3><div class=\"product-sku\">N\u00b0 de produit : 12.318-26<\/div>\n\t<span class=\"price\"><span class=\"woocommerce-Price-amount amount\"><bdi><span class=\"woocommerce-Price-currencySymbol\">CHF<\/span>&nbsp;42.00<\/bdi><\/span><span class=\"per-piece\">\/stk<\/span><\/span>\n<div class=\"mwst-text\">TVA incluse<\/div><\/a><a href=\"https:\/\/shop.szblind.ch\/fr\/produkt\/lv-agenda-a5-d-p\/\" aria-describedby=\"woocommerce_loop_add_to_cart_link_describedby_3849\" data-quantity=\"1\" class=\"button product_type_variable\" data-product_id=\"3849\" data-product_sku=\"12.318-26\" aria-label=\"S\u00e9lectionner les options pour \u201cLV- Agenda A5 Wochenansicht 2026\u201d\" rel=\"nofollow\" data-no-translation-aria-label=\"\">Afficher les variantes<\/a>\t<span id=\"woocommerce_loop_add_to_cart_link_describedby_3849\" class=\"screen-reader-text\">\n\t\tCe produit a plusieurs variations. Les options peuvent \u00eatre choisies sur la page du produit\t<\/span>\n<\/li><li class=\"product type-product post-3844 status-publish last outofstock product_cat-753agenden-adressbuch product_cat-0papeterie has-post-thumbnail featured taxable shipping-taxable purchasable product-type-variable\">\n\t<div class=\"new\">\n            <div class=\"text\">Nouveau<\/div>\n          <\/div><a href=\"https:\/\/shop.szblind.ch\/fr\/produkt\/lv-agenda-a6-d-kl-2\/\" class=\"woocommerce-LoopProduct-link woocommerce-loop-product__link\"><img loading=\"lazy\" decoding=\"async\" width=\"324\" height=\"324\" src=\"https:\/\/shop.szblind.ch\/wp-content\/uploads\/2025\/12\/821_1_1_12_309_10_g-324x324.jpg\" class=\"attachment-woocommerce_thumbnail size-woocommerce_thumbnail\" alt=\"12_309_10_g.jpg\" srcset=\"https:\/\/shop.szblind.ch\/wp-content\/uploads\/2025\/12\/821_1_1_12_309_10_g-324x324.jpg 324w, https:\/\/shop.szblind.ch\/wp-content\/uploads\/2025\/12\/821_1_1_12_309_10_g-150x150.jpg 150w, https:\/\/shop.szblind.ch\/wp-content\/uploads\/2025\/12\/821_1_1_12_309_10_g-100x100.jpg 100w\" sizes=\"auto, (max-width: 324px) 100vw, 324px\" \/><h3 class=\"woocommerce-loop-product__title\">LV- Agenda A6 Vue hebdomadaire 2026 <\/h3><div class=\"product-sku\">N\u00b0 de produit : 12.317-26<\/div>\n\t<span class=\"price\"><span class=\"woocommerce-Price-amount amount\"><bdi><span class=\"woocommerce-Price-currencySymbol\">CHF<\/span>&nbsp;33.00<\/bdi><\/span><span class=\"per-piece\">\/stk<\/span><\/span>\n<div class=\"mwst-text\">TVA incluse<\/div><\/a><a href=\"https:\/\/shop.szblind.ch\/fr\/produkt\/lv-agenda-a6-d-kl-2\/\" aria-describedby=\"woocommerce_loop_add_to_cart_link_describedby_3844\" data-quantity=\"1\" class=\"button product_type_variable\" data-product_id=\"3844\" data-product_sku=\"12.317-26\" aria-label=\"S\u00e9lectionner les options pour \u201cLV- Agenda A6 Wochenansicht 2026\u201d\" rel=\"nofollow\" data-no-translation-aria-label=\"\">Afficher les variantes<\/a>\t<span id=\"woocommerce_loop_add_to_cart_link_describedby_3844\" class=\"screen-reader-text\">\n\t\tCe produit a plusieurs variations. Les options peuvent \u00eatre choisies sur la page du produit\t<\/span>\n<\/li><li class=\"product type-product post-3838 status-publish first outofstock product_cat-753agenden-adressbuch product_cat-0papeterie has-post-thumbnail featured taxable shipping-taxable purchasable product-type-variable\">\n\t<div class=\"new\">\n            <div class=\"text\">Nouveau<\/div>\n          <\/div><a href=\"https:\/\/shop.szblind.ch\/fr\/produkt\/lv-agenda-2\/\" class=\"woocommerce-LoopProduct-link woocommerce-loop-product__link\"><img loading=\"lazy\" decoding=\"async\" width=\"324\" height=\"324\" src=\"https:\/\/shop.szblind.ch\/wp-content\/uploads\/2025\/12\/f4db3711-05c9-620a-3496-e6eecfed0d38_12_305_10_g-324x324.jpg\" class=\"attachment-woocommerce_thumbnail size-woocommerce_thumbnail\" alt=\"12_305_10_g.jpg\" srcset=\"https:\/\/shop.szblind.ch\/wp-content\/uploads\/2025\/12\/f4db3711-05c9-620a-3496-e6eecfed0d38_12_305_10_g-324x324.jpg 324w, https:\/\/shop.szblind.ch\/wp-content\/uploads\/2025\/12\/f4db3711-05c9-620a-3496-e6eecfed0d38_12_305_10_g-150x150.jpg 150w, https:\/\/shop.szblind.ch\/wp-content\/uploads\/2025\/12\/f4db3711-05c9-620a-3496-e6eecfed0d38_12_305_10_g-100x100.jpg 100w\" sizes=\"auto, (max-width: 324px) 100vw, 324px\" \/><h3 class=\"woocommerce-loop-product__title\">LV- Agenda Vue quotidienne 2026 <\/h3><div class=\"product-sku\">N\u00b0 de produit : 12.316-26<\/div>\n\t<span class=\"price\"><span class=\"woocommerce-Price-amount amount\"><bdi><span class=\"woocommerce-Price-currencySymbol\">CHF<\/span>&nbsp;40.00<\/bdi><\/span><span class=\"per-piece\">\/stk<\/span><\/span>\n<div class=\"mwst-text\">TVA incluse<\/div><\/a><a href=\"https:\/\/shop.szblind.ch\/fr\/produkt\/lv-agenda-2\/\" aria-describedby=\"woocommerce_loop_add_to_cart_link_describedby_3838\" data-quantity=\"1\" class=\"button product_type_variable\" data-product_id=\"3838\" data-product_sku=\"12.316-26\" aria-label=\"S\u00e9lectionner les options pour \u201cLV- Agenda Tagesansicht 2026\u201d\" rel=\"nofollow\" data-no-translation-aria-label=\"\">Afficher les variantes<\/a>\t<span id=\"woocommerce_loop_add_to_cart_link_describedby_3838\" class=\"screen-reader-text\">\n\t\tCe produit a plusieurs variations. Les options peuvent \u00eatre choisies sur la page du produit\t<\/span>\n<\/li><li class=\"product type-product post-3837 status-publish instock product_cat-753kalender product_cat-0papeterie has-post-thumbnail featured taxable shipping-taxable purchasable product-type-simple\">\n\t<div class=\"new\">\n            <div class=\"text\">Nouveau<\/div>\n          <\/div><a href=\"https:\/\/shop.szblind.ch\/fr\/produkt\/wandkalender\/\" class=\"woocommerce-LoopProduct-link woocommerce-loop-product__link\"><img loading=\"lazy\" decoding=\"async\" width=\"324\" height=\"324\" src=\"https:\/\/shop.szblind.ch\/wp-content\/uploads\/2025\/12\/1454ebfa-5021-c763-2c7a-6b9122cbc067_12_300_g-324x324.jpg\" class=\"attachment-woocommerce_thumbnail size-woocommerce_thumbnail\" alt=\"12_300_g.jpg\" srcset=\"https:\/\/shop.szblind.ch\/wp-content\/uploads\/2025\/12\/1454ebfa-5021-c763-2c7a-6b9122cbc067_12_300_g-324x324.jpg 324w, https:\/\/shop.szblind.ch\/wp-content\/uploads\/2025\/12\/1454ebfa-5021-c763-2c7a-6b9122cbc067_12_300_g-150x150.jpg 150w, https:\/\/shop.szblind.ch\/wp-content\/uploads\/2025\/12\/1454ebfa-5021-c763-2c7a-6b9122cbc067_12_300_g-100x100.jpg 100w\" sizes=\"auto, (max-width: 324px) 100vw, 324px\" \/><h3 class=\"woocommerce-loop-product__title\">Calendrier A3 allemand\/fran\u00e7ais 2026 contrast\u00e9, vue hebdomadaire<\/h3><div class=\"product-sku\">N\u00b0 de produit : 12.300-26<\/div>\n\t<span class=\"price\"><span class=\"woocommerce-Price-amount amount\"><bdi><span class=\"woocommerce-Price-currencySymbol\">CHF<\/span>&nbsp;45.00<\/bdi><\/span><span class=\"per-piece\">\/stk<\/span><\/span>\n<div class=\"mwst-text\">TVA incluse<\/div><\/a><form class=\"cart\" method=\"post\" enctype=\"multipart\/form-data\" action=\"\"><input type=\"hidden\" name=\"add-to-cart\" value=\"3837\"><div class=\"custom-quantity-wrapper\"><label class=\"screen-reader-text\" for=\"quantity_3837\">Calendrier A3 allemand\/fran\u00e7ais 2026contrast\u00e9, vue hebdomadaire Quantit\u00e9<\/label><input id=\"quantity_3837\" type=\"number\" name=\"quantity_3837\" aria-label=\"Quantit\u00e9 de produit\" class=\"qty\" value=\"1\" min=\"1\" max=\"47\"><button type=\"button\" aria-label=\"+\" class=\"qty-btn plus\"><\/button><button type=\"button\" aria-label=\"-\" class=\"qty-btn minus\"><\/button><\/div><button type=\"submit\" class=\"button add_to_cart_button ajax_add_to_cart\" aria-label=\"Ajouter au panier\" > <\/button><input type=\"hidden\" name=\"trp-form-language\" value=\"fr\"\/><\/form><\/li><\/ul>","protected":false},"excerpt":{"rendered":"<p>Sortimen Neue Artikel<\/p>","protected":false},"author":1,"featured_media":0,"parent":0,"menu_order":0,"comment_status":"closed","ping_status":"closed","template":"","meta":{"_acf_changed":false,"footnotes":""},"class_list":["post-1842","page","type-page","status-publish","hentry"],"acf":[],"_links":{"self":[{"href":"https:\/\/shop.szblind.ch\/fr\/wp-json\/wp\/v2\/pages\/1842","targetHints":{"allow":["GET"]}}],"collection":[{"href":"https:\/\/shop.szblind.ch\/fr\/wp-json\/wp\/v2\/pages"}],"about":[{"href":"https:\/\/shop.szblind.ch\/fr\/wp-json\/wp\/v2\/types\/page"}],"author":[{"embeddable":true,"href":"https:\/\/shop.szblind.ch\/fr\/wp-json\/wp\/v2\/users\/1"}],"replies":[{"embeddable":true,"href":"https:\/\/shop.szblind.ch\/fr\/wp-json\/wp\/v2\/comments?post=1842"}],"version-history":[{"count":20,"href":"https:\/\/shop.szblind.ch\/fr\/wp-json\/wp\/v2\/pages\/1842\/revisions"}],"predecessor-version":[{"id":3867,"href":"https:\/\/shop.szblind.ch\/fr\/wp-json\/wp\/v2\/pages\/1842\/revisions\/3867"}],"wp:attachment":[{"href":"https:\/\/shop.szblind.ch\/fr\/wp-json\/wp\/v2\/media?parent=1842"}],"curies":[{"name":"wp","href":"https:\/\/api.w.org\/{rel}","templated":true}]}}