{"id":1844,"date":"2025-04-11T13:14:46","date_gmt":"2025-04-11T13:14:46","guid":{"rendered":"https:\/\/pingwoo.szblind.ch\/?page_id=1844"},"modified":"2025-10-15T09:52:58","modified_gmt":"2025-10-15T09:52:58","slug":"rehabilitation","status":"publish","type":"page","link":"https:\/\/shop.szblind.ch\/fr\/rehabilitation\/","title":{"rendered":"R\u00e9habilitation"},"content":{"rendered":"<h1 class=\"wp-block-heading\">R\u00e9habilitation<\/h1>\n\n\n\n<h2 class=\"wp-block-heading mb-md-50\" id=\"c3881\">Orientation et mobilit\u00e9<\/h2>\n\n\n\n<p>Les personnes aveugles, malvoyantes et sourdes-aveugles sont souvent confront\u00e9es \u00e0 des restrictions en mati\u00e8re de mobilit\u00e9. Une formation en orientation et mobilit\u00e9 (O&amp;M) leur permet d'apprendre des techniques, des strat\u00e9gies et des comportements pour se d\u00e9placer en toute s\u00e9curit\u00e9. Les formations O&amp;M permettent de s'exercer sur des itin\u00e9raires fr\u00e9quemment emprunt\u00e9s, d'apprendre des strat\u00e9gies d'orientation et de se familiariser avec la canne blanche et d'autres aides (telles que des applications). Cela permet de surmonter les obstacles et d'atteindre ses objectifs en toute s\u00e9curit\u00e9.<\/p>\n\n\n\n<p>Le sp\u00e9cialiste en r\u00e9adaptation travaille avec des personnes aveugles et malvoyantes dans le cadre de cours individuels. L'enseignement est dispens\u00e9 de mani\u00e8re personnalis\u00e9e. Le sp\u00e9cialiste en r\u00e9adaptation s'adapte au rythme d'apprentissage, aux possibilit\u00e9s et aux objectifs de la personne concern\u00e9e. Selon les souhaits de cette derni\u00e8re, la formation a lieu \u00e0 son domicile, sur son lieu de travail ou dans un lieu qui lui est initialement inconnu.<\/p>\n\n\n\n<p>Une formation \u00e0 l'orientation et \u00e0 la mobilit\u00e9 peut comprendre les \u00e9l\u00e9ments suivants :<\/p>\n\n\n\n<p>Choix de la canne blanche et de la pointe adapt\u00e9e, apprentissage de son utilisation et des diff\u00e9rentes techniques. La canne longue sert \u00e0 prot\u00e9ger le corps, \u00e0 d\u00e9tecter la nature du sol et \u00e0 percevoir les bordures de trottoir, les escaliers, etc. Les techniques sont approfondies et mises en pratique tout au long de la formation.<\/p>\n\n\n\n<p>Apprendre les techniques d'accompagnement visuel afin de pouvoir se d\u00e9placer de mani\u00e8re aussi d\u00e9tendue que possible avec un accompagnateur.<\/p>\n\n\n\n<p>Int\u00e9rioriser des strat\u00e9gies pour pouvoir s'orienter dans un environnement connu ou inconnu.<\/p>\n\n\n\n<p>Apprendre \u00e0 conna\u00eetre et \u00e0 utiliser des techniques permettant d'utiliser consciemment tous les sens disponibles. Diff\u00e9rents outils sont test\u00e9s.<\/p>\n\n\n\n<p>Apprendre les comportements et les r\u00e8gles \u00e0 adopter pour traverser les rues en toute s\u00e9curit\u00e9.<\/p>\n\n\n\n<p>Apprendre \u00e0 utiliser les transports publics en toute s\u00e9curit\u00e9.<\/p>\n\n\n\n<p>Diff\u00e9rents outils sont test\u00e9s et utilis\u00e9s. Par exemple, une boussole, un smartphone ou des syst\u00e8mes GPS.<\/p>\n\n\n\n<h2 class=\"wp-block-heading mb-md-50\" id=\"c3882\">Comp\u00e9tences pratiques de la vie quotidienne (LPF)<\/h2>\n\n\n\n<p>L'offre \u00ab Comp\u00e9tences pratiques de la vie quotidienne \u00bb propose des conseils et un soutien pour faire face aux limitations li\u00e9es au handicap visuel dans la vie quotidienne. Des consultations individuelles permettent de trouver des solutions aux difficult\u00e9s rencontr\u00e9es au quotidien afin de permettre aux personnes malvoyantes de mener une vie aussi autonome que possible. Souvent, les gestes peuvent \u00eatre adapt\u00e9s afin que les activit\u00e9s puissent \u00e0 nouveau \u00eatre r\u00e9alis\u00e9es gr\u00e2ce \u00e0 des strat\u00e9gies sp\u00e9cifiques. De plus, l'environnement peut \u00eatre optimis\u00e9 gr\u00e2ce \u00e0 l'utilisation de contrastes et d'un \u00e9clairage adapt\u00e9. L'utilisation de syst\u00e8mes de rangement et de marquages permet d'organiser l'environnement et de rendre les appareils accessibles.<\/p>\n\n\n\n<p>Souvent, des aides sp\u00e9cifiques pour les personnes malvoyantes et aveugles sont \u00e9galement utilis\u00e9es. Le sp\u00e9cialiste des comp\u00e9tences pratiques de la vie quotidienne apporte son aide pour le choix, l'essai et l'utilisation de ces aides au quotidien.<\/p>\n\n\n\n<p>Les mesures relatives aux comp\u00e9tences pratiques de la vie quotidienne aident \u00e0 accomplir les t\u00e2ches quotidiennes. Les th\u00e8mes peuvent \u00eatre les suivants :<\/p>\n\n\n\n<p>Communication : t\u00e9l\u00e9phonie, \u00e9criture, gestion des rendez-vous, reconnaissance mon\u00e9taire, appareils d'enregistrement et de lecture, etc.<\/p>\n\n\n\n<p>Entretien des v\u00eatements : laver, trier, plier et repasser le linge, etc.<\/p>\n\n\n\n<p>Cuisiner : utilisation et maniement des appareils de cuisine, mesurer, doser, g\u00e9rer la chaleur, etc.<\/p>\n\n\n\n<p>Repas : diff\u00e9rentes techniques et m\u00e9thodes de contr\u00f4le, service, etc.<\/p>\n\n\n\n<p>Soins personnels : soins des dents et des ongles, rasage, dosage des m\u00e9dicaments, utilisation d'appareils m\u00e9dicaux, etc.<\/p>\n\n\n\n<p>M\u00e9nage : diverses t\u00e2ches m\u00e9nag\u00e8res telles que passer l'aspirateur, nettoyer la salle de bain, faire les lits, faire la vaisselle, effectuer de petites r\u00e9parations, etc.<\/p>\n\n\n\n<p>Couture : enfiler une aiguille, coudre des boutons, etc.<\/p>\n\n\n\n<h2 class=\"wp-block-heading mb-md-50\" id=\"c5101\">Basse vision et aides optiques<\/h2>\n\n\n\n<p>Qu'est-ce que la basse vision ?<br>Les personnes malvoyantes souffrent de troubles visuels qui ne peuvent \u00eatre corrig\u00e9s \u00e0 l'aide de lunettes classiques ou d'une intervention chirurgicale. Outre l'acuit\u00e9 visuelle, ce sont g\u00e9n\u00e9ralement les fonctions visuelles telles que la perception des contrastes faibles, l'\u00e9blouissement, le champ visuel ou encore la perception des couleurs qui sont affect\u00e9es.<\/p>\n\n\n\n<p>La r\u00e9adaptation en basse vision cherche, en collaboration avec les personnes concern\u00e9es, des solutions leur permettant de retrouver autant que possible leur autonomie au quotidien.<\/p>\n\n\n\n<p>Pour y parvenir, il faut d'une part disposer d'aides optiques adapt\u00e9es, notamment des aides grossissantes, allant des lunettes loupes individuelles aux lecteurs d'\u00e9cran \u00e9lectroniques. D'autre part, de nouvelles strat\u00e9gies visuelles sont mises au point afin de pouvoir lire des petits caract\u00e8res, comme ceux des journaux, m\u00eame avec une acuit\u00e9 visuelle r\u00e9duite. Un \u00e9clairage optimal et sans \u00e9blouissement constitue ici une aide pr\u00e9cieuse.<\/p>\n\n\n\n<p>Conseils et examens pour l'optique<br>Notre centre sp\u00e9cialis\u00e9 Low Vision \u00e0 Lenzbourg est un point de contact et d'information pour les experts en r\u00e9adaptation des personnes malvoyantes et aveugles, les opticiens sp\u00e9cialis\u00e9s, les ophtalmologues et les proches des personnes malvoyantes. Nous fournissons des informations sur les aides optiques, distribuons du mat\u00e9riel de test, r\u00e9pondons aux questions relatives \u00e0 l'\u00e9clairage et d\u00e9posons des demandes aupr\u00e8s de l'assurance invalidit\u00e9.<\/p>\n\n\n\n<p>Notre service sp\u00e9cialis\u00e9 Low Vision \u00e9labore \u00e9galement de nouveaux mat\u00e9riels de test et d\u00e9veloppe des m\u00e9thodes d'entra\u00eenement et des aides optiques pour les personnes concern\u00e9es. En collaboration avec le d\u00e9partement Formation &amp; Recherche, il forme \u00e9galement les professionnels.<\/p>\n\n\n\n<p>Les aides optiques telles que les lunettes loupes ou les lampes sont adapt\u00e9es individuellement, vendues ou pr\u00eat\u00e9es \u00e0 titre d'essai.<\/p>\n\n\n\n<p>Veuillez prendre rendez-vous par t\u00e9l\u00e9phone (+41 62 888 28 50) !<\/p>\n\n\n\n<p>Formation et mise en r\u00e9seau des professionnels<br>Notre service sp\u00e9cialis\u00e9 propose une s\u00e9rie de cours et de formations continues destin\u00e9s \u00e0 tous les professionnels concern\u00e9s par la basse vision : formateurs en basse vision, ophtalmologues, opticiens et orthoptistes sp\u00e9cialis\u00e9s. Nous g\u00e9rons la liste \u00e9lectronique Low Vision afin de favoriser les \u00e9changes d'exp\u00e9riences et les discussions techniques.<\/p>\n\n\n\n<p>Nos missions en tant que point de contact pour les professionnels<\/p>\n\n\n\n<ul class=\"wp-block-list\">\n<li>Nous d\u00e9veloppons des aides optiques.<\/li>\n\n\n\n<li>Nous d\u00e9veloppons et commercialisons du mat\u00e9riel pour les tests de la vue.<\/li>\n\n\n\n<li>Nous formons des sp\u00e9cialistes en basse vision<\/li>\n\n\n\n<li>Nous proposons un accompagnement pratique aux futurs formateurs en basse vision et aux opticiens sp\u00e9cialis\u00e9s.<\/li>\n\n\n\n<li>Nous sommes la \u00ab hotline \u00bb gratuite pour les ophtalmologues, les opticiens et autres professionnels pour toutes les questions relatives \u00e0 la r\u00e9adaptation en basse vision.<\/li>\n\n\n\n<li>Nous donnons des conf\u00e9rences sur les nouveaux d\u00e9veloppements dans le domaine de la basse vision.&nbsp;<\/li>\n<\/ul>\n\n\n\n<p>Conseils en mati\u00e8re d'\u00e9clairage<br>Pour les personnes malvoyantes, un \u00e9clairage optimal de leur environnement est particuli\u00e8rement important. Nous sommes le centre de coordination pour les questions d'\u00e9clairage et avons \u00e9labor\u00e9, en collaboration avec Lichtbau GmbH, entre autres, diff\u00e9rentes fiches techniques pour un \u00e9clairage adapt\u00e9 aux personnes malvoyantes.<\/p>\n\n\n\n<p>Tests de la vue et mat\u00e9riel de travail<br>Les tests de la vue sont indispensables pour contr\u00f4ler r\u00e9guli\u00e8rement l'acuit\u00e9 visuelle. Ils permettent de v\u00e9rifier l'acuit\u00e9 visuelle, la perception des contrastes et la reconnaissance des couleurs. Nous avons d\u00e9velopp\u00e9 des tests de la vue dans diff\u00e9rentes langues et avec diff\u00e9rents types de caract\u00e8res pour le d\u00e9pistage.<\/p>","protected":false},"excerpt":{"rendered":"<p>Rehabilitation Orientierung und Mobilit\u00e4t Blinde, sehbehinderte und h\u00f6rsehbehinderte Menschen erleben h\u00e4ufig Einschr\u00e4nkungen in der Mobilit\u00e4t. Ein Training in Orientierung und Mobilit\u00e4t (O&amp;M) erm\u00f6glicht ihnen, Techniken, Strategien und Verhaltensweisen zu erlernen, um sich sicher fortzubewegen. In O&amp;M Trainings werden viel genutzte Wege einge\u00fcbt, Strategien zur Orientierung vermittelt und der Umgang mit dem weissen Stock und anderen [&hellip;]<\/p>\n","protected":false},"author":1,"featured_media":0,"parent":0,"menu_order":0,"comment_status":"closed","ping_status":"closed","template":"","meta":{"_acf_changed":false,"footnotes":""},"class_list":["post-1844","page","type-page","status-publish","hentry"],"acf":[],"_links":{"self":[{"href":"https:\/\/shop.szblind.ch\/fr\/wp-json\/wp\/v2\/pages\/1844","targetHints":{"allow":["GET"]}}],"collection":[{"href":"https:\/\/shop.szblind.ch\/fr\/wp-json\/wp\/v2\/pages"}],"about":[{"href":"https:\/\/shop.szblind.ch\/fr\/wp-json\/wp\/v2\/types\/page"}],"author":[{"embeddable":true,"href":"https:\/\/shop.szblind.ch\/fr\/wp-json\/wp\/v2\/users\/1"}],"replies":[{"embeddable":true,"href":"https:\/\/shop.szblind.ch\/fr\/wp-json\/wp\/v2\/comments?post=1844"}],"version-history":[{"count":10,"href":"https:\/\/shop.szblind.ch\/fr\/wp-json\/wp\/v2\/pages\/1844\/revisions"}],"predecessor-version":[{"id":3869,"href":"https:\/\/shop.szblind.ch\/fr\/wp-json\/wp\/v2\/pages\/1844\/revisions\/3869"}],"wp:attachment":[{"href":"https:\/\/shop.szblind.ch\/fr\/wp-json\/wp\/v2\/media?parent=1844"}],"curies":[{"name":"wp","href":"https:\/\/api.w.org\/{rel}","templated":true}]}}