{"id":1846,"date":"2025-04-11T13:15:25","date_gmt":"2025-04-11T13:15:25","guid":{"rendered":"https:\/\/pingwoo.szblind.ch\/?page_id=1846"},"modified":"2025-10-15T09:53:54","modified_gmt":"2025-10-15T09:53:54","slug":"a-propos-de-nous","status":"publish","type":"page","link":"https:\/\/shop.szblind.ch\/fr\/ueber-uns\/","title":{"rendered":"\u00c0 propos de nous"},"content":{"rendered":"<h1 class=\"wp-block-heading\">\u00c0 propos de nous<\/h1>\n\n\n\n<h2 class=\"wp-block-heading mt-xs-20\">Les services sp\u00e9cialis\u00e9s dans les moyens auxiliaires et la basse vision sont l\u00e0 pour vous aider !<\/h2>\n\n\n\n<p>Les services sp\u00e9cialis\u00e9s Aides techniques et Basse vision du SZBLIND \u00e0 Lenzbourg proposent diff\u00e9rentes prestations aux personnes souffrant d'un handicap visuel, de c\u00e9cit\u00e9, d'un handicap auditif et visuel ou de surdic\u00e9cit\u00e9.<\/p>\n\n\n\n<p>Le&nbsp;<strong><a href=\"https:\/\/shop.szblind.ch\/fr\/a-propos-de-nous\/centre-daide\/\">Service sp\u00e9cialis\u00e9 des moyens auxiliaires<\/a><\/strong>&nbsp;commercialise des aides quotidiennes pour les personnes malvoyantes, malentendantes, aveugles ou sourdes-aveugles, notamment dans les domaines de la mobilit\u00e9, des montres, de l'audio ou du braille. Ces aides sont vendues directement \u00e0 Lenzbourg, via la boutique en ligne ou par l'interm\u00e9diaire des centres de conseil pour malvoyants dans les r\u00e9gions. Le centre sp\u00e9cialis\u00e9 ne vend pas d'aides \u00e0 l'agrandissement.<\/p>\n\n\n\n<p>Le&nbsp;<strong><a href=\"https:\/\/shop.szblind.ch\/fr\/a-propos-de-nous\/centre-dexpertise-basse-vision\/\">Service sp\u00e9cialis\u00e9 Low Vision<\/a><\/strong>&nbsp;fournit des informations sur les aides optiques, distribue du mat\u00e9riel de test et r\u00e9pond aux questions relatives \u00e0 l'\u00e9clairage. Elle \u00e9labore de nouveaux mat\u00e9riels de test et d\u00e9veloppe des m\u00e9thodes d'entra\u00eenement et des aides optiques pour les personnes concern\u00e9es. Les aides optiques telles que les lunettes loupes ou les lampes sont adapt\u00e9es individuellement, vendues ou pr\u00eat\u00e9es \u00e0 titre d'essai.<\/p>\n\n\n\n<p>Les services sp\u00e9cialis\u00e9s fonctionnent en concertation, avec une boutique en ligne commune, mais constituent des divisions distinctes au sein de SZBLIND, avec des syst\u00e8mes de remise diff\u00e9rents pour la vente aux points de distribution.<\/p>","protected":false},"excerpt":{"rendered":"<p>\u00dcber uns Die Fachstellen Hilfsmittel und Low Vision sind f\u00fcr Sie da! Die Fachstellen Hilfsmittel und Low Vision des SZBLIND in Lenzburg sind mit unterschiedlichen Leistungen f\u00fcr Menschen mit Sehbehinderung, Blindheit, H\u00f6rsehbehinderung und Taubblindheit da. Die&nbsp;Fachstelle Hilfsmittel&nbsp;vertreibt Alltagshilfen f\u00fcr Menschen mit Sehbehinderung, H\u00f6rsehbehinderung, Blindheit oder Taubblindheit zum Beispiel aus den Bereichen Mobilit\u00e4t, Uhren, Audio oder [&hellip;]<\/p>\n","protected":false},"author":1,"featured_media":0,"parent":0,"menu_order":0,"comment_status":"closed","ping_status":"closed","template":"","meta":{"_acf_changed":false,"footnotes":""},"class_list":["post-1846","page","type-page","status-publish","hentry"],"acf":[],"_links":{"self":[{"href":"https:\/\/shop.szblind.ch\/fr\/wp-json\/wp\/v2\/pages\/1846","targetHints":{"allow":["GET"]}}],"collection":[{"href":"https:\/\/shop.szblind.ch\/fr\/wp-json\/wp\/v2\/pages"}],"about":[{"href":"https:\/\/shop.szblind.ch\/fr\/wp-json\/wp\/v2\/types\/page"}],"author":[{"embeddable":true,"href":"https:\/\/shop.szblind.ch\/fr\/wp-json\/wp\/v2\/users\/1"}],"replies":[{"embeddable":true,"href":"https:\/\/shop.szblind.ch\/fr\/wp-json\/wp\/v2\/comments?post=1846"}],"version-history":[{"count":6,"href":"https:\/\/shop.szblind.ch\/fr\/wp-json\/wp\/v2\/pages\/1846\/revisions"}],"predecessor-version":[{"id":41506,"href":"https:\/\/shop.szblind.ch\/fr\/wp-json\/wp\/v2\/pages\/1846\/revisions\/41506"}],"wp:attachment":[{"href":"https:\/\/shop.szblind.ch\/fr\/wp-json\/wp\/v2\/media?parent=1846"}],"curies":[{"name":"wp","href":"https:\/\/api.w.org\/{rel}","templated":true}]}}