{"id":3438,"date":"2025-05-27T08:38:24","date_gmt":"2025-05-27T08:38:24","guid":{"rendered":"https:\/\/pingwoo.szblind.ch\/?page_id=3438"},"modified":"2026-02-05T09:07:30","modified_gmt":"2026-02-05T09:07:30","slug":"centre-dexpertise-basse-vision","status":"publish","type":"page","link":"https:\/\/shop.szblind.ch\/fr\/ueber-uns\/fachstelle-low-vision\/","title":{"rendered":"Service sp\u00e9cialis\u00e9 Low Vision"},"content":{"rendered":"<div class=\"person frame-space-before-medium\">\n            <div class=\"image\">\n            <img decoding=\"async\" src=\"https:\/\/shop.szblind.ch\/wp-content\/uploads\/2025\/05\/Stephan-Moerker-2_HimiShop.jpg\" alt=\"Stephan M\u00f6rker\" class=\"team-member-image\">\n        <\/div>\n    \n    <div class=\"details\">\n                    <h2>Responsable du centre d'expertise Aides techniques, Basse Vision et Troubles de traitement visuel (CVI)<\/h2>\n                            <p class=\"team-member-name\">Stephan M\u00f6rker<\/p>\n                            <p class=\"team-member-email\">\n                <a href=\"mailto:s&#116;&#101;&#112;&#104;&#97;n.moer&#107;e&#114;&#64;&#115;&#122;b&#108;i&#110;&#100;.&#99;h\">stephan.moerker@szblind.ch<\/a>\n            <\/p>\n            <\/div>\n<\/div>\n\n\n\n\n\n\n\n<p class=\"mx-20\">Niederlenzer Kirchweg 1 <br> 5600 Lenzbourg <br> T\u00e9l\u00e9phone 062 888 28 50 <br><a href=\"mailto: lowvision@szblind.ch\"> lowvision@szblind.ch<\/a><\/p>\n\n\n\n<h3 class=\"wp-block-heading mt-0 mx-20\">Opticien sp\u00e9cialis\u00e9 en basse vision, centre de coordination pour les questions d'\u00e9clairage<\/h3>\n\n\n\n<p class=\"mx-20\">Cordelia Ehrhardt<\/p>\n\n\n\n<p><\/p>","protected":false},"excerpt":{"rendered":"<p>Niederlenzer Kirchweg 1 5600 Lenzburg Telefon 062 888 28 50 lowvision@szblind.ch Spezialisierter Augenoptiker in Low Vision, Koordinationsstelle f\u00fcr Beleuchtungsfragen Cordelia Ehrhardt<\/p>","protected":false},"author":1,"featured_media":0,"parent":1846,"menu_order":0,"comment_status":"closed","ping_status":"closed","template":"","meta":{"_acf_changed":false,"footnotes":""},"class_list":["post-3438","page","type-page","status-publish","hentry"],"acf":[],"_links":{"self":[{"href":"https:\/\/shop.szblind.ch\/fr\/wp-json\/wp\/v2\/pages\/3438","targetHints":{"allow":["GET"]}}],"collection":[{"href":"https:\/\/shop.szblind.ch\/fr\/wp-json\/wp\/v2\/pages"}],"about":[{"href":"https:\/\/shop.szblind.ch\/fr\/wp-json\/wp\/v2\/types\/page"}],"author":[{"embeddable":true,"href":"https:\/\/shop.szblind.ch\/fr\/wp-json\/wp\/v2\/users\/1"}],"replies":[{"embeddable":true,"href":"https:\/\/shop.szblind.ch\/fr\/wp-json\/wp\/v2\/comments?post=3438"}],"version-history":[{"count":22,"href":"https:\/\/shop.szblind.ch\/fr\/wp-json\/wp\/v2\/pages\/3438\/revisions"}],"predecessor-version":[{"id":42407,"href":"https:\/\/shop.szblind.ch\/fr\/wp-json\/wp\/v2\/pages\/3438\/revisions\/42407"}],"up":[{"embeddable":true,"href":"https:\/\/shop.szblind.ch\/fr\/wp-json\/wp\/v2\/pages\/1846"}],"wp:attachment":[{"href":"https:\/\/shop.szblind.ch\/fr\/wp-json\/wp\/v2\/media?parent=3438"}],"curies":[{"name":"wp","href":"https:\/\/api.w.org\/{rel}","templated":true}]}}