{"id":3505,"date":"2025-06-12T15:06:24","date_gmt":"2025-06-12T15:06:24","guid":{"rendered":"https:\/\/pingwoo.szblind.ch\/?page_id=3505"},"modified":"2025-06-13T07:08:48","modified_gmt":"2025-06-13T07:08:48","slug":"conseils-de-recherche","status":"publish","type":"page","link":"https:\/\/shop.szblind.ch\/fr\/searchtips\/","title":{"rendered":"Syntaxe de recherche"},"content":{"rendered":"<p>En principe, la recherche s'effectue exactement d'apr\u00e8s le terme de recherche saisi. Les majuscules et les minuscules sont ignor\u00e9es. Pour limiter le r\u00e9sultat de mani\u00e8re plus pr\u00e9cise, les possibilit\u00e9s suivantes sont \u00e0 disposition :<\/p>\n\n\n\n<figure class=\"wp-block-table\"><table class=\"has-fixed-layout\" style=\"border-style:none;border-width:0px\"><tbody><tr><td><strong>Recherche de plusieurs mots<\/strong><br>Par exemple, \u201c Pneu Auto \u201d<\/td><td>La recherche s'effectue sur des produits contenant \u00e0 la fois \u201cpneu\u201d et \u201cvoiture\u201d. Si aucun produit n'est trouv\u00e9, la recherche se fait sur des produits contenant \u201cpneu\u201d ou \u201cvoiture\u201d.<br><\/td><\/tr><tr><td><strong>&lt;and><\/strong><br>par exemple \u201c voiture  rouge \u201d<\/td><td>La recherche de produits contenant \u00e0 la fois \u201cvoiture\u201d et \u201crouge\u201d est effectu\u00e9e. Si aucun produit n'est trouv\u00e9, aucun r\u00e9sultat ne sera affich\u00e9.<\/td><\/tr><tr><td><strong>&lt;or><\/strong><br>par ex. \u201c rouge  vert \u201d<\/td><td>Il s'agit de rechercher des produits contenant au moins l'un des deux termes ou les deux.<\/td><\/tr><tr><td><strong>* (ast\u00e9risque)<\/strong><br>par ex. \u201c Bureau \u201d<br>par exemple \u201c machine \u201d<\/td><td>L'ast\u00e9risque (\u201c*\u201d) est utilis\u00e9 comme un espace r\u00e9serv\u00e9 pour toute cha\u00eene de caract\u00e8res. Si l'ast\u00e9risque est seul, tous les produits seront trouv\u00e9s.<br><br>On recherche des produits contenant un mot qui commence par \u201cbureau\u201d (par exemple, \u201cbureau\u201d).<br><br>On recherche des produits qui contiennent un mot se terminant par \u201cmaschine\u201d (par exemple \u201cBohrmaschine\u201d).<\/td><\/tr><tr><td><strong>&lt;not><\/strong><br>par exemple \u201c pas cher \u201d<\/td><td>Il s'agit de rechercher des produits qui ne contiennent pas un terme sp\u00e9cifique.<\/td><\/tr><tr><td><strong>parenth\u00e8ses rondes ( )<\/strong><br>par ex. \u201cVoiture  (bleu  rouge)\u201d<\/td><td>Les possibilit\u00e9s mentionn\u00e9es peuvent \u00eatre combin\u00e9es \u00e0 volont\u00e9. Elles sont trait\u00e9es de gauche \u00e0 droite. L'ordre peut \u00eatre modifi\u00e9 \u00e0 l'aide des parenth\u00e8ses. Dans l'exemple, la recherche porte sur une voiture bleue ou rouge.<\/td><\/tr><\/tbody><\/table><\/figure>\n\n\n\n<p><\/p>","protected":false},"excerpt":{"rendered":"<p>Grunds\u00e4tzlich wird bei der Suche exakt nach dem eingegebenen Suchbegriff gesucht. Die Gross- Kleinschreibung wird dabei ignoriert. Um das Resultat pr\u00e4ziser einzugrenzen stehen folgende M\u00f6glichkeiten zur Verf\u00fcgung: Suche nach mehreren W\u00f6rternz.B. &#8220;Pneu Auto&#8221; Es wird nach Produkten gesucht, welche sowohl &#8220;Pneu&#8221; wie auch &#8220;Auto&#8221; enthalten. Wird dabei kein Produkt gefunden, werden Produkte gesucht, die entweder [&hellip;]<\/p>\n","protected":false},"author":1,"featured_media":0,"parent":0,"menu_order":0,"comment_status":"closed","ping_status":"closed","template":"","meta":{"_acf_changed":false,"footnotes":""},"class_list":["post-3505","page","type-page","status-publish","hentry"],"acf":[],"_links":{"self":[{"href":"https:\/\/shop.szblind.ch\/fr\/wp-json\/wp\/v2\/pages\/3505","targetHints":{"allow":["GET"]}}],"collection":[{"href":"https:\/\/shop.szblind.ch\/fr\/wp-json\/wp\/v2\/pages"}],"about":[{"href":"https:\/\/shop.szblind.ch\/fr\/wp-json\/wp\/v2\/types\/page"}],"author":[{"embeddable":true,"href":"https:\/\/shop.szblind.ch\/fr\/wp-json\/wp\/v2\/users\/1"}],"replies":[{"embeddable":true,"href":"https:\/\/shop.szblind.ch\/fr\/wp-json\/wp\/v2\/comments?post=3505"}],"version-history":[{"count":6,"href":"https:\/\/shop.szblind.ch\/fr\/wp-json\/wp\/v2\/pages\/3505\/revisions"}],"predecessor-version":[{"id":3513,"href":"https:\/\/shop.szblind.ch\/fr\/wp-json\/wp\/v2\/pages\/3505\/revisions\/3513"}],"wp:attachment":[{"href":"https:\/\/shop.szblind.ch\/fr\/wp-json\/wp\/v2\/media?parent=3505"}],"curies":[{"name":"wp","href":"https:\/\/api.w.org\/{rel}","templated":true}]}}