{"id":3529,"date":"2025-06-13T11:23:03","date_gmt":"2025-06-13T11:23:03","guid":{"rendered":"https:\/\/pingwoo.szblind.ch\/?page_id=3529"},"modified":"2026-01-06T08:41:16","modified_gmt":"2026-01-06T08:41:16","slug":"mentions-legales","status":"publish","type":"page","link":"https:\/\/shop.szblind.ch\/fr\/impressum\/","title":{"rendered":"Mentions l\u00e9gales"},"content":{"rendered":"<h2 class=\"wp-block-heading\"><br>Contr\u00f4le du clavier<\/h2>\n\n\n\n<p>Les points de menu de ces pages sont accessibles par le clavier. Voici la liste des accesskeys de ces pages :<br>0 = Accueil<br>1 = Aller directement en haut de la page<br>2 = acc\u00e8s direct au contenu<br>3 = acc\u00e8s direct \u00e0 la navigation principale<br>4 = Acc\u00e8s direct au plan du site<br><br>5 = acc\u00e8s direct \u00e0 la recherche<br><br>Pour acc\u00e9der \u00e0 la page d'accueil, appuyez sur les touches Alt+0+Enter, pour le lien vers le contenu, appuyez sur les touches Alt+2+Enter, etc.<br>&nbsp;<\/p>\n\n\n\n<h2 class=\"wp-block-heading\">Convivialit\u00e9 et accessibilit\u00e9<\/h2>\n\n\n\n<p>Lors de la cr\u00e9ation de ces pages web, des aspects importants de la convivialit\u00e9 et de l'accessibilit\u00e9 ont \u00e9t\u00e9 pris en compte.<\/p>\n\n\n\n<h2 class=\"wp-block-heading\">Contact<\/h2>\n\n\n\n<p>UCBA Union centrale suisse pour le bien des aveugles UCBA<br>Sch\u00fctzengasse 4<br>9000 St. Gallen<br><br>T\u00e9l\u00e9phone : 071 223 36 36<br>T\u00e9l\u00e9copieur : 071 222 73 18<br>\u00a0<\/p>\n\n\n\n<h2 class=\"wp-block-heading\">R\u00e9alisation<\/h2>\n\n\n\n<p>Ping Internet Agentur AG<br>Talhofstrasse 11<br>9000 St. Gallen<br><br>T\u00e9l\u00e9phone : 071 566 91 00<br><a href=\"http:\/\/www.pingag.ch\/\" target=\"_blank\" rel=\"noreferrer noopener\">www.pingag.ch<\/a><\/p>","protected":false},"excerpt":{"rendered":"<p>Tastatur-Steuerung Die Menupunkte auf diesen Seiten k\u00f6nnen per Tastatur angesteuert werden. Hier sehen Sie die Aufstellung der Accesskeys dieser Seiten:0 = Home1 = Direkt zum Seitenanfang2 = Direkt zum Inhalt3 = Direkt zur Hauptnavigation4 = Direkt zur Sitemap 5 = Direkt zur Suche Um auf die Startseite zu gelangen, dr\u00fccken Sie auf die Tasten Alt+0+Enter, [&hellip;]<\/p>\n","protected":false},"author":1,"featured_media":0,"parent":0,"menu_order":0,"comment_status":"closed","ping_status":"closed","template":"template-fullwidth.php","meta":{"_acf_changed":false,"footnotes":""},"class_list":["post-3529","page","type-page","status-publish","hentry"],"acf":[],"_links":{"self":[{"href":"https:\/\/shop.szblind.ch\/fr\/wp-json\/wp\/v2\/pages\/3529","targetHints":{"allow":["GET"]}}],"collection":[{"href":"https:\/\/shop.szblind.ch\/fr\/wp-json\/wp\/v2\/pages"}],"about":[{"href":"https:\/\/shop.szblind.ch\/fr\/wp-json\/wp\/v2\/types\/page"}],"author":[{"embeddable":true,"href":"https:\/\/shop.szblind.ch\/fr\/wp-json\/wp\/v2\/users\/1"}],"replies":[{"embeddable":true,"href":"https:\/\/shop.szblind.ch\/fr\/wp-json\/wp\/v2\/comments?post=3529"}],"version-history":[{"count":3,"href":"https:\/\/shop.szblind.ch\/fr\/wp-json\/wp\/v2\/pages\/3529\/revisions"}],"predecessor-version":[{"id":41305,"href":"https:\/\/shop.szblind.ch\/fr\/wp-json\/wp\/v2\/pages\/3529\/revisions\/41305"}],"wp:attachment":[{"href":"https:\/\/shop.szblind.ch\/fr\/wp-json\/wp\/v2\/media?parent=3529"}],"curies":[{"name":"wp","href":"https:\/\/api.w.org\/{rel}","templated":true}]}}