{"id":3579,"date":"2025-06-18T13:51:32","date_gmt":"2025-06-18T13:51:32","guid":{"rendered":"https:\/\/pingwoo.szblind.ch\/?page_id=3579"},"modified":"2025-06-30T09:29:40","modified_gmt":"2025-06-30T09:29:40","slug":"formulaire-de-commande","status":"publish","type":"page","link":"https:\/\/shop.szblind.ch\/fr\/bestellformular\/","title":{"rendered":"Formulaire de commande"},"content":{"rendered":"<div class=\"wpcf7 no-js\" id=\"wpcf7-f3555-o1\" lang=\"en-US\" dir=\"ltr\" data-wpcf7-id=\"3555\">\n<div class=\"screen-reader-response\"><p role=\"status\" aria-live=\"polite\" aria-atomic=\"true\"><\/p> <ul><\/ul><\/div>\n<form action=\"\/fr\/wp-json\/wp\/v2\/pages\/3579#wpcf7-f3555-o1\" method=\"post\" class=\"wpcf7-form init\" aria-label=\"Contact form\" enctype=\"multipart\/form-data\" novalidate=\"novalidate\" data-status=\"init\" data-trp-original-action=\"\/fr\/wp-json\/wp\/v2\/pages\/3579#wpcf7-f3555-o1\">\n<fieldset class=\"hidden-fields-container\"><input type=\"hidden\" name=\"_wpcf7\" value=\"3555\" \/><input type=\"hidden\" name=\"_wpcf7_version\" value=\"6.1.5\" \/><input type=\"hidden\" name=\"_wpcf7_locale\" value=\"en_US\" \/><input type=\"hidden\" name=\"_wpcf7_unit_tag\" value=\"wpcf7-f3555-o1\" \/><input type=\"hidden\" name=\"_wpcf7_container_post\" value=\"0\" \/><input type=\"hidden\" name=\"_wpcf7_posted_data_hash\" value=\"\" \/>\n<\/fieldset>\n<div class=\"wpcf7-turnstile cf-turnstile\" data-sitekey=\"0x4AAAAAAB4C8sWL86rqoCwF\" data-response-field-name=\"_wpcf7_turnstile_response\"><\/div>\n\n<fieldset>\n\t<legend>Demande ou Commande\n\t<\/legend>\n\t<p><span class=\"wpcf7-form-control-wrap\" data-name=\"anfrage-bestellung\"><span class=\"wpcf7-form-control wpcf7-radio\"><span class=\"wpcf7-list-item first\"><label><input type=\"radio\" name=\"anfrage-bestellung\" value=\"Anfrage\" \/><span class=\"wpcf7-list-item-label\">Demande<\/span><\/label><\/span><span class=\"wpcf7-list-item last\"><label><input type=\"radio\" name=\"anfrage-bestellung\" value=\"Bestellung\" \/><span class=\"wpcf7-list-item-label\">Commande<\/span><\/label><\/span><\/span><\/span>\n\t<\/p>\n<\/fieldset>\n<h3>Donn\u00e9es personnelles\n<\/h3>\n<p><label>Titre de civilit\u00e9*<\/label><br \/>\n<span class=\"wpcf7-form-control-wrap\" data-name=\"anrede\"><select class=\"wpcf7-form-control wpcf7-select wpcf7-validates-as-required\" aria-required=\"true\" aria-invalid=\"false\" name=\"anrede\"><option value=\"Bitte w\u00e4hlen Sie eine Option\">Choisier un titre de civilit\u00e9<\/option><option value=\"Herr\">Monsieur<\/option><option value=\"Frau\">Madame<\/option><option value=\"Divers\">Neutre<\/option><\/select><\/span>\n<\/p>\n<p><label>Pr\u00e9nom*<\/label><br \/>\n<span class=\"wpcf7-form-control-wrap\" data-name=\"vorname\"><input size=\"40\" maxlength=\"400\" class=\"wpcf7-form-control wpcf7-text wpcf7-validates-as-required\" aria-required=\"true\" aria-invalid=\"false\" value=\"\" type=\"text\" name=\"vorname\" \/><\/span>\n<\/p>\n<p><label>Nom*<\/label><br \/>\n<span class=\"wpcf7-form-control-wrap\" data-name=\"your-name\"><input size=\"40\" maxlength=\"400\" class=\"wpcf7-form-control wpcf7-text wpcf7-validates-as-required\" aria-required=\"true\" aria-invalid=\"false\" value=\"\" type=\"text\" name=\"your-name\" \/><\/span>\n<\/p>\n<p><label>Adresse*<\/label><br \/>\n<span class=\"wpcf7-form-control-wrap\" data-name=\"adresse\"><input size=\"40\" maxlength=\"400\" class=\"wpcf7-form-control wpcf7-text wpcf7-validates-as-required\" aria-required=\"true\" aria-invalid=\"false\" value=\"\" type=\"text\" name=\"adresse\" \/><\/span>\n<\/p>\n<p><label>Code postal \/ Lieu*<\/label><br \/>\n<span class=\"wpcf7-form-control-wrap\" data-name=\"plz-ort\"><input size=\"40\" maxlength=\"400\" class=\"wpcf7-form-control wpcf7-text wpcf7-validates-as-required\" aria-required=\"true\" aria-invalid=\"false\" value=\"\" type=\"text\" name=\"plz-ort\" \/><\/span>\n<\/p>\n<p><label>Num\u00e9ro de t\u00e9l\u00e9phone<\/label><br \/>\n<span class=\"wpcf7-form-control-wrap\" data-name=\"telefon\"><input size=\"40\" maxlength=\"400\" class=\"wpcf7-form-control wpcf7-tel wpcf7-text wpcf7-validates-as-tel\" aria-invalid=\"false\" value=\"\" type=\"tel\" name=\"telefon\" \/><\/span>\n<\/p>\n<p><label>E-mail*<\/label><br \/>\n<span class=\"wpcf7-form-control-wrap\" data-name=\"your-email\"><input size=\"40\" maxlength=\"400\" class=\"wpcf7-form-control wpcf7-email wpcf7-validates-as-required wpcf7-text wpcf7-validates-as-email\" aria-required=\"true\" aria-invalid=\"false\" value=\"\" type=\"email\" name=\"your-email\" \/><\/span>\n<\/p>\n<div id=\"einwilligung-wrapper\" class=\"d-none\">\n\t<p><span class=\"wpcf7-form-control-wrap\" data-name=\"einwilligung\"><span class=\"wpcf7-form-control wpcf7-checkbox\"><span class=\"wpcf7-list-item first last\"><label><input type=\"checkbox\" name=\"einwilligung[]\" value=\"Sie erteilen uns mit diesem Auftrag die Einwilligung Ihre Personendaten oder die Daten der Person, f\u00fcr die Sie bestellen, f\u00fcr alle erforderlichen organisatorischen und administrativen Aufgaben (Administration, Vers\u00e4nde, Dokumentation etc.) zu bearbeiten. Zudem willigen Sie ein, dass die Personendaten an Dritte (z.B. IV-Stellen, Zentrale Ausgleichsstelle ZAS, etc.) bekanntgegeben werden d\u00fcrfen, welche Aufgaben im Zusammenhang mit der Verrechnung \u00fcbernehmen. Falls Sie im Auftrag einer Person diese Bestellung aufgeben, sind Sie damit einverstanden, diese Person \u00fcber den Inhalt dieses Textes zu informieren.\" \/><span class=\"wpcf7-list-item-label\">Par cette commande, vous nous autorisez \u00e0 traiter vos donn\u00e9es personnelles ou les donn\u00e9es de la personne pour laquelle vous passez commande, pour toutes les t\u00e2ches organisationnelles et administratives n\u00e9cessaires (administration, envois, documentation, etc.). Vous consentez en outre \u00e0 ce que ces donn\u00e9es personnelles soient communiqu\u00e9es \u00e0 des tiers (p. ex. offices AI, Centrale de compensation CdC, etc.) qui assument des t\u00e2ches li\u00e9es \u00e0 la facturation. Si vous effectuez cette commande au nom d'une personne, vous vous engagez \u00e0 transmettre cette information \u00e0 la personne concern\u00e9e.<\/span><\/label><\/span><\/span><\/span>\n\t<\/p>\n<\/div>\n<p class=\"small-text agb-text\">Vous trouvez ici <a href=\"https:\/\/shop.szblind.ch\/fr\/conditions-generales-de-vente-agb\/\" target=\"_blank\">les CGV.<\/a>.\n<\/p>\n<p><label>T\u00e9l\u00e9charger le document<\/label><br \/>\n<span class=\"wpcf7-form-control-wrap\" data-name=\"upload\"><input size=\"40\" class=\"wpcf7-form-control wpcf7-file\" accept=\".pdf,.doc,.docx,.jpg,.png\" aria-invalid=\"false\" type=\"file\" name=\"upload\" \/><\/span>\n<\/p>\n<p><label>Commentaire<\/label><br \/>\n<span class=\"wpcf7-form-control-wrap\" data-name=\"kommentar\"><textarea cols=\"40\" rows=\"10\" maxlength=\"2000\" class=\"wpcf7-form-control wpcf7-textarea\" aria-invalid=\"false\" name=\"kommentar\"><\/textarea><\/span>\n<\/p>\n<p><span id=\"wpcf7-69e31eec15eff-wrapper\" class=\"wpcf7-form-control-wrap honeypot-123-wrap\" style=\"display:none !important; visibility:hidden !important;\"><label for=\"wpcf7-69e31eec15eff-field\" class=\"hp-message\">Please leave this field empty.<\/label><input id=\"wpcf7-69e31eec15eff-field\"  class=\"wpcf7-form-control wpcf7-text\" type=\"text\" name=\"honeypot-123\" value=\"\" size=\"40\" tabindex=\"-1\" autocomplete=\"off\" \/><\/span>\n<\/p>\n<p><input class=\"wpcf7-form-control wpcf7-submit has-spinner\" type=\"submit\" value=\"Envoyer\" \/>\n<\/p><div class=\"wpcf7-response-output\" aria-hidden=\"true\"><\/div>\n<input type=\"hidden\" name=\"trp-form-language\" value=\"fr\"\/><\/form>\n<\/div>\n\n\n\n\n<div id=\"cf7-success-data\" style=\"display: none; margin-top: 20px;\"><\/div>","protected":false},"excerpt":{"rendered":"","protected":false},"author":1,"featured_media":0,"parent":0,"menu_order":0,"comment_status":"closed","ping_status":"closed","template":"template-fullwidth.php","meta":{"_acf_changed":false,"footnotes":""},"class_list":["post-3579","page","type-page","status-publish","hentry"],"acf":[],"_links":{"self":[{"href":"https:\/\/shop.szblind.ch\/fr\/wp-json\/wp\/v2\/pages\/3579","targetHints":{"allow":["GET"]}}],"collection":[{"href":"https:\/\/shop.szblind.ch\/fr\/wp-json\/wp\/v2\/pages"}],"about":[{"href":"https:\/\/shop.szblind.ch\/fr\/wp-json\/wp\/v2\/types\/page"}],"author":[{"embeddable":true,"href":"https:\/\/shop.szblind.ch\/fr\/wp-json\/wp\/v2\/users\/1"}],"replies":[{"embeddable":true,"href":"https:\/\/shop.szblind.ch\/fr\/wp-json\/wp\/v2\/comments?post=3579"}],"version-history":[{"count":2,"href":"https:\/\/shop.szblind.ch\/fr\/wp-json\/wp\/v2\/pages\/3579\/revisions"}],"predecessor-version":[{"id":3656,"href":"https:\/\/shop.szblind.ch\/fr\/wp-json\/wp\/v2\/pages\/3579\/revisions\/3656"}],"wp:attachment":[{"href":"https:\/\/shop.szblind.ch\/fr\/wp-json\/wp\/v2\/media?parent=3579"}],"curies":[{"name":"wp","href":"https:\/\/api.w.org\/{rel}","templated":true}]}}