{"id":9,"date":"2025-04-11T06:56:23","date_gmt":"2025-04-11T06:56:23","guid":{"rendered":"https:\/\/pingwoo.szblind.ch\/?page_id=9"},"modified":"2025-05-21T12:43:54","modified_gmt":"2025-05-21T12:43:54","slug":"boutique","status":"publish","type":"page","link":"https:\/\/shop.szblind.ch\/fr\/shop\/","title":{"rendered":"Boutique"},"content":{"rendered":"<div class=\"woocommerce columns-4\"><\/div>\n\n\n\n<h2 class=\"wp-block-heading\">Nos meilleures ventes<a href=\"https:\/\/hilfsmittelshop.szblind.ch\/de\/A~10.231~1\/Jasskarten-Deutschschweiz\/Grosse-Zeichen-LV\"><\/a><\/h2>\n\n\n<div class=\"woocommerce columns-3\"><ul class=\"products columns-3\">\n<li class=\"product type-product post-1188 status-publish first outofstock product_cat-748sprachausgabe product_cat-0uhren has-post-thumbnail featured taxable shipping-taxable purchasable product-type-variable\">\n\t<a href=\"https:\/\/shop.szblind.ch\/fr\/produkt\/keychain\/\" class=\"woocommerce-LoopProduct-link woocommerce-loop-product__link\"><img loading=\"lazy\" decoding=\"async\" width=\"324\" height=\"324\" src=\"https:\/\/shop.szblind.ch\/wp-content\/uploads\/2025\/12\/609_3_1_07_701_g-324x324.jpg\" class=\"attachment-woocommerce_thumbnail size-woocommerce_thumbnail\" alt=\"07_701_g.jpg\" srcset=\"https:\/\/shop.szblind.ch\/wp-content\/uploads\/2025\/12\/609_3_1_07_701_g-324x324.jpg 324w, https:\/\/shop.szblind.ch\/wp-content\/uploads\/2025\/12\/609_3_1_07_701_g-150x150.jpg 150w, https:\/\/shop.szblind.ch\/wp-content\/uploads\/2025\/12\/609_3_1_07_701_g-100x100.jpg 100w\" sizes=\"auto, (max-width: 324px) 100vw, 324px\" \/><h3 class=\"woocommerce-loop-product__title\">Porte-cl&eacute; Keychain <\/h3><div class=\"product-sku\">N\u00b0 de produit : 07.700<\/div>\n\t<span class=\"price\"><span class=\"woocommerce-Price-amount amount\"><bdi><span class=\"woocommerce-Price-currencySymbol\">CHF<\/span>&nbsp;30.00<\/bdi><\/span><span class=\"per-piece\">\/stk<\/span><\/span>\n<div class=\"mwst-text\">TVA incluse<\/div><\/a><a href=\"https:\/\/shop.szblind.ch\/fr\/produkt\/keychain\/\" aria-describedby=\"woocommerce_loop_add_to_cart_link_describedby_1188\" data-quantity=\"1\" class=\"button product_type_variable\" data-product_id=\"1188\" data-product_sku=\"07.700\" aria-label=\"S\u00e9lectionner les options pour \u201cSchl\u00fcsselanh\u00e4nger digital\u201d\" rel=\"nofollow\" data-no-translation-aria-label=\"\">Afficher les variantes<\/a>\t<span id=\"woocommerce_loop_add_to_cart_link_describedby_1188\" class=\"screen-reader-text\">\n\t\tCe produit a plusieurs variations. Les options peuvent \u00eatre choisies sur la page du produit\t<\/span>\n<\/li><li class=\"product type-product post-41829 status-publish instock product_cat-0kennzeichnung product_cat-752westen has-post-thumbnail taxable shipping-taxable purchasable product-type-simple\">\n\t<a href=\"https:\/\/shop.szblind.ch\/fr\/produkt\/unterarmbinde\/\" class=\"woocommerce-LoopProduct-link woocommerce-loop-product__link\"><img loading=\"lazy\" decoding=\"async\" width=\"324\" height=\"324\" src=\"https:\/\/shop.szblind.ch\/wp-content\/uploads\/2025\/12\/43_0_1_01_939-324x324.jpg\" class=\"attachment-woocommerce_thumbnail size-woocommerce_thumbnail\" alt=\"01_939.jpg\" srcset=\"https:\/\/shop.szblind.ch\/wp-content\/uploads\/2025\/12\/43_0_1_01_939-324x324.jpg 324w, https:\/\/shop.szblind.ch\/wp-content\/uploads\/2025\/12\/43_0_1_01_939-150x150.jpg 150w, https:\/\/shop.szblind.ch\/wp-content\/uploads\/2025\/12\/43_0_1_01_939-100x100.jpg 100w\" sizes=\"auto, (max-width: 324px) 100vw, 324px\" \/><h3 class=\"woocommerce-loop-product__title\">Bandeau pour blinde, r\u00e9fl\u00e9chissant, velcro, orange<\/h3><div class=\"product-sku\">N\u00b0 de produit : 01.939<\/div>\n\t<span class=\"price\"><span class=\"woocommerce-Price-amount amount\"><bdi><span class=\"woocommerce-Price-currencySymbol\">CHF<\/span>&nbsp;0.00<\/bdi><\/span><span class=\"per-piece\">\/stk<\/span><\/span>\n<div class=\"mwst-text\">TVA incluse<\/div><\/a><form class=\"cart\" method=\"post\" enctype=\"multipart\/form-data\" action=\"\"><input type=\"hidden\" name=\"add-to-cart\" value=\"41829\"><div class=\"custom-quantity-wrapper\"><label class=\"screen-reader-text\" for=\"quantity_41829\">Bandeau pour avant-bras Blindensigner\u00e9fl\u00e9chissant, fermeture velcro, orange Quantit\u00e9<\/label><input id=\"quantity_41829\" type=\"number\" name=\"quantity_41829\" aria-label=\"Quantit\u00e9 de produit\" class=\"qty\" value=\"1\" min=\"1\" max=\"546\"><button type=\"button\" aria-label=\"+\" class=\"qty-btn plus\"><\/button><button type=\"button\" aria-label=\"-\" class=\"qty-btn minus\"><\/button><\/div><button type=\"submit\" class=\"button add_to_cart_button ajax_add_to_cart\" aria-label=\"Ajouter au panier\" > <\/button><input type=\"hidden\" name=\"trp-form-language\" value=\"fr\"\/><\/form><\/li><li class=\"product type-product post-1070 status-publish last outofstock product_cat-0mobilitt product_cat-747signalstcke has-post-thumbnail taxable shipping-taxable purchasable product-type-variable\">\n\t<a href=\"https:\/\/shop.szblind.ch\/fr\/produkt\/signalstock-ambutech-variante\/\" class=\"woocommerce-LoopProduct-link woocommerce-loop-product__link\"><img loading=\"lazy\" decoding=\"async\" width=\"324\" height=\"324\" src=\"https:\/\/shop.szblind.ch\/wp-content\/uploads\/2025\/12\/542_0_1_01_016_g-324x324.jpg\" class=\"attachment-woocommerce_thumbnail size-woocommerce_thumbnail\" alt=\"01_016_g.jpg\" srcset=\"https:\/\/shop.szblind.ch\/wp-content\/uploads\/2025\/12\/542_0_1_01_016_g-324x324.jpg 324w, https:\/\/shop.szblind.ch\/wp-content\/uploads\/2025\/12\/542_0_1_01_016_g-150x150.jpg 150w, https:\/\/shop.szblind.ch\/wp-content\/uploads\/2025\/12\/542_0_1_01_016_g-100x100.jpg 100w\" sizes=\"auto, (max-width: 324px) 100vw, 324px\" \/><h3 class=\"woocommerce-loop-product__title\">Signalstock Ambutech LOT 201610<\/h3><div class=\"product-sku\">N\u00b0 de produit : 01.016<\/div>\n\t<span class=\"price\"><span class=\"woocommerce-Price-amount amount\"><bdi><span class=\"woocommerce-Price-currencySymbol\">CHF<\/span>&nbsp;59.00<\/bdi><\/span><span class=\"per-piece\">\/stk<\/span><\/span>\n<div class=\"mwst-text\">TVA incluse<\/div><\/a><a href=\"https:\/\/shop.szblind.ch\/fr\/produkt\/signalstock-ambutech-variante\/\" aria-describedby=\"woocommerce_loop_add_to_cart_link_describedby_1070\" data-quantity=\"1\" class=\"button product_type_variable\" data-product_id=\"1070\" data-product_sku=\"01.016\" aria-label=\"S\u00e9lectionner les options pour \u201cSignalstock AmbutechLOT 201610\u201d\" rel=\"nofollow\" data-no-translation-aria-label=\"\">Afficher les variantes<\/a>\t<span id=\"woocommerce_loop_add_to_cart_link_describedby_1070\" class=\"screen-reader-text\">\n\t\tCe produit a plusieurs variations. Les options peuvent \u00eatre choisies sur la page du produit\t<\/span>\n<\/li><li class=\"product type-product post-1059 status-publish first outofstock product_cat-747langstcke product_cat-0mobilitt has-post-thumbnail taxable shipping-taxable purchasable product-type-variable\">\n\t<a href=\"https:\/\/shop.szblind.ch\/fr\/produkt\/langstock-ambutech-variante\/\" class=\"woocommerce-LoopProduct-link woocommerce-loop-product__link\"><img loading=\"lazy\" decoding=\"async\" width=\"324\" height=\"324\" src=\"https:\/\/shop.szblind.ch\/wp-content\/uploads\/2025\/12\/1019_0_1_01_361_g-324x324.jpg\" class=\"attachment-woocommerce_thumbnail size-woocommerce_thumbnail\" alt=\"01_361_g.jpg\" srcset=\"https:\/\/shop.szblind.ch\/wp-content\/uploads\/2025\/12\/1019_0_1_01_361_g-324x324.jpg 324w, https:\/\/shop.szblind.ch\/wp-content\/uploads\/2025\/12\/1019_0_1_01_361_g-150x150.jpg 150w, https:\/\/shop.szblind.ch\/wp-content\/uploads\/2025\/12\/1019_0_1_01_361_g-100x100.jpg 100w\" sizes=\"auto, (max-width: 324px) 100vw, 324px\" \/><h3 class=\"woocommerce-loop-product__title\">Canne longue Ambutech standard pliable, crochet<\/h3><div class=\"product-sku\">N\u00b0 de produit : 01.020<\/div>\n\t<span class=\"price\"><span class=\"woocommerce-Price-amount amount\"><bdi><span class=\"woocommerce-Price-currencySymbol\">CHF<\/span>&nbsp;80.65<\/bdi><\/span><span class=\"per-piece\">\/stk<\/span><\/span>\n<div class=\"mwst-text\">TVA incluse<\/div><\/a><a href=\"https:\/\/shop.szblind.ch\/fr\/produkt\/langstock-ambutech-variante\/\" aria-describedby=\"woocommerce_loop_add_to_cart_link_describedby_1059\" data-quantity=\"1\" class=\"button product_type_variable\" data-product_id=\"1059\" data-product_sku=\"01.020\" aria-label=\"S\u00e9lectionner les options pour \u201cLangstock Ambutech standardfaltbar, Haken\u201d\" rel=\"nofollow\" data-no-translation-aria-label=\"\">Afficher les variantes<\/a>\t<span id=\"woocommerce_loop_add_to_cart_link_describedby_1059\" class=\"screen-reader-text\">\n\t\tCe produit a plusieurs variations. Les options peuvent \u00eatre choisies sur la page du produit\t<\/span>\n<\/li><li class=\"product type-product post-1104 status-publish outofstock product_cat-747langstcke product_cat-0mobilitt has-post-thumbnail taxable shipping-taxable purchasable product-type-variable\">\n\t<a href=\"https:\/\/shop.szblind.ch\/fr\/produkt\/cz-langstock-variante\/\" class=\"woocommerce-LoopProduct-link woocommerce-loop-product__link\"><img loading=\"lazy\" decoding=\"async\" width=\"324\" height=\"324\" src=\"https:\/\/shop.szblind.ch\/wp-content\/uploads\/2025\/12\/17_7_1_01_030_g-324x324.jpg\" class=\"attachment-woocommerce_thumbnail size-woocommerce_thumbnail\" alt=\"01_030_g.jpg\" srcset=\"https:\/\/shop.szblind.ch\/wp-content\/uploads\/2025\/12\/17_7_1_01_030_g-324x324.jpg 324w, https:\/\/shop.szblind.ch\/wp-content\/uploads\/2025\/12\/17_7_1_01_030_g-150x150.jpg 150w, https:\/\/shop.szblind.ch\/wp-content\/uploads\/2025\/12\/17_7_1_01_030_g-100x100.jpg 100w\" sizes=\"auto, (max-width: 324px) 100vw, 324px\" \/><h3 class=\"woocommerce-loop-product__title\">Canne longue Svarovsky pliable, 5 sections, crochet<\/h3><div class=\"product-sku\">N\u00b0 de produit : 01.030<\/div>\n\t<span class=\"price\"><span class=\"woocommerce-Price-amount amount\" aria-hidden=\"true\"><bdi><span class=\"woocommerce-Price-currencySymbol\">&#67;&#72;&#70;<\/span>&nbsp;102.50<\/bdi><\/span> <span aria-hidden=\"true\">\u00a0\u2013\u00a0<\/span> <span class=\"woocommerce-Price-amount amount\" aria-hidden=\"true\"><bdi><span class=\"woocommerce-Price-currencySymbol\">&#67;&#72;&#70;<\/span>&nbsp;123.50<\/bdi><\/span><span class=\"screen-reader-text\" data-no-translation=\"\" data-trp-gettext=\"\">Plage de prix\u00a0: &#67;&#72;&#70;&nbsp;102.50 \u00e0 &#67;&#72;&#70;&nbsp;123.50<\/span><span class=\"per-piece\">\/stk<\/span><\/span>\n<div class=\"mwst-text\">TVA incluse<\/div><\/a><a href=\"https:\/\/shop.szblind.ch\/fr\/produkt\/cz-langstock-variante\/\" aria-describedby=\"woocommerce_loop_add_to_cart_link_describedby_1104\" data-quantity=\"1\" class=\"button product_type_variable\" data-product_id=\"1104\" data-product_sku=\"01.030\" aria-label=\"S\u00e9lectionner les options pour \u201cLangstock Svarovskyfaltbar, 5-teilig, Haken\u201d\" rel=\"nofollow\" data-no-translation-aria-label=\"\">Afficher les variantes<\/a>\t<span id=\"woocommerce_loop_add_to_cart_link_describedby_1104\" class=\"screen-reader-text\">\n\t\tCe produit a plusieurs variations. Les options peuvent \u00eatre choisies sur la page du produit\t<\/span>\n<\/li><li class=\"product type-product post-42178 status-publish last instock product_cat-0papeterie product_cat-753schreibhilfen has-post-thumbnail taxable shipping-taxable purchasable product-type-simple\">\n\t<a href=\"https:\/\/shop.szblind.ch\/fr\/produkt\/ucba-u-schablone\/\" class=\"woocommerce-LoopProduct-link woocommerce-loop-product__link\"><img loading=\"lazy\" decoding=\"async\" width=\"324\" height=\"324\" src=\"https:\/\/shop.szblind.ch\/wp-content\/uploads\/2025\/12\/1040_0_1_04_952_g-324x324.jpg\" class=\"attachment-woocommerce_thumbnail size-woocommerce_thumbnail\" alt=\"04_952_g.jpg\" srcset=\"https:\/\/shop.szblind.ch\/wp-content\/uploads\/2025\/12\/1040_0_1_04_952_g-324x324.jpg 324w, https:\/\/shop.szblind.ch\/wp-content\/uploads\/2025\/12\/1040_0_1_04_952_g-150x150.jpg 150w, https:\/\/shop.szblind.ch\/wp-content\/uploads\/2025\/12\/1040_0_1_04_952_g-100x100.jpg 100w\" sizes=\"auto, (max-width: 324px) 100vw, 324px\" \/><h3 class=\"woocommerce-loop-product__title\">Aide \u00e0 l'\u00e9criture pour signature SZBlind plastique, 1 ligne<\/h3><div class=\"product-sku\">N\u00b0 de produit : 04.952<\/div>\n\t<span class=\"price\"><span class=\"woocommerce-Price-amount amount\"><bdi><span class=\"woocommerce-Price-currencySymbol\">CHF<\/span>&nbsp;0.00<\/bdi><\/span><span class=\"per-piece\">\/stk<\/span><\/span>\n<div class=\"mwst-text\">TVA incluse<\/div><\/a><form class=\"cart\" method=\"post\" enctype=\"multipart\/form-data\" action=\"\"><input type=\"hidden\" name=\"add-to-cart\" value=\"42178\"><div class=\"custom-quantity-wrapper\"><label class=\"screen-reader-text\" for=\"quantity_42178\">Aide \u00e0 l'\u00e9criture pour signature SZBlindKunststoff, 1 ligne Quantit\u00e9<\/label><input id=\"quantity_42178\" type=\"number\" name=\"quantity_42178\" aria-label=\"Quantit\u00e9 de produit\" class=\"qty\" value=\"1\" min=\"1\" max=\"3596\"><button type=\"button\" aria-label=\"+\" class=\"qty-btn plus\"><\/button><button type=\"button\" aria-label=\"-\" class=\"qty-btn minus\"><\/button><\/div><button type=\"submit\" class=\"button add_to_cart_button ajax_add_to_cart\" aria-label=\"Ajouter au panier\" > <\/button><input type=\"hidden\" name=\"trp-form-language\" value=\"fr\"\/><\/form><\/li><li class=\"product type-product post-338 status-publish first instock product_cat-0mobilitt product_cat-747zubehr-langstcke has-post-thumbnail taxable shipping-taxable purchasable product-type-simple\">\n\t<a href=\"https:\/\/shop.szblind.ch\/fr\/produkt\/kunststoffspitze-4\/\" class=\"woocommerce-LoopProduct-link woocommerce-loop-product__link\"><img loading=\"lazy\" decoding=\"async\" width=\"324\" height=\"324\" src=\"https:\/\/shop.szblind.ch\/wp-content\/uploads\/2025\/12\/642_0_1_01_741_g-324x324.jpg\" class=\"attachment-woocommerce_thumbnail size-woocommerce_thumbnail\" alt=\"01_741_g.jpg\" srcset=\"https:\/\/shop.szblind.ch\/wp-content\/uploads\/2025\/12\/642_0_1_01_741_g-324x324.jpg 324w, https:\/\/shop.szblind.ch\/wp-content\/uploads\/2025\/12\/642_0_1_01_741_g-150x150.jpg 150w, https:\/\/shop.szblind.ch\/wp-content\/uploads\/2025\/12\/642_0_1_01_741_g-100x100.jpg 100w\" sizes=\"auto, (max-width: 324px) 100vw, 324px\" \/><h3 class=\"woocommerce-loop-product__title\">Pointe en plastique Ambutech 56 mm blanc rotatif, LOT 200435AT<\/h3><div class=\"product-sku\">N\u00b0 de produit : 01.741<\/div>\n\t<span class=\"price\"><span class=\"woocommerce-Price-amount amount\"><bdi><span class=\"woocommerce-Price-currencySymbol\">CHF<\/span>&nbsp;50.60<\/bdi><\/span><span class=\"per-piece\">\/stk<\/span><\/span>\n<div class=\"mwst-text\">TVA incluse<\/div><\/a><form class=\"cart\" method=\"post\" enctype=\"multipart\/form-data\" action=\"\"><input type=\"hidden\" name=\"add-to-cart\" value=\"338\"><div class=\"custom-quantity-wrapper\"><label class=\"screen-reader-text\" for=\"quantity_338\">Embout plastique Ambutech 56mm blanc rotatif, LOT 200435AT Quantit\u00e9<\/label><input id=\"quantity_338\" type=\"number\" name=\"quantity_338\" aria-label=\"Quantit\u00e9 de produit\" class=\"qty\" value=\"1\" min=\"1\" max=\"148\"><button type=\"button\" aria-label=\"+\" class=\"qty-btn plus\"><\/button><button type=\"button\" aria-label=\"-\" class=\"qty-btn minus\"><\/button><\/div><button type=\"submit\" class=\"button add_to_cart_button ajax_add_to_cart\" aria-label=\"Ajouter au panier\" > <\/button><input type=\"hidden\" name=\"trp-form-language\" value=\"fr\"\/><\/form><\/li><li class=\"product type-product post-41867 status-publish instock product_cat-0kennzeichnung product_cat-752westen has-post-thumbnail taxable shipping-taxable purchasable product-type-simple\">\n\t<a href=\"https:\/\/shop.szblind.ch\/fr\/produkt\/weste\/\" class=\"woocommerce-LoopProduct-link woocommerce-loop-product__link\"><img loading=\"lazy\" decoding=\"async\" width=\"324\" height=\"324\" src=\"https:\/\/shop.szblind.ch\/wp-content\/uploads\/2025\/12\/c46672d5-3f89-3054-ba79-5191f3120b3b_01_940_g-324x324.jpg\" class=\"attachment-woocommerce_thumbnail size-woocommerce_thumbnail\" alt=\"01_940_g.jpg\" srcset=\"https:\/\/shop.szblind.ch\/wp-content\/uploads\/2025\/12\/c46672d5-3f89-3054-ba79-5191f3120b3b_01_940_g-324x324.jpg 324w, https:\/\/shop.szblind.ch\/wp-content\/uploads\/2025\/12\/c46672d5-3f89-3054-ba79-5191f3120b3b_01_940_g-150x150.jpg 150w, https:\/\/shop.szblind.ch\/wp-content\/uploads\/2025\/12\/c46672d5-3f89-3054-ba79-5191f3120b3b_01_940_g-100x100.jpg 100w\" sizes=\"auto, (max-width: 324px) 100vw, 324px\" \/><h3 class=\"woocommerce-loop-product__title\">Gilet r\u00e9fl\u00e9chissant avec logo pour aveugles, fermeture velcro, orange<\/h3><div class=\"product-sku\">N\u00b0 de produit : 01.940<\/div>\n\t<span class=\"price\"><span class=\"woocommerce-Price-amount amount\"><bdi><span class=\"woocommerce-Price-currencySymbol\">CHF<\/span>&nbsp;0.00<\/bdi><\/span><span class=\"per-piece\">\/stk<\/span><\/span>\n<div class=\"mwst-text\">TVA incluse<\/div><\/a><form class=\"cart\" method=\"post\" enctype=\"multipart\/form-data\" action=\"\"><input type=\"hidden\" name=\"add-to-cart\" value=\"41867\"><div class=\"custom-quantity-wrapper\"><label class=\"screen-reader-text\" for=\"quantity_41867\">Gilet avec signe pour aveuglesr\u00e9fl\u00e9chissant, fermeture velcro, orange Quantit\u00e9<\/label><input id=\"quantity_41867\" type=\"number\" name=\"quantity_41867\" aria-label=\"Quantit\u00e9 de produit\" class=\"qty\" value=\"1\" min=\"1\" max=\"116\"><button type=\"button\" aria-label=\"+\" class=\"qty-btn plus\"><\/button><button type=\"button\" aria-label=\"-\" class=\"qty-btn minus\"><\/button><\/div><button type=\"submit\" class=\"button add_to_cart_button ajax_add_to_cart\" aria-label=\"Ajouter au panier\" > <\/button><input type=\"hidden\" name=\"trp-form-language\" value=\"fr\"\/><\/form><\/li><li class=\"product type-product post-1797 status-publish last outofstock product_cat-0mobilitt product_cat-747signalstcke has-post-thumbnail taxable shipping-taxable purchasable product-type-variable\">\n\t<a href=\"https:\/\/shop.szblind.ch\/fr\/produkt\/signalstock-variante-svarovsky\/\" class=\"woocommerce-LoopProduct-link woocommerce-loop-product__link\"><img loading=\"lazy\" decoding=\"async\" width=\"324\" height=\"324\" src=\"https:\/\/shop.szblind.ch\/wp-content\/uploads\/2025\/12\/1172_3_1_01_013-324x324.jpg\" class=\"attachment-woocommerce_thumbnail size-woocommerce_thumbnail\" alt=\"01_013.jpg\" srcset=\"https:\/\/shop.szblind.ch\/wp-content\/uploads\/2025\/12\/1172_3_1_01_013-324x324.jpg 324w, https:\/\/shop.szblind.ch\/wp-content\/uploads\/2025\/12\/1172_3_1_01_013-150x150.jpg 150w, https:\/\/shop.szblind.ch\/wp-content\/uploads\/2025\/12\/1172_3_1_01_013-100x100.jpg 100w\" sizes=\"auto, (max-width: 324px) 100vw, 324px\" \/><h3 class=\"woocommerce-loop-product__title\">Canne de signalisation Svarovsky pliable, 7 pi\u00e8ces<\/h3><div class=\"product-sku\">N\u00b0 de produit : 01.013<\/div>\n\t<span class=\"price\"><span class=\"woocommerce-Price-amount amount\"><bdi><span class=\"woocommerce-Price-currencySymbol\">CHF<\/span>&nbsp;72.00<\/bdi><\/span><span class=\"per-piece\">\/stk<\/span><\/span>\n<div class=\"mwst-text\">TVA incluse<\/div><\/a><a href=\"https:\/\/shop.szblind.ch\/fr\/produkt\/signalstock-variante-svarovsky\/\" aria-describedby=\"woocommerce_loop_add_to_cart_link_describedby_1797\" data-quantity=\"1\" class=\"button product_type_variable\" data-product_id=\"1797\" data-product_sku=\"01.013\" aria-label=\"S\u00e9lectionner les options pour \u201cSignalstock Svarovskyfaltbar, 7-teilig\u201d\" rel=\"nofollow\" data-no-translation-aria-label=\"\">Afficher les variantes<\/a>\t<span id=\"woocommerce_loop_add_to_cart_link_describedby_1797\" class=\"screen-reader-text\">\n\t\tCe produit a plusieurs variations. Les options peuvent \u00eatre choisies sur la page du produit\t<\/span>\n<\/li><\/ul>\n<\/div>\n\n\n\n<h2 class=\"wp-block-heading\">Basse vision<\/h2>\n\n\n<div class=\"woocommerce columns-3\"><\/div>","protected":false},"excerpt":{"rendered":"<p>Unsere Bestseller Low Vision<\/p>","protected":false},"author":1,"featured_media":0,"parent":0,"menu_order":0,"comment_status":"closed","ping_status":"closed","template":"","meta":{"_acf_changed":false,"footnotes":""},"class_list":["post-9","page","type-page","status-publish","hentry"],"acf":[],"_links":{"self":[{"href":"https:\/\/shop.szblind.ch\/fr\/wp-json\/wp\/v2\/pages\/9","targetHints":{"allow":["GET"]}}],"collection":[{"href":"https:\/\/shop.szblind.ch\/fr\/wp-json\/wp\/v2\/pages"}],"about":[{"href":"https:\/\/shop.szblind.ch\/fr\/wp-json\/wp\/v2\/types\/page"}],"author":[{"embeddable":true,"href":"https:\/\/shop.szblind.ch\/fr\/wp-json\/wp\/v2\/users\/1"}],"replies":[{"embeddable":true,"href":"https:\/\/shop.szblind.ch\/fr\/wp-json\/wp\/v2\/comments?post=9"}],"version-history":[{"count":14,"href":"https:\/\/shop.szblind.ch\/fr\/wp-json\/wp\/v2\/pages\/9\/revisions"}],"predecessor-version":[{"id":3378,"href":"https:\/\/shop.szblind.ch\/fr\/wp-json\/wp\/v2\/pages\/9\/revisions\/3378"}],"wp:attachment":[{"href":"https:\/\/shop.szblind.ch\/fr\/wp-json\/wp\/v2\/media?parent=9"}],"curies":[{"name":"wp","href":"https:\/\/api.w.org\/{rel}","templated":true}]}}