{"id":1041,"date":"2025-04-11T07:12:43","date_gmt":"2025-04-11T07:12:43","guid":{"rendered":"https:\/\/pingwoo.szblind.ch\/produkt\/bluetooth-2\/"},"modified":"2025-05-12T09:59:58","modified_gmt":"2025-05-12T09:59:58","slug":"bluetooth-2","status":"publish","type":"product","link":"https:\/\/shop.szblind.ch\/fr\/produkt\/bluetooth-2\/","title":{"rendered":"Clavier tactile pour smartphones, Bluetooth"},"content":{"rendered":"<div class='html translation-block'>\n<p><span style=\"font-family:Frutiger Neue 1450 Pro Regular;font-size:16px\">Recommand\u00e9 aux personnes atteintes de c\u00e9cit\u00e9, de malvoyance et de surdic\u00e9cit\u00e9<\/span><\/p>\n<p><span style=\"font-weight:bold;font-family:Frutiger Neue 1450 Pro Regular;font-size:19px\">Clavier haptique Bluetooth compatible avec les smartphones<\/span><\/p>.\n<p><span style=\"font-weight:bold;font-family:Frutiger Neue 1450 Pro Regular;font-size:19px\">Sp\u00e9cificit\u00e9s:<\/span><\/p>\n<p><span style=\"font-family:Frutiger Neue 1450 Pro Regular;font-size:16px\">- Se fixe avec un bracelet et des aimants<\/span><\/p>\n<p><span style=\"font-family:Frutiger Neue 1450 Pro Regular;font-size:16px\">- Peut \u00eatre rabattu sur l'\u00e9cran ou rang\u00e9 sous l'appareil<\/span><\/p>.\n<p><span style=\"font-family:Frutiger Neue 1450 Pro Regular;font-size:16px\">- Clavier QWERTY<\/span><\/p>\n<p><span style=\"font-family:Frutiger Neue 1450 Pro Regular;font-size:16px\">- Compatible avec Apple et Android- Grandes touches<\/span><\/p>\n<\/p>\n<p><span style=\"font-weight:bold;font-size:19px\">Ce clavier est vendu directement par le fabricant. Veuillez utiliser le lien ci-contre pour passer une commande Description:<\/span><\/p>\n<p><span style=\"font-weight:bold;font-family:Frutiger Neue 1450 Pro Regular;font-size:16px\">Dimensions<\/span><span style=\"font-family:Frutiger Neue 1450 Pro Regular;font-size:16px\"> : 4.6 x 6.7 x 0.8 cm<\/span><\/p>\n<\/p>\n<p><span style=\"font-weight:bold;font-family:Frutiger Neue 1450 Pro Regular;font-size:16px\">Autonomie de la batterie<\/span><span style=\"font-family:Frutiger Neue 1450 Pro Regular;font-size:16px\"> : en cas d'utilisation fr\u00e9quente au moins 6 semaines<\/span><\/p>\n<p><span style=\"font-weight:bold;font-family:Frutiger Neue 1450 Pro Regular;font-size:16px\">Poids : <\/span><span style=\"font-family:Frutiger Neue 1450 Pro Regular;font-size:16px\">40 grammes<\/span><\/p>\n<p><span style=\"font-weight:bold;font-family:Frutiger Neue 1450 Pro Regular;font-size:16px\">Contrastes:<\/span><span style=\"font-family:Frutiger Neue 1450 Pro Regular;font-size:16px\"> noir, avec des inscriptions blanches, bleues et jaunes sur les touches<\/span><\/p>\n<p><span style=\"font-weight:bold;font-family:Frutiger Neue 1450 Pro Regular;font-size:16px\">Mat\u00e9riel<\/span><span style=\"font-family:Frutiger Neue 1450 Pro Regular;font-size:16px\"> : plastique, caoutchouc<\/span><\/p>\n<p><span style=\"font-weight:bold;font-family:Frutiger Neue 1450 Pro Regular;font-size:16px\">Alimentation : <\/span><span style=\"font-family:Frutiger Neue 1450 Pro Regular;font-size:16px\"> C\u00e2ble USB-C, 190mAh<\/span><\/p>\n<\/div>","protected":false},"excerpt":{"rendered":"<p>Clavier pour smartphones<\/p>","protected":false},"featured_media":2942,"comment_status":"open","ping_status":"closed","template":"","meta":{"_acf_changed":false},"product_brand":[],"product_cat":[769,749,819],"product_tag":[],"class_list":{"0":"post-1041","1":"product","2":"type-product","3":"status-publish","4":"has-post-thumbnail","6":"product_cat-749mobiltelefone","7":"product_cat-0telefone","8":"product_cat-769zubehr-mobiltelefone","10":"first","11":"outofstock","12":"taxable","13":"shipping-taxable","14":"purchasable","15":"product-type-simple"},"acf":[],"_links":{"self":[{"href":"https:\/\/shop.szblind.ch\/fr\/wp-json\/wp\/v2\/product\/1041","targetHints":{"allow":["GET"]}}],"collection":[{"href":"https:\/\/shop.szblind.ch\/fr\/wp-json\/wp\/v2\/product"}],"about":[{"href":"https:\/\/shop.szblind.ch\/fr\/wp-json\/wp\/v2\/types\/product"}],"replies":[{"embeddable":true,"href":"https:\/\/shop.szblind.ch\/fr\/wp-json\/wp\/v2\/comments?post=1041"}],"wp:featuredmedia":[{"embeddable":true,"href":"https:\/\/shop.szblind.ch\/fr\/wp-json\/wp\/v2\/media\/2942"}],"wp:attachment":[{"href":"https:\/\/shop.szblind.ch\/fr\/wp-json\/wp\/v2\/media?parent=1041"}],"wp:term":[{"taxonomy":"product_brand","embeddable":true,"href":"https:\/\/shop.szblind.ch\/fr\/wp-json\/wp\/v2\/product_brand?post=1041"},{"taxonomy":"product_cat","embeddable":true,"href":"https:\/\/shop.szblind.ch\/fr\/wp-json\/wp\/v2\/product_cat?post=1041"},{"taxonomy":"product_tag","embeddable":true,"href":"https:\/\/shop.szblind.ch\/fr\/wp-json\/wp\/v2\/product_tag?post=1041"}],"curies":[{"name":"wp","href":"https:\/\/api.w.org\/{rel}","templated":true}]}}