{"id":1047,"date":"2025-04-11T07:12:45","date_gmt":"2025-04-11T07:12:45","guid":{"rendered":"https:\/\/pingwoo.szblind.ch\/produkt\/kinderstock-variante\/"},"modified":"2026-04-15T09:14:16","modified_gmt":"2026-04-15T09:14:16","slug":"variante-de-canne-pour-enfants","status":"publish","type":"product","link":"https:\/\/shop.szblind.ch\/fr\/produkt\/kinderstock-variante\/","title":{"rendered":"B\u00e2ton de marche pour enfant Kinderlangstock Comde en une pi\u00e8ce, filet\u00e9, LOT 65767"},"content":{"rendered":"<div class='html translation-block'>\n<p><span style=\"font-family:Frutiger Neue 1450 Pro Regular;font-size:15px\">Concerne les personnes aveugles, malvoyantes et sourdes-aveugles <\/span><\/p>\n<p><span style=\"font-weight:bold;font-family:Frutiger Neue 1450 Pro Regular;font-size:19px\">Canne longue l&#233;g&#232;re et solide pour enfant<\/span><\/p>\n<p><span style=\"font-family:Frutiger 55 Roman;font-size:16px\">Maniement: veuillez vous faire instruire par un sp&#233;cialiste de l&#8217;orientation pour la remise de votre premi&#232;re canne. Vous trouverez les adresses des centres d&#8217;orientation sur notre site internet www.materiel.ucba.ch.<\/span><\/p>\n<p><span style=\"font-weight:bold;font-family:Frutiger Neue 1450 Pro Regular;font-size:19px\">Particularit&#233;s:<\/span><\/p>\n<p><span style=\"font-family:Frutiger 55 Roman;font-size:16px\">&#8211; Tr&#232;s r&#233;sistante<\/span><\/p>\n<p><span style=\"font-family:Frutiger 55 Roman;font-size:16px\">&#8211; Financement AI possible<\/span><\/p>\n<p><span style=\"font-family:Frutiger 55 Roman;font-size:16px\">&#8211; Livr&#233; avec embout<\/span><\/p>\n<p><span style=\"font-weight:bold;font-family:Frutiger Neue 1450 Pro Regular;font-size:19px\">Description:<\/span><\/p>\n<p><span style=\"font-weight:bold;font-family:Frutiger Neue 1450 Pro Regular;font-size:16px\">Couleur: <\/span><\/p>\n<p><span style=\"font-family:Frutiger 55 Roman;font-size:16px\">Canne: blanche, sur demande: rouge, verte ou bleue<\/span><\/p>\n<p><span style=\"font-family:Frutiger 55 Roman;font-size:16px\">Poign&#233;e: brune <\/span><\/p>\n<p><span style=\"font-weight:bold;font-family:Frutiger Neue 1450 Pro Regular;font-size:16px\">Diam&#232;tre: <\/span><span style=\"font-family:Frutiger 55 Roman;font-size:16px\">8.5 mm<\/span><\/p>\n<p><span style=\"font-weight:bold;font-family:Frutiger Neue 1450 Pro Regular;font-size:16px\">Dragonne: <\/span><span style=\"font-family:Frutiger 55 Roman;font-size:16px\">oui<\/span><\/p>\n<p><span style=\"font-weight:bold;font-family:Frutiger Neue 1450 Pro Regular;font-size:16px\">Longueur<\/span><span style=\"font-family:Frutiger 55 Roman;font-size:16px\">: <\/span><\/p>\n<p><span style=\"font-family:Frutiger 55 Roman;font-size:16px\">&#8211; Canne: 60-90 cm<\/span><\/p>\n<p><span style=\"font-family:Frutiger 55 Roman;font-size:16px\">&#8211; Poign&#233;e: 15 cm<\/span><\/p>\n<p><span style=\"font-weight:bold;font-family:Frutiger Neue 1450 Pro Regular;font-size:16px\">Mat&#233;riau: <\/span><\/p>\n<p><span style=\"font-family:Frutiger 55 Roman;font-size:16px\">&#8211; Canne: aluminium<\/span><\/p>\n<p><span style=\"font-family:Frutiger 55 Roman;font-size:16px\">&#8211; Poign&#233;e: bois de h&#234;tre lisse<\/span><\/p>\n<p><span style=\"font-weight:bold;font-family:Frutiger Neue 1450 Pro Regular;font-size:16px\">Poids: <\/span><span style=\"font-family:Frutiger 55 Roman;font-size:16px\">76-85 gr<\/span><\/p>\n<p><span style=\"font-weight:bold;font-family:Frutiger Neue 1450 Pro Regular;font-size:16px\">Syt&#232;me de canne:<\/span><span style=\"font-family:Frutiger 55 Roman;font-size:16px\"> en un seul &#233;l&#233;ment, non pliable<\/span><\/p>\n<\/p>\n<\/div>","protected":false},"excerpt":{"rendered":"<p>Canne longue pour enfant Comde<\/p>","protected":false},"featured_media":4768,"comment_status":"open","ping_status":"closed","template":"","meta":{"_acf_changed":false},"product_brand":[],"product_cat":[759,747],"product_tag":[],"class_list":{"0":"post-1047","1":"product","2":"type-product","3":"status-publish","4":"has-post-thumbnail","6":"product_cat-747kinderlangstcke","7":"product_cat-0mobilitt","9":"first","10":"outofstock","11":"taxable","12":"shipping-taxable","13":"purchasable","14":"product-type-variable"},"acf":[],"_links":{"self":[{"href":"https:\/\/shop.szblind.ch\/fr\/wp-json\/wp\/v2\/product\/1047","targetHints":{"allow":["GET"]}}],"collection":[{"href":"https:\/\/shop.szblind.ch\/fr\/wp-json\/wp\/v2\/product"}],"about":[{"href":"https:\/\/shop.szblind.ch\/fr\/wp-json\/wp\/v2\/types\/product"}],"replies":[{"embeddable":true,"href":"https:\/\/shop.szblind.ch\/fr\/wp-json\/wp\/v2\/comments?post=1047"}],"wp:featuredmedia":[{"embeddable":true,"href":"https:\/\/shop.szblind.ch\/fr\/wp-json\/wp\/v2\/media\/4768"}],"wp:attachment":[{"href":"https:\/\/shop.szblind.ch\/fr\/wp-json\/wp\/v2\/media?parent=1047"}],"wp:term":[{"taxonomy":"product_brand","embeddable":true,"href":"https:\/\/shop.szblind.ch\/fr\/wp-json\/wp\/v2\/product_brand?post=1047"},{"taxonomy":"product_cat","embeddable":true,"href":"https:\/\/shop.szblind.ch\/fr\/wp-json\/wp\/v2\/product_cat?post=1047"},{"taxonomy":"product_tag","embeddable":true,"href":"https:\/\/shop.szblind.ch\/fr\/wp-json\/wp\/v2\/product_tag?post=1047"}],"curies":[{"name":"wp","href":"https:\/\/api.w.org\/{rel}","templated":true}]}}