{"id":1059,"date":"2025-04-11T07:12:47","date_gmt":"2025-04-11T07:12:47","guid":{"rendered":"https:\/\/pingwoo.szblind.ch\/produkt\/langstock-ambutech-variante\/"},"modified":"2026-04-15T09:14:16","modified_gmt":"2026-04-15T09:14:16","slug":"canne-longue-ambutech-variante","status":"publish","type":"product","link":"https:\/\/shop.szblind.ch\/fr\/produkt\/langstock-ambutech-variante\/","title":{"rendered":"Canne longue Ambutech standard pliable, crochet"},"content":{"rendered":"<div class='html translation-block'>\n<p class=\"attachment\"><a href='https:\/\/shop.szblind.ch\/wp-content\/uploads\/2025\/12\/1017_0_1_07_676_g.jpg'><img loading=\"lazy\" width=\"300\" height=\"192\" src=\"https:\/\/shop.szblind.ch\/wp-content\/uploads\/2025\/12\/1017_0_1_07_676_g-300x192.jpg\" class=\"attachment-medium size-medium\" alt=\"07_676_g.jpg\" \/><\/a><\/p>\n<p><span style=\"font-family:Frutiger 55 Roman;font-size:16px\">Recommand\u00e9 aux personnes atteintes de c\u00e9cit\u00e9, de d\u00e9ficience visuelle et de surdic\u00e9cit\u00e9<\/span><\/p>.\n<\/p>\n<p><span style=\"font-weight:bold;font-family:Frutiger Neue 1450 Pro Regular;font-size:19px\">Canne longue robuste et pliable en graphite<\/span><\/p>.\n<p><span style=\"font-family:Frutiger 55 Roman;font-size:16px\">Manipulation : avant de remettre votre premi\u00e8re canne, veuillez vous faire former par un sp\u00e9cialiste de la mobilit\u00e9. Vous trouverez les adresses des centres de conseil sur la page de notre boutique principale www.hilfsmittel.szblind.ch. <\/span><\/p>\n<p><span style=\"font-weight:bold;font-family:Frutiger Neue 1450 Pro Regular;font-size:19px\">Sp\u00e9cificit\u00e9s:<\/span><\/p>\n<p><span style=\"font-family:Frutiger 55 Roman;font-size:16px\">- Tr\u00e8s r\u00e9sistant<\/span><\/p>\n<p><span style=\"font-family:Frutiger 55 Roman;font-size:16px\">- Pointe synth\u00e9tique n\u00b0 01.742 fournie<\/span><\/p>\n<p><span style=\"font-family:Frutiger 55 Roman;font-size:16px\">- Financement IV possible<\/span><\/p>\n<p><span style=\"font-weight:bold;font-family:Frutiger Neue 1450 Pro Regular;font-size:19px\">Description :<\/span><\/p>\n<p><span style=\"font-weight:bold;font-family:Frutiger Neue 1450 Pro Regular;font-size:16px\">Couleur:<\/span><\/p>\n<p><span style=\"font-family:Frutiger 55 Roman;font-size:16px\">- Canne : blanche, dernier segment inf\u00e9rieur rouge<\/span><\/p>\n<p><span style=\"font-family:Frutiger 55 Roman;font-size:16px\">- Poign\u00e9e : noire <\/span><\/p>\n<p><span style=\"font-weight:bold;font-family:Frutiger Neue 1450 Pro Regular;font-size:16px\">Poids : <\/span><span style=\"font-family:Frutiger 55 Roman;font-size:16px\">260-315 grammes<\/span><\/p>\n<p><span style=\"font-weight:bold;font-family:Frutiger Neue 1450 Pro Regular;font-size:16px\">Sangle de main : <\/span><span style=\"font-family:Frutiger 55 Roman;font-size:16px\">oui<\/span><\/p>\n<p><span style=\"font-weight:bold;font-family:Frutiger Neue 1450 Pro Regular;font-size:16px\">Longueur<\/span><span style=\"font-family:Frutiger 55 Roman;font-size:16px\"> : <\/span><\/p>\n<p><span style=\"font-family:Frutiger 55 Roman;font-size:16px\">- B\u00e2ton : 112-152 cm, repli\u00e9 27-31 cm<\/span><\/p>\n<p><span style=\"font-family:Frutiger 55 Roman;font-size:16px\">- Poign\u00e9e : 28 cm<\/span><\/p>\n<p><span style=\"font-weight:bold;font-family:Frutiger Neue 1450 Pro Regular;font-size:16px\">Mat\u00e9riel : <\/span><\/p>\n<p><span style=\"font-family:Frutiger 55 Roman;font-size:16px\">- Stock : Graphite<\/span><\/p>\n<p><span style=\"font-family:Frutiger 55 Roman;font-size:16px\">- Manche : synth\u00e9tique<\/span><\/p>\n<p><span style=\"font-weight:bold;font-family:Frutiger Neue 1450 Pro Regular;font-size:16px\">Diam\u00e8tre du tube : <\/span><span style=\"font-family:Frutiger 55 Roman;font-size:16px\">1.4 cm<\/span><\/p>\n<p><span style=\"font-weight:bold;font-family:Frutiger Neue 1450 Pro Regular;font-size:16px\">Pointes : <\/span><span style=\"font-family:Frutiger 55 Roman;font-size:16px\">Compatible avec 01.741, \u201a1.742, 01.743, 01.746, 01.747<\/span><\/p>\n<p><span style=\"font-weight:bold;font-family:Frutiger Neue 1450 Pro Regular;font-size:16px\">Syst\u00e8me de tr\u00e9teaux:<\/span><span style=\"font-family:Frutiger 55 Roman;font-size:16px\"> 4-6 parties, pliable<\/span><\/p>\n<\/p>\n<\/div>","protected":false},"excerpt":{"rendered":"<p>Canne longue Ambutech standard<\/p>","protected":false},"featured_media":4715,"comment_status":"open","ping_status":"closed","template":"","meta":{"_acf_changed":false},"product_brand":[],"product_cat":[758,747],"product_tag":[],"class_list":{"0":"post-1059","1":"product","2":"type-product","3":"status-publish","4":"has-post-thumbnail","6":"product_cat-747langstcke","7":"product_cat-0mobilitt","9":"first","10":"outofstock","11":"taxable","12":"shipping-taxable","13":"purchasable","14":"product-type-variable"},"acf":[],"_links":{"self":[{"href":"https:\/\/shop.szblind.ch\/fr\/wp-json\/wp\/v2\/product\/1059","targetHints":{"allow":["GET"]}}],"collection":[{"href":"https:\/\/shop.szblind.ch\/fr\/wp-json\/wp\/v2\/product"}],"about":[{"href":"https:\/\/shop.szblind.ch\/fr\/wp-json\/wp\/v2\/types\/product"}],"replies":[{"embeddable":true,"href":"https:\/\/shop.szblind.ch\/fr\/wp-json\/wp\/v2\/comments?post=1059"}],"wp:featuredmedia":[{"embeddable":true,"href":"https:\/\/shop.szblind.ch\/fr\/wp-json\/wp\/v2\/media\/4715"}],"wp:attachment":[{"href":"https:\/\/shop.szblind.ch\/fr\/wp-json\/wp\/v2\/media?parent=1059"}],"wp:term":[{"taxonomy":"product_brand","embeddable":true,"href":"https:\/\/shop.szblind.ch\/fr\/wp-json\/wp\/v2\/product_brand?post=1059"},{"taxonomy":"product_cat","embeddable":true,"href":"https:\/\/shop.szblind.ch\/fr\/wp-json\/wp\/v2\/product_cat?post=1059"},{"taxonomy":"product_tag","embeddable":true,"href":"https:\/\/shop.szblind.ch\/fr\/wp-json\/wp\/v2\/product_tag?post=1059"}],"curies":[{"name":"wp","href":"https:\/\/api.w.org\/{rel}","templated":true}]}}