{"id":1080,"date":"2025-04-11T07:12:51","date_gmt":"2025-04-11T07:12:51","guid":{"rendered":"https:\/\/pingwoo.szblind.ch\/produkt\/kinderstock-variante-gross\/"},"modified":"2026-04-15T09:11:38","modified_gmt":"2026-04-15T09:11:38","slug":"kinderstock-variante-gross","status":"publish","type":"product","link":"https:\/\/shop.szblind.ch\/fr\/produkt\/kinderstock-variante-gross\/","title":{"rendered":"Canne longue pour enfants Comde en deux parties, filetage"},"content":{"rendered":"<div class='html translation-block'>\n<p class=\"attachment\"><a href='https:\/\/shop.szblind.ch\/wp-content\/uploads\/2025\/12\/854_0_1_03_021_g.jpg'><img loading=\"lazy\" width=\"300\" height=\"192\" src=\"https:\/\/shop.szblind.ch\/wp-content\/uploads\/2025\/12\/854_0_1_03_021_g-300x192.jpg\" class=\"attachment-medium size-medium\" alt=\"03_021_g.jpg\" \/><\/a><\/p>\n<p><span style=\"font-family:Frutiger 55 Roman;font-size:16px;color:#000000\">Convient aux enfants atteints de c\u00e9cit\u00e9, de d\u00e9ficience visuelle et de surdic\u00e9cit\u00e9<\/span><\/p>.\n<p><span style=\"font-weight:bold;font-family:Frutiger Neue 1450 Pro Regular;font-size:19px;color:#000000\">Canne longue l\u00e9g\u00e8re et stable pour enfants<\/span><\/p>.\n<p><span style=\"font-family:Frutiger 55 Roman;font-size:16px;color:#000000\">Manipulation : avant de remettre votre premi\u00e8re canne, veuillez vous faire former par un sp\u00e9cialiste de la mobilit\u00e9. Vous trouverez les adresses des centres de conseil sur notre page principale de la boutique www.hilfsmittel.szblind.ch. <\/span><\/p>\n<p><span style=\"font-weight:bold;font-family:Frutiger Neue 1450 Pro Regular;font-size:19px;color:#000000\">Sp\u00e9cificit\u00e9s:<\/span><\/p>\n<p><span style=\"font-family:Frutiger 55 Roman;font-size:16px;color:#000000\">- Tr\u00e8s fort<\/span><\/p>\n<p><span style=\"font-family:Frutiger 55 Roman;font-size:16px;color:#000000\">- Livr\u00e9 sans pointe<\/span><\/p>\n<p><span style=\"font-family:Frutiger 55 Roman;font-size:16px;color:#000000\">- Financement IV possible<\/span><\/p>\n<p><span style=\"font-weight:bold;font-family:Frutiger Neue 1450 Pro Regular;font-size:19px;color:#000000\">Description :<\/span><\/p>\n<p><span style=\"font-weight:bold;font-family:Frutiger Neue 1450 Pro Regular;font-size:16px;color:#000000\">Couleur:<\/span><\/p>\n<p><span style=\"font-family:Frutiger 55 Roman;font-size:16px;color:#000000\">- Stock : blanc, sur demande : rouge, vert, bleu, vert bouteille, dor\u00e9<\/span><\/p>\n<p><span style=\"font-family:Frutiger 55 Roman;font-size:16px;color:#000000\">- Poign\u00e9e : marron <\/span><\/p>\n<p><span style=\"font-weight:bold;font-family:Frutiger Neue 1450 Pro Regular;font-size:16px;color:#000000\">Poids : <\/span><span style=\"font-family:Frutiger 55 Roman;font-size:16px;color:#000000\">100-140 Gram<\/span><\/p>\n<p><span style=\"font-weight:bold;font-family:Frutiger Neue 1450 Pro Regular;font-size:16px;color:#000000\">Boucle de main : <\/span><span style=\"font-family:Frutiger 55 Roman;font-size:16px;color:#000000\">oui<\/span><\/p>\n<p><span style=\"font-weight:bold;font-family:Frutiger Neue 1450 Pro Regular;font-size:16px;color:#000000\">Longueur<\/span><span style=\"font-family:Frutiger 55 Roman;font-size:16px;color:#000000\"> : <\/span><\/p>\n<p><span style=\"font-family:Frutiger 55 Roman;font-size:16px;color:#000000\">- Canne : 90-140 cm<\/span><\/p>\n<p><span style=\"font-family:Frutiger 55 Roman;font-size:16px;color:#000000\">- Poign\u00e9e : 23 cm<\/span><\/p>\n<p><span style=\"font-weight:bold;font-family:Frutiger Neue 1450 Pro Regular;font-size:16px;color:#000000\">Mat\u00e9riel : <\/span><\/p>\n<p><span style=\"font-family:Frutiger 55 Roman;font-size:16px;color:#000000\">- B\u00e2ton : Alliage d'aluminium<\/span><\/p>\n<p><span style=\"font-family:Frutiger 55 Roman;font-size:16px;color:#000000\">- Poign\u00e9e : bois de h\u00eatre lisse<\/span><\/p>\n<p><span style=\"font-weight:bold;font-family:Frutiger Neue 1450 Pro Regular;font-size:16px;color:#000000\">Diam\u00e8tre du tube : <\/span><span style=\"font-family:Frutiger 55 Roman;font-size:16px;color:#000000\">8.5 mm<\/span><\/p>\n<p><span style=\"font-weight:bold;font-family:Frutiger Neue 1450 Pro Regular;font-size:16px;color:#000000\">Syst\u00e8me d'embase:<\/span><span style=\"font-family:Frutiger 55 Roman;font-size:16px;color:#000000\"> En deux parties, \u00e0 visser<\/span><\/p>\n<\/p>\n<\/div>","protected":false},"excerpt":{"rendered":"<p>Canne longue pour enfant Comde<\/p>","protected":false},"featured_media":4572,"comment_status":"open","ping_status":"closed","template":"","meta":{"_acf_changed":false},"product_brand":[],"product_cat":[759,747],"product_tag":[],"class_list":{"0":"post-1080","1":"product","2":"type-product","3":"status-publish","4":"has-post-thumbnail","6":"product_cat-747kinderlangstcke","7":"product_cat-0mobilitt","9":"first","10":"outofstock","11":"taxable","12":"shipping-taxable","13":"purchasable","14":"product-type-variable"},"acf":[],"_links":{"self":[{"href":"https:\/\/shop.szblind.ch\/fr\/wp-json\/wp\/v2\/product\/1080","targetHints":{"allow":["GET"]}}],"collection":[{"href":"https:\/\/shop.szblind.ch\/fr\/wp-json\/wp\/v2\/product"}],"about":[{"href":"https:\/\/shop.szblind.ch\/fr\/wp-json\/wp\/v2\/types\/product"}],"replies":[{"embeddable":true,"href":"https:\/\/shop.szblind.ch\/fr\/wp-json\/wp\/v2\/comments?post=1080"}],"wp:featuredmedia":[{"embeddable":true,"href":"https:\/\/shop.szblind.ch\/fr\/wp-json\/wp\/v2\/media\/4572"}],"wp:attachment":[{"href":"https:\/\/shop.szblind.ch\/fr\/wp-json\/wp\/v2\/media?parent=1080"}],"wp:term":[{"taxonomy":"product_brand","embeddable":true,"href":"https:\/\/shop.szblind.ch\/fr\/wp-json\/wp\/v2\/product_brand?post=1080"},{"taxonomy":"product_cat","embeddable":true,"href":"https:\/\/shop.szblind.ch\/fr\/wp-json\/wp\/v2\/product_cat?post=1080"},{"taxonomy":"product_tag","embeddable":true,"href":"https:\/\/shop.szblind.ch\/fr\/wp-json\/wp\/v2\/product_tag?post=1080"}],"curies":[{"name":"wp","href":"https:\/\/api.w.org\/{rel}","templated":true}]}}