{"id":1092,"date":"2025-04-11T07:12:52","date_gmt":"2025-04-11T07:12:52","guid":{"rendered":"https:\/\/pingwoo.szblind.ch\/produkt\/langstock-leicht-variante\/"},"modified":"2026-04-15T13:09:00","modified_gmt":"2026-04-15T13:09:00","slug":"canne-longue-legere-variante","status":"publish","type":"product","link":"https:\/\/shop.szblind.ch\/fr\/produkt\/langstock-leicht-variante\/","title":{"rendered":"Canne longue Ambutech Slim-Line pliable, 7 \u00e9l\u00e9ments, filetage"},"content":{"rendered":"<div class='html translation-block'>\n<p class=\"attachment\"><a href='https:\/\/shop.szblind.ch\/wp-content\/uploads\/2025\/12\/501_0_1_01_758_g.jpg'><img loading=\"lazy\" width=\"300\" height=\"192\" src=\"https:\/\/shop.szblind.ch\/wp-content\/uploads\/2025\/12\/501_0_1_01_758_g-300x192.jpg\" class=\"attachment-medium size-medium\" alt=\"01_758_g.jpg\" \/><\/a><\/p>\n<p><span style=\"font-family:Frutiger 55 Roman;font-size:16px;color:#000000\">Recommand\u00e9 aux personnes atteintes de c\u00e9cit\u00e9, de d\u00e9ficience visuelle et de surdic\u00e9cit\u00e9<\/span><\/p>.\n<\/p>\n<p><span style=\"font-weight:bold;font-family:Frutiger Neue 1450 Pro Regular;font-size:19px;color:#000000\">Canne longue et fine en graphite l\u00e9ger<\/span><\/p>.\n<p><span style=\"font-family:Frutiger 55 Roman;font-size:16px;color:#000000\">Maniement : avant de remettre votre premi\u00e8re canne, veuillez vous faire former par un sp\u00e9cialiste de la mobilit\u00e9. Vous trouverez les adresses des centres de conseil sur notre page principale de la boutique www.hilfsmittel.szblind.ch. <\/span><\/p>\n<p><span style=\"font-weight:bold;font-family:Frutiger Neue 1450 Pro Regular;font-size:19px;color:#000000\">Sp\u00e9cificit\u00e9s:<\/span><\/p>\n<p><span style=\"font-family:Frutiger 55 Roman;font-size:16px;color:#000000\">- Tr\u00e8s fin<\/span><\/p>\n<p><span style=\"font-family:Frutiger 55 Roman;font-size:16px;color:#000000\">- La pointe synth\u00e9tique n\u00b0 01.721 est fournie<\/span><\/p>\n<p><span style=\"font-family:Frutiger 55 Roman;font-size:16px;color:#000000\">- Financement IV possible<\/span><\/p>\n<p><span style=\"font-weight:bold;font-family:Frutiger Neue 1450 Pro Regular;font-size:19px;color:#000000\">Description :<\/span><\/p>\n<p><span style=\"font-weight:bold;font-family:Frutiger Neue 1450 Pro Regular;font-size:16px;color:#000000\">Couleur:<\/span><\/p>\n<p><span style=\"font-family:Frutiger 55 Roman;font-size:16px;color:#000000\">- Canne : blanche, dernier segment inf\u00e9rieur rouge<\/span><\/p>\n<p><span style=\"font-family:Frutiger 55 Roman;font-size:16px;color:#000000\">- Poign\u00e9e : noire <\/span><\/p>\n<p><span style=\"font-weight:bold;font-family:Frutiger Neue 1450 Pro Regular;font-size:16px;color:#000000\">Poids : <\/span><span style=\"font-family:Frutiger 55 Roman;font-size:16px;color:#000000\">107-127 grammes<\/span><\/p>\n<p><span style=\"font-weight:bold;font-family:Frutiger Neue 1450 Pro Regular;font-size:16px;color:#000000\">Sangle de main : <\/span><span style=\"font-family:Frutiger 55 Roman;font-size:16px;color:#000000\">oui<\/span><\/p>\n<p><span style=\"font-weight:bold;font-family:Frutiger Neue 1450 Pro Regular;font-size:16px;color:#000000\">Longueur<\/span><span style=\"font-family:Frutiger 55 Roman;font-size:16px;color:#000000\"> : <\/span><\/p>\n<p><span style=\"font-family:Frutiger 55 Roman;font-size:16px;color:#000000\">- B\u00e2ton : 112-152 cm<\/span><\/p>\n<p><span style=\"font-family:Frutiger 55 Roman;font-size:16px;color:#000000\">- Poign\u00e9e : 16 cm<\/span><\/p>\n<p><span style=\"font-weight:bold;font-family:Frutiger Neue 1450 Pro Regular;font-size:16px;color:#000000\">Mat\u00e9riel : <\/span><\/p>\n<p><span style=\"font-family:Frutiger 55 Roman;font-size:16px;color:#000000\">- Stock : Graphite<\/span><\/p>\n<p><span style=\"font-family:Frutiger 55 Roman;font-size:16px;color:#000000\">- Manche : mousse synth\u00e9tique<\/span><\/p>\n<p><span style=\"font-weight:bold;font-family:Frutiger Neue 1450 Pro Regular;font-size:16px;color:#000000\">Diam\u00e8tre du tube : <\/span><span style=\"font-family:Frutiger 55 Roman;font-size:16px;color:#000000\">1 cm<\/span><\/p>\n<p><span style=\"font-weight:bold;font-family:Frutiger Neue 1450 Pro Regular;font-size:16px;color:#000000\">Pointes : <\/span><span style=\"font-family:Frutiger 55 Roman;font-size:16px;color:#000000\">compatible avec 01.721, 01.744, 01.765<\/span><\/p>\n<p><span style=\"font-weight:bold;font-family:Frutiger Neue 1450 Pro Regular;font-size:16px;color:#000000\">Syst\u00e8me de plots:<\/span><span style=\"font-family:Frutiger 55 Roman;font-size:16px;color:#000000\"> 7 pi\u00e8ces, pliable<\/span><\/p>\n<\/p>\n<\/div>","protected":false},"excerpt":{"rendered":"<p>Canne longue Ambutech Slim-Line<\/p>","protected":false},"featured_media":4561,"comment_status":"open","ping_status":"closed","template":"","meta":{"_acf_changed":false},"product_brand":[],"product_cat":[758,747],"product_tag":[],"class_list":{"0":"post-1092","1":"product","2":"type-product","3":"status-publish","4":"has-post-thumbnail","6":"product_cat-747langstcke","7":"product_cat-0mobilitt","9":"first","10":"outofstock","11":"taxable","12":"shipping-taxable","13":"purchasable","14":"product-type-variable"},"acf":[],"_links":{"self":[{"href":"https:\/\/shop.szblind.ch\/fr\/wp-json\/wp\/v2\/product\/1092","targetHints":{"allow":["GET"]}}],"collection":[{"href":"https:\/\/shop.szblind.ch\/fr\/wp-json\/wp\/v2\/product"}],"about":[{"href":"https:\/\/shop.szblind.ch\/fr\/wp-json\/wp\/v2\/types\/product"}],"replies":[{"embeddable":true,"href":"https:\/\/shop.szblind.ch\/fr\/wp-json\/wp\/v2\/comments?post=1092"}],"wp:featuredmedia":[{"embeddable":true,"href":"https:\/\/shop.szblind.ch\/fr\/wp-json\/wp\/v2\/media\/4561"}],"wp:attachment":[{"href":"https:\/\/shop.szblind.ch\/fr\/wp-json\/wp\/v2\/media?parent=1092"}],"wp:term":[{"taxonomy":"product_brand","embeddable":true,"href":"https:\/\/shop.szblind.ch\/fr\/wp-json\/wp\/v2\/product_brand?post=1092"},{"taxonomy":"product_cat","embeddable":true,"href":"https:\/\/shop.szblind.ch\/fr\/wp-json\/wp\/v2\/product_cat?post=1092"},{"taxonomy":"product_tag","embeddable":true,"href":"https:\/\/shop.szblind.ch\/fr\/wp-json\/wp\/v2\/product_tag?post=1092"}],"curies":[{"name":"wp","href":"https:\/\/api.w.org\/{rel}","templated":true}]}}