{"id":1124,"date":"2025-04-11T07:12:58","date_gmt":"2025-04-11T07:12:58","guid":{"rendered":"https:\/\/pingwoo.szblind.ch\/produkt\/cz-langstock-variante-2\/"},"modified":"2026-04-15T09:14:16","modified_gmt":"2026-04-15T09:14:16","slug":"cz-baton-long-variante-2","status":"publish","type":"product","link":"https:\/\/shop.szblind.ch\/fr\/produkt\/cz-langstock-variante-2\/","title":{"rendered":"B\u00e2ton long Svarovsky telefalt Crochet"},"content":{"rendered":"<div class='html translation-block'>\n<p class=\"attachment\"><a href='https:\/\/shop.szblind.ch\/wp-content\/uploads\/2025\/12\/981_0_1_01-034-rotated.jpg'><img loading=\"lazy\" width=\"300\" height=\"192\" src=\"https:\/\/shop.szblind.ch\/wp-content\/uploads\/2025\/12\/981_0_1_01-034-300x192.jpg\" class=\"attachment-medium size-medium\" alt=\"01-034.jpg\" \/><\/a><\/p>\n<p><span style=\"font-family:Frutiger 55 Roman;font-size:16px;color:#000000\">Recommand\u00e9 aux personnes atteintes de c\u00e9cit\u00e9, de d\u00e9ficience visuelle et de surdic\u00e9cit\u00e9<\/span><\/p>.\n<p><span style=\"font-weight:bold;font-family:Frutiger Neue 1450 Pro Regular;font-size:19px;color:#000000\">Canne longue \u00e9l\u00e9gante et pliable en mat\u00e9riau composite l\u00e9ger avec poign\u00e9e en bois<\/span><span style=\"font-family:Frutiger 55 Roman;font-size:16px;color:#000000\"> <\/span><\/p>.\n<p><span style=\"font-family:Frutiger 55 Roman;font-size:16px;color:#000000\">Maniement : avant de remettre votre premi\u00e8re canne, veuillez vous faire former par un sp\u00e9cialiste de la mobilit\u00e9. Vous trouverez les adresses des centres de conseil sur notre page principale de la boutique www.hilfsmittel.szblind.ch. <\/span><\/p>\n<p><span style=\"font-weight:bold;font-family:Frutiger Neue 1450 Pro Regular;font-size:19px;color:#000000\">Sp\u00e9cificit\u00e9s:<\/span><\/p>\n<p><span style=\"font-family:Frutiger 55 Roman;font-size:16px;color:#000000\">- Poign\u00e9e avec m\u00e9plat lat\u00e9ral<\/span><\/p>\n<p><span style=\"font-family:Frutiger 55 Roman;font-size:16px;color:#000000\">- Particuli\u00e8rement adapt\u00e9 aux propri\u00e9taires de chiens guides d'aveugles<\/span><\/p>\n<p><span style=\"font-family:Frutiger 55 Roman;font-size:16px;color:#000000\">- Pointe n\u00b0 01.727 incluse<\/span><\/p>\n<p><span style=\"font-family:Frutiger 55 Roman;font-size:16px;color:#000000\">- Financement IV possible<\/span><\/p>\n<p><span style=\"font-weight:bold;font-family:Frutiger Neue 1450 Pro Regular;font-size:19px;color:#000000\">Description :<\/span><\/p>\n<p><span style=\"font-weight:bold;font-family:Frutiger Neue 1450 Pro Regular;font-size:16px;color:#000000\">Couleur:<\/span><\/p>\n<p><span style=\"font-family:Frutiger 55 Roman;font-size:16px;color:#000000\">- Stock : blanc, dernier segment inf\u00e9rieur rouge<\/span><\/p>\n<p><span style=\"font-family:Frutiger 55 Roman;font-size:16px;color:#000000\">- Poign\u00e9e : marron<\/span><\/p>\n<p><span style=\"font-weight:bold;font-family:Frutiger Neue 1450 Pro Regular;font-size:16px;color:#000000\">Poids : <\/span><span style=\"font-family:Frutiger 55 Roman;font-size:16px;color:#000000\">170-212 grammes<\/span><\/p>\n<p><span style=\"font-weight:bold;font-family:Frutiger Neue 1450 Pro Regular;font-size:16px;color:#000000\">Sangle de main : <\/span><span style=\"font-family:Frutiger 55 Roman;font-size:16px;color:#000000\">oui<\/span><\/p>\n<p><span style=\"font-weight:bold;font-family:Frutiger Neue 1450 Pro Regular;font-size:16px;color:#000000\">Longueur<\/span><span style=\"font-family:Frutiger 55 Roman;font-size:16px;color:#000000\"> : <\/span><\/p>\n<p><span style=\"font-family:Frutiger 55 Roman;font-size:16px;color:#000000\">- Canne : 85-105 cm, 95-120 cm, 105-135 cm, 120-150 cm<\/span><\/p>\n<p><span style=\"font-family:Frutiger 55 Roman;font-size:16px;color:#000000\">- Poign\u00e9e : 18.5<\/span><\/p>\n<p><span style=\"font-weight:bold;font-family:Frutiger Neue 1450 Pro Regular;font-size:16px;color:#000000\">Mat\u00e9riel : <\/span><\/p>\n<p><span style=\"font-family:Frutiger 55 Roman;font-size:16px;color:#000000\">- B\u00e2ton : aluminium<\/span><\/p>\n<p><span style=\"font-family:Frutiger 55 Roman;font-size:16px;color:#000000\">- Poign\u00e9e : bois, h\u00eatre<\/span><\/p>\n<p><span style=\"font-weight:bold;font-family:Frutiger Neue 1450 Pro Regular;font-size:16px;color:#000000\">Diam\u00e8tre du tube : <\/span><span style=\"font-family:Frutiger 55 Roman;font-size:16px;color:#000000\">1.3 cm<\/span><\/p>\n<p><span style=\"font-weight:bold;font-family:Frutiger Neue 1450 Pro Regular;font-size:16px;color:#000000\">Pointes : <\/span><span style=\"font-family:Frutiger 55 Roman;font-size:16px;color:#000000\">compatible avec 01.725, 01.726, 01.727, 01.728, 01.767, 01.768<\/span><\/p>\n<p><span style=\"font-weight:bold;font-family:Frutiger Neue 1450 Pro Regular;font-size:16px;color:#000000\">Syst\u00e8me de tr\u00e9teaux:<\/span><span style=\"font-family:Frutiger 55 Roman;font-size:16px;color:#000000\"> 3 pi\u00e8ces, pliable<\/span><\/p>\n<\/p>\n<\/div>","protected":false},"excerpt":{"rendered":"<p>Canne longue Svarovsky<\/p>","protected":false},"featured_media":4681,"comment_status":"open","ping_status":"closed","template":"","meta":{"_acf_changed":false},"product_brand":[],"product_cat":[758,747],"product_tag":[],"class_list":{"0":"post-1124","1":"product","2":"type-product","3":"status-publish","4":"has-post-thumbnail","6":"product_cat-747langstcke","7":"product_cat-0mobilitt","9":"first","10":"outofstock","11":"taxable","12":"shipping-taxable","13":"purchasable","14":"product-type-variable"},"acf":[],"_links":{"self":[{"href":"https:\/\/shop.szblind.ch\/fr\/wp-json\/wp\/v2\/product\/1124","targetHints":{"allow":["GET"]}}],"collection":[{"href":"https:\/\/shop.szblind.ch\/fr\/wp-json\/wp\/v2\/product"}],"about":[{"href":"https:\/\/shop.szblind.ch\/fr\/wp-json\/wp\/v2\/types\/product"}],"replies":[{"embeddable":true,"href":"https:\/\/shop.szblind.ch\/fr\/wp-json\/wp\/v2\/comments?post=1124"}],"wp:featuredmedia":[{"embeddable":true,"href":"https:\/\/shop.szblind.ch\/fr\/wp-json\/wp\/v2\/media\/4681"}],"wp:attachment":[{"href":"https:\/\/shop.szblind.ch\/fr\/wp-json\/wp\/v2\/media?parent=1124"}],"wp:term":[{"taxonomy":"product_brand","embeddable":true,"href":"https:\/\/shop.szblind.ch\/fr\/wp-json\/wp\/v2\/product_brand?post=1124"},{"taxonomy":"product_cat","embeddable":true,"href":"https:\/\/shop.szblind.ch\/fr\/wp-json\/wp\/v2\/product_cat?post=1124"},{"taxonomy":"product_tag","embeddable":true,"href":"https:\/\/shop.szblind.ch\/fr\/wp-json\/wp\/v2\/product_tag?post=1124"}],"curies":[{"name":"wp","href":"https:\/\/api.w.org\/{rel}","templated":true}]}}