{"id":1159,"date":"2025-04-11T07:13:20","date_gmt":"2025-04-11T07:13:20","guid":{"rendered":"https:\/\/pingwoo.szblind.ch\/produkt\/armbanduhr-braille-5\/"},"modified":"2026-04-15T09:14:16","modified_gmt":"2026-04-15T09:14:16","slug":"montre-bracelet-braille-5","status":"publish","type":"product","link":"https:\/\/shop.szblind.ch\/fr\/produkt\/armbanduhr-braille-5\/","title":{"rendered":"Montre-bracelet tactile"},"content":{"rendered":"<div class='html translation-block'>\n<p class=\"attachment\"><a href='https:\/\/shop.szblind.ch\/wp-content\/uploads\/2025\/12\/1004_0_1_07_616-02.jpg'><img loading=\"lazy\" width=\"300\" height=\"192\" src=\"https:\/\/shop.szblind.ch\/wp-content\/uploads\/2025\/12\/1004_0_1_07_616-02-300x192.jpg\" class=\"attachment-medium size-medium\" alt=\"07_616-02.jpg\" \/><\/a><\/p>\n<p><span style=\"font-family:Frutiger Neue 1450 Pro Regular;font-size:16px;color:#000000\">Recommand\u00e9 pour les personnes souffrant de c\u00e9cit\u00e9 et de surdit\u00e9 <\/span><\/p>.\n<p><span style=\"font-weight:bold;font-size:19px\">Horloge tactile chrom\u00e9e simple<\/span><\/p>.\n<p><span>Popularit\u00e9 du produit : best-seller<\/span><\/p>\n<p><span>Maniement : facile<\/span><\/p>\n<p><span style=\"font-weight:bold;font-size:19px\">Sp\u00e9cificit\u00e9s:<\/span><\/p>\n<p><span>- Disponible en 2 tailles<\/span><\/p>\n<p><span>- Couvercle de protection, ouverture \u00e0 6 heures<\/span><\/p>\n<p><span style=\"font-weight:bold;font-size:19px\">Description:<\/span><\/p>\n<p><span style=\"font-weight:bold;font-family:Frutiger Neue 1450 Pro Regular;font-size:16px;color:#000000\">Dimensions \u00e9cran:<\/span><span style=\"font-family:Frutiger Neue 1450 Pro Regular;font-size:16px;color:#000000\"> 18 \/ 25 mm, \u00e9paisseur 8 mm<\/span><\/p>\n<p><span style=\"font-weight:bold;font-family:Frutiger Neue 1450 Pro Regular;font-size:16px;color:#000000\">Affichage : <\/span><span style=\"font-family:Frutiger Neue 1450 Pro Regular;font-size:16px;color:#000000\">Cadran<\/span><\/p>\n<p><span style=\"font-weight:bold;font-family:Frutiger Neue 1450 Pro Regular;font-size:16px;color:#000000\">Bracelet : <\/span><span style=\"font-family:Frutiger Neue 1450 Pro Regular;font-size:16px;color:#000000\">cuir noir<\/span><\/p>\n<p><span style=\"font-weight:bold;font-family:Frutiger Neue 1450 Pro Regular;font-size:16px;color:#000000\">Dur\u00e9e de vie:<\/span><span style=\"font-family:Frutiger Neue 1450 Pro Regular;font-size:16px;color:#000000\"> 2 ans<\/span><\/p>\n<p><span style=\"font-weight:bold;font-family:Frutiger Neue 1450 Pro Regular;font-size:16px;color:#000000\">Ecran : <\/span><span style=\"font-family:Frutiger Neue 1450 Pro Regular;font-size:16px;color:#000000\">Couvercle avec bordure chrom\u00e9e, \u00e9cran chrom\u00e9<\/span><\/p>.\n<p><span style=\"font-weight:bold;font-family:Frutiger Neue 1450 Pro Regular;font-size:16px;color:#000000\">R\u00e9glages:<\/span><span style=\"font-family:Frutiger Neue 1450 Pro Regular;font-size:16px;color:#000000\"> Heures, minutes <\/span><\/p>\n<p><span style=\"font-weight:bold;font-family:Frutiger Neue 1450 Pro Regular;font-size:16px;color:#000000\">Poids:<\/span><span style=\"font-family:Frutiger Neue 1450 Pro Regular;font-size:16px;color:#000000\"> 21 \/ 34 grammes<\/span><\/p>\n<p><span style=\"font-weight:bold;font-family:Frutiger Neue 1450 Pro Regular;font-size:16px;color:#000000\">Contraste : <\/span><span style=\"font-family:Frutiger Neue 1450 Pro Regular;font-size:16px;color:#000000\">aiguilles et points chrom\u00e9s sur fond chrom\u00e9<\/span><\/p>.\n<p><span style=\"font-weight:bold;font-family:Frutiger Neue 1450 Pro Regular;font-size:16px;color:#000000\">Couronne:<\/span><span style=\"font-family:Frutiger Neue 1450 Pro Regular;font-size:16px;color:#000000\"> oui<\/span><\/p>\n<p><span style=\"font-weight:bold;font-family:Frutiger Neue 1450 Pro Regular;font-size:16px;color:#000000\">Prot\u00e9g\u00e9 contre les chocs\/\u00e9claboussures:<\/span><span style=\"font-family:Frutiger Neue 1450 Pro Regular;font-size:16px;color:#000000\"> non<\/span><\/p>\n<p><span style=\"font-weight:bold;font-family:Frutiger Neue 1450 Pro Regular;font-size:16px;color:#000000\">Alimentation \u00e9lectrique:<\/span><span style=\"font-family:Frutiger Neue 1450 Pro Regular;font-size:16px;color:#000000\"> 1 Batterie 371<\/span><\/p>\n<p><span style=\"font-weight:bold;font-family:Frutiger Neue 1450 Pro Regular;font-size:16px;color:#000000\">Tactile:<\/span><span style=\"font-family:Frutiger Neue 1450 Pro Regular;font-size:16px;color:#000000\"> oui<\/span><\/p>\n<p><span style=\"font-weight:bold;font-family:Frutiger Neue 1450 Pro Regular;font-size:16px;color:#000000\">Technologie:<\/span><span style=\"font-family:Frutiger Neue 1450 Pro Regular;font-size:16px;color:#000000\"> Quartz<\/span><\/p>\n<p><span style=\"font-weight:bold;font-family:Frutiger Neue 1450 Pro Regular;font-size:16px;color:#000000\">Ton:<\/span><span style=\"font-family:Frutiger Neue 1450 Pro Regular;font-size:16px;color:#000000\"> -<\/span><\/p>.\n<\/p>\n<\/div>","protected":false},"excerpt":{"rendered":"<p>Montre ARSA Standard<\/p>","protected":false},"featured_media":4703,"comment_status":"open","ping_status":"closed","template":"","meta":{"_acf_changed":false},"product_brand":[],"product_cat":[748,765],"product_tag":[],"class_list":{"0":"post-1159","1":"product","2":"type-product","3":"status-publish","4":"has-post-thumbnail","6":"product_cat-0uhren","7":"product_cat-748vibration-haptik","9":"first","10":"outofstock","11":"taxable","12":"shipping-taxable","13":"purchasable","14":"product-type-variable"},"acf":[],"_links":{"self":[{"href":"https:\/\/shop.szblind.ch\/fr\/wp-json\/wp\/v2\/product\/1159","targetHints":{"allow":["GET"]}}],"collection":[{"href":"https:\/\/shop.szblind.ch\/fr\/wp-json\/wp\/v2\/product"}],"about":[{"href":"https:\/\/shop.szblind.ch\/fr\/wp-json\/wp\/v2\/types\/product"}],"replies":[{"embeddable":true,"href":"https:\/\/shop.szblind.ch\/fr\/wp-json\/wp\/v2\/comments?post=1159"}],"wp:featuredmedia":[{"embeddable":true,"href":"https:\/\/shop.szblind.ch\/fr\/wp-json\/wp\/v2\/media\/4703"}],"wp:attachment":[{"href":"https:\/\/shop.szblind.ch\/fr\/wp-json\/wp\/v2\/media?parent=1159"}],"wp:term":[{"taxonomy":"product_brand","embeddable":true,"href":"https:\/\/shop.szblind.ch\/fr\/wp-json\/wp\/v2\/product_brand?post=1159"},{"taxonomy":"product_cat","embeddable":true,"href":"https:\/\/shop.szblind.ch\/fr\/wp-json\/wp\/v2\/product_cat?post=1159"},{"taxonomy":"product_tag","embeddable":true,"href":"https:\/\/shop.szblind.ch\/fr\/wp-json\/wp\/v2\/product_tag?post=1159"}],"curies":[{"name":"wp","href":"https:\/\/api.w.org\/{rel}","templated":true}]}}