{"id":1210,"date":"2025-04-11T07:13:34","date_gmt":"2025-04-11T07:13:34","guid":{"rendered":"https:\/\/pingwoo.szblind.ch\/produkt\/armbanduhr-lv-variante-2\/"},"modified":"2026-04-15T09:03:49","modified_gmt":"2026-04-15T09:03:49","slug":"montre-lv-variante-2","status":"publish","type":"product","link":"https:\/\/shop.szblind.ch\/fr\/produkt\/armbanduhr-lv-variante-2\/","title":{"rendered":"Montre ARSA Jumbo, 40 mm"},"content":{"rendered":"<div class='html translation-block'>\n<p class=\"attachment\"><a href='https:\/\/shop.szblind.ch\/wp-content\/uploads\/2025\/12\/478_0_1_01_739.jpg'><img loading=\"lazy\" width=\"300\" height=\"192\" src=\"https:\/\/shop.szblind.ch\/wp-content\/uploads\/2025\/12\/478_0_1_01_739-300x192.jpg\" class=\"attachment-medium size-medium\" alt=\"01_739.jpg\" \/><\/a><\/p>\n<p><span style=\"font-family:Frutiger Neue 1450 Pro Regular;font-size:16px\">Recommand\u00e9 aux personnes souffrant d'une d\u00e9ficience visuelle ou auditive<\/span><\/p>\n<\/p>\n<p><span style=\"font-weight:bold;font-family:Frutiger Neue 1450 Pro Regular;font-size:19px\">Montre basse vision \u00e0 contraste libre<\/span><\/p>\n<p><span style=\"font-family:Frutiger Neue 1450 Pro Regular;font-size:16px\">Popularit\u00e9 du produit : best-seller<\/span><\/p>\n<p><span style=\"font-family:Frutiger Neue 1450 Pro Regular;font-size:16px\">Manipulation : facile<\/span><\/p>\n<p><span style=\"font-weight:bold;font-family:Frutiger Neue 1450 Pro Regular;font-size:19px\">Sp\u00e9cificit\u00e9s:<\/span><\/p>\n<p><span style=\"font-family:Frutiger Neue 1450 Pro Regular;font-size:16px\">- 2 contrastes possibles : fond blanc ou fond noir, au choix<\/span><\/p>\n<p><span style=\"font-family:Frutiger Neue 1450 Pro Regular;font-size:16px\">- Tr\u00e8s contrast\u00e9<\/span><\/p>\n<p><span style=\"font-family:Frutiger Neue 1450 Pro Regular;font-size:16px\">- Grands chiffres<\/span><\/p>\n<p><span style=\"font-weight:bold;font-family:Frutiger Neue 1450 Pro Regular;font-size:19px\">Description:<\/span><\/p>\n<p><span style=\"font-weight:bold;font-family:Frutiger Neue 1450 Pro Regular;font-size:16px\">Dimensions de l'\u00e9cran:<\/span><span style=\"font-family:Frutiger Neue 1450 Pro Regular;font-size:16px\"> 40 mm<\/span><\/p>\n<p><span style=\"font-weight:bold;font-family:Frutiger Neue 1450 Pro Regular;font-size:16px\">Affichage : <\/span><span style=\"font-family:Frutiger Neue 1450 Pro Regular;font-size:16px\">Cadran<\/span><\/p>\n<p><span style=\"font-weight:bold;font-family:Frutiger Neue 1450 Pro Regular;font-size:16px\">Bracelet : <\/span><span style=\"font-family:Frutiger Neue 1450 Pro Regular;font-size:16px\">cuir noir<\/span><\/p>\n<p><span style=\"font-weight:bold;font-family:Frutiger Neue 1450 Pro Regular;font-size:16px\">Dur\u00e9e de vie:<\/span><span style=\"font-family:Frutiger Neue 1450 Pro Regular;font-size:16px\"> 2 ans<\/span><\/p>\n<p><span style=\"font-weight:bold;font-family:Frutiger Neue 1450 Pro Regular;font-size:16px\">Affichage : <\/span><span style=\"font-family:Frutiger Neue 1450 Pro Regular;font-size:16px\">cadre noir, avec fond blanc ou noir<\/span><\/p>\n<p><span style=\"font-weight:bold;font-family:Frutiger Neue 1450 Pro Regular;font-size:16px\">Possibilit\u00e9s de r\u00e9glage:<\/span><span style=\"font-family:Frutiger Neue 1450 Pro Regular;font-size:16px\"> Heures, minutes <\/span><\/p>\n<p><span style=\"font-weight:bold;font-family:Frutiger Neue 1450 Pro Regular;font-size:16px\">Poids:<\/span><span style=\"font-family:Frutiger Neue 1450 Pro Regular;font-size:16px\"> 38 grammes<\/span><\/p>\n<p><span style=\"font-weight:bold;font-family:Frutiger Neue 1450 Pro Regular;font-size:16px\">Contraste : <\/span><span style=\"font-family:Frutiger Neue 1450 Pro Regular;font-size :16px\">fond blanc ou noir<\/span><span style=\"font-weight:bold;font-family:Frutiger Neue 1450 Pro Regular;font-size:16px\">, <\/span><span style=\"font-family:Frutiger Neue 1450 Pro Regular;font-size:16px\">selon votre choix<\/span><\/p>.\n<p><span style=\"font-weight:bold;font-family:Frutiger Nouvelle 1450 Pro Regular;font-size:16px\">Couronne :<\/span><span style=\"font-family:Frutiger Nouvelle 1450 Pro Regular;font-size:16px\"> oui<\/span><\/p>\n<p><span style=\"font-weight:bold;font-family:Frutiger Neue 1450 Pro Regular;font-size:16px\">Prot\u00e9g\u00e9 contre les \u00e9claboussures:<\/span><span style=\"font-family:Frutiger Neue 1450 Pro Regular;font-size:16px\"> oui<\/span><\/p>\n<p><span style=\"font-weight:bold;font-family:Frutiger Neue 1450 Pro Regular;font-size:16px\">Alimentation \u00e9lectrique:<\/span><span style=\"font-family:Frutiger Neue 1450 Pro Regular;font-size:16px\"> 1 pile 371<\/span><\/p>\n<p><span style=\"font-weight:bold;font-family:Frutiger Neue 1450 Pro Regular;font-size:16px\">Tactile : non<\/span><span style=\"font-family:Frutiger Neue 1450 Pro Regular;font-size :16px\"> non<\/span><span style=\"font-weight:bold;font-family:Frutiger Neue 1450 Pro Regular;font-size:16px\">Technologie:<\/span><span style=\"font-family:Frutiger Neue 1450 Pro Regular;font-size:16px\"> Quartz<\/span><\/p>\n<p><span style=\"font-weight:bold;font-family:Frutiger Neue 1450 Pro Regular;font-size:16px\">Ton:<\/span><span style=\"font-family:Frutiger Neue 1450 Pro Regular;font-size:16px\"> -<\/span><\/p>\n<\/p>\n<\/div>","protected":false},"excerpt":{"rendered":"<p>Montre ARSA Jumbo, 40 mm<\/p>","protected":false},"featured_media":4205,"comment_status":"open","ping_status":"closed","template":"","meta":{"_acf_changed":false},"product_brand":[],"product_cat":[766,748],"product_tag":[],"class_list":{"0":"post-1210","1":"product","2":"type-product","3":"status-publish","4":"has-post-thumbnail","6":"product_cat-748kontrast-lowvision","7":"product_cat-0uhren","9":"first","10":"outofstock","11":"taxable","12":"shipping-taxable","13":"purchasable","14":"product-type-variable"},"acf":[],"_links":{"self":[{"href":"https:\/\/shop.szblind.ch\/fr\/wp-json\/wp\/v2\/product\/1210","targetHints":{"allow":["GET"]}}],"collection":[{"href":"https:\/\/shop.szblind.ch\/fr\/wp-json\/wp\/v2\/product"}],"about":[{"href":"https:\/\/shop.szblind.ch\/fr\/wp-json\/wp\/v2\/types\/product"}],"replies":[{"embeddable":true,"href":"https:\/\/shop.szblind.ch\/fr\/wp-json\/wp\/v2\/comments?post=1210"}],"wp:featuredmedia":[{"embeddable":true,"href":"https:\/\/shop.szblind.ch\/fr\/wp-json\/wp\/v2\/media\/4205"}],"wp:attachment":[{"href":"https:\/\/shop.szblind.ch\/fr\/wp-json\/wp\/v2\/media?parent=1210"}],"wp:term":[{"taxonomy":"product_brand","embeddable":true,"href":"https:\/\/shop.szblind.ch\/fr\/wp-json\/wp\/v2\/product_brand?post=1210"},{"taxonomy":"product_cat","embeddable":true,"href":"https:\/\/shop.szblind.ch\/fr\/wp-json\/wp\/v2\/product_cat?post=1210"},{"taxonomy":"product_tag","embeddable":true,"href":"https:\/\/shop.szblind.ch\/fr\/wp-json\/wp\/v2\/product_tag?post=1210"}],"curies":[{"name":"wp","href":"https:\/\/api.w.org\/{rel}","templated":true}]}}