{"id":1260,"date":"2025-04-11T07:13:45","date_gmt":"2025-04-11T07:13:45","guid":{"rendered":"https:\/\/pingwoo.szblind.ch\/produkt\/praegeband-2\/"},"modified":"2026-04-15T09:03:49","modified_gmt":"2026-04-15T09:03:49","slug":"praegeband-2","status":"publish","type":"product","link":"https:\/\/shop.szblind.ch\/fr\/produkt\/praegeband-2\/","title":{"rendered":"Rubans dymo autocollante 9 mm"},"content":{"rendered":"<div class='html translation-block'>\n<p class=\"attachment\"><a href='https:\/\/shop.szblind.ch\/wp-content\/uploads\/2025\/12\/70d5e2b3-5a56-44a1-f794-9b3c777af814_12_055.jpg'><img loading=\"lazy\" width=\"300\" height=\"192\" src=\"https:\/\/shop.szblind.ch\/wp-content\/uploads\/2025\/12\/70d5e2b3-5a56-44a1-f794-9b3c777af814_12_055-300x192.jpg\" class=\"attachment-medium size-medium\" alt=\"12_055.jpg\" \/><\/a><\/p>\n<p><span style=\"font-family:Frutiger Neue 1450 Pro Regular;font-size:16px;color:#000000\">Recommand\u00e9 aux personnes souffrant de c\u00e9cit\u00e9, de d\u00e9ficience visuelle ou de surdic\u00e9cit\u00e9<\/span><\/p>.\n<p><span style=\"font-family:Frutiger Neue 1450 Pro Regular;font-size:16px;color:#000000\">Manipulation : simple - moyenne<\/span><\/p>\n<p><span style=\"font-weight:bold;font-size:19px\">Sp\u00e9cificit\u00e9s:<\/span><\/p>\n<p><span>- Disponible en 2 couleurs<\/span><\/p>\n<p><span style=\"font-weight:bold;font-size:19px\">Description:<\/span><\/p>\n<p><span style=\"font-weight:bold;font-family:Frutiger Neue 1450 Pro Regular;font-size:16px;color:#000000\">Largeur : <\/span><span style=\"font-family:Frutiger Neue 1450 Pro Regular;font-size:16px;color:#000000\">9 mm<\/span><\/p>\n<p><span style=\"font-weight:bold;font-family:Frutiger Neue 1450 Pro Regular;font-size:16px;color:#000000\">Couleur : <\/span><span style=\"font-family:Frutiger Neue 1450 Pro Regular;font-size:16px;color:#000000\">noir \/ rouge<\/span><\/p>\n<p><span style=\"font-weight:bold;font-family:Frutiger Neue 1450 Pro Regular;font-size:16px;color:#000000\">Poids : 16<\/span><span style=\"font-family:Frutiger Neue 1450 Pro Regular;font-size:16px;color:#000000\"> grammes<\/span><\/p>.\n<p><span style=\"font-weight:bold;font-family:Frutiger Neue 1450 Pro Regular;font-size:16px;color:#000000\">Longueur : 3<\/span><span style=\"font-family:Frutiger Neue 1450 Pro Regular;font-size:16px;color:#000000\"> m<\/span><\/p>\n<p><span style=\"font-weight:bold;font-family:Frutiger Neue 1450 Pro Regular;font-size:16px;color:#000000\">Produits compl\u00e9mentaires : <\/span><span style=\"font-family:Frutiger Neue 1450 Pro Regular;font-size:16px;color:#000000\">Collier de serrage Dymo (04.780, 04.781), pochoirs ou tableaux braille (04.310, 04.320), support de bande \u00e0 gaufrer pour rubans Dymo (03.026 et 03.210)<\/span><\/p>\n<\/p>\n<\/div>","protected":false},"excerpt":{"rendered":"<p>Rubans dymo autocollante 9 mm<\/p>","protected":false},"featured_media":4131,"comment_status":"open","ping_status":"closed","template":"","meta":{"_acf_changed":false},"product_brand":[],"product_cat":[752,779],"product_tag":[],"class_list":{"0":"post-1260","1":"product","2":"type-product","3":"status-publish","4":"has-post-thumbnail","6":"product_cat-0kennzeichnung","7":"product_cat-752markierungsmaterial","9":"first","10":"outofstock","11":"taxable","12":"shipping-taxable","13":"purchasable","14":"product-type-variable"},"acf":[],"_links":{"self":[{"href":"https:\/\/shop.szblind.ch\/fr\/wp-json\/wp\/v2\/product\/1260","targetHints":{"allow":["GET"]}}],"collection":[{"href":"https:\/\/shop.szblind.ch\/fr\/wp-json\/wp\/v2\/product"}],"about":[{"href":"https:\/\/shop.szblind.ch\/fr\/wp-json\/wp\/v2\/types\/product"}],"replies":[{"embeddable":true,"href":"https:\/\/shop.szblind.ch\/fr\/wp-json\/wp\/v2\/comments?post=1260"}],"wp:featuredmedia":[{"embeddable":true,"href":"https:\/\/shop.szblind.ch\/fr\/wp-json\/wp\/v2\/media\/4131"}],"wp:attachment":[{"href":"https:\/\/shop.szblind.ch\/fr\/wp-json\/wp\/v2\/media?parent=1260"}],"wp:term":[{"taxonomy":"product_brand","embeddable":true,"href":"https:\/\/shop.szblind.ch\/fr\/wp-json\/wp\/v2\/product_brand?post=1260"},{"taxonomy":"product_cat","embeddable":true,"href":"https:\/\/shop.szblind.ch\/fr\/wp-json\/wp\/v2\/product_cat?post=1260"},{"taxonomy":"product_tag","embeddable":true,"href":"https:\/\/shop.szblind.ch\/fr\/wp-json\/wp\/v2\/product_tag?post=1260"}],"curies":[{"name":"wp","href":"https:\/\/api.w.org\/{rel}","templated":true}]}}