{"id":1474,"date":"2025-04-11T07:15:16","date_gmt":"2025-04-11T07:15:16","guid":{"rendered":"https:\/\/pingwoo.szblind.ch\/produkt\/uhr-sprechend-2\/"},"modified":"2026-04-15T09:06:26","modified_gmt":"2026-04-15T09:06:26","slug":"horloge-parlante-2","status":"publish","type":"product","link":"https:\/\/shop.szblind.ch\/fr\/produkt\/uhr-sprechend-2\/","title":{"rendered":"Zeitgeist 2 parlant, tactile, \u00e9cran"},"content":{"rendered":"<div class='html translation-block'>\n<p class=\"attachment\"><a href='https:\/\/shop.szblind.ch\/wp-content\/uploads\/2025\/12\/636_0_1_08_090_g.jpg'><img loading=\"lazy\" width=\"300\" height=\"192\" src=\"https:\/\/shop.szblind.ch\/wp-content\/uploads\/2025\/12\/636_0_1_08_090_g-300x192.jpg\" class=\"attachment-medium size-medium\" alt=\"08_090_g.jpg\" \/><\/a><\/p>\n<p><span style=\"font-family:Frutiger Neue 1450 Pro Regular;font-size:16px\">Recommand\u00e9 aux personnes souffrant de c\u00e9cit\u00e9, de d\u00e9ficience visuelle ou de surdic\u00e9cit\u00e9<\/span><\/p>.\n<\/p>\n<p><span style=\"font-weight:bold;font-family:Frutiger Neue 1450 Pro Regular;font-size:19px\">Montre parlante \u00e0 porter autour du cou<\/span><\/p>.\n<\/p>\n<p><span style=\"font-family:Frutiger Neue 1450 Pro Regular;font-size:16px\">Popularit\u00e9 du produit : parmi les meilleures ventes<\/span><\/p>\n<p><span style=\"font-family:Frutiger Neue 1450 Pro Regular;font-size:16px\">Manipulation : moyenne<\/span><\/p>\n<p><span style=\"font-weight:bold;font-family:Frutiger Neue 1450 Pro Regular;font-size:19px\">Sp\u00e9cificit\u00e9s:<\/span><\/p>\n<p><span style=\"font-family:Frutiger Neue 1450 Pro Regular;font-size:16px\">- Bonne synth\u00e8se vocale<\/span><\/p>\n<p><span style=\"font-family:Frutiger Neue 1450 Pro Regular;font-size:16px\">- Radiocommand\u00e9<\/span><\/p>\n<p><span style=\"font-family:Frutiger Neue 1450 Pro Regular;font-size:16px\">- Dictaphone pour notes vocales<\/span><\/p>\n<p><span style=\"font-family:Frutiger Neue 1450 Pro Regular;font-size:16px\">- Vibrant<\/span><\/p>\n<p><span style=\"font-weight:bold;font-family:Frutiger Neue 1450 Pro Regular;font-size:19px\">Description:<\/span><\/p>\n<p><span style=\"font-weight:bold;font-family:Frutiger Neue 1450 Pro Regular;font-size:16px\">Dimensions du cadran:<\/span><span style=\"font-family:Frutiger 55 Roman;font-size:16px\"> <\/span><span style=\"font-family:Frutiger Neue 1450 Pro Regular;font-size:16px\">7 x 4 x 1 cm , \u00e9cran 2.3 x 2.3 cm<br \/><\/span><span style=\"font-weight:bold;font-family:Frutiger Neue 1450 Pro Regular;font-size:16px\">Alarme\/e:<\/span><span style=\"font-family:Frutiger 55 Roman;font-size :16px\"> <\/span><span style=\"font-family:Frutiger Neue 1450 Pro Regular;font-size:16px\">Oui, r\u00e9glable tous les jours, jours ouvrables, et week-end<br \/><\/span><span style=\"font-weight :bold;font-family:Frutiger Neue 1450 Pro Regular;font-size:16px\">Annonce:<\/span><span style=\"font-family:Frutiger 55 Roman;font-size:16px\"> <\/span><span style=\"font-family:Frutiger Neue 1450 Pro Regular;font-size:16px\">Heure, date, jour, semaine et phase de lune<br \/><\/span><span style=\"font-weight :bold;font-family:Frutiger Neue 1450 Pro Regular;font-size:16px\">Bracelet:<\/span><span style=\"font-family:Frutiger 55 Roman;font-size:16px\"> <\/span><span style=\"font-family:Frutiger Neue 1450 Pro Regular;font-size:16px\">-,<\/span><span style=\"font-family:Frutiger 55 Roman;font-size:16px\"> <\/span><span style=\"font-family :Frutiger Neue 1450 Pro Regular;font-size:16px\">Boucle de la main<\/span><span style=\"font-family:Frutiger 55 Roman;font-size:16px\"> <br \/><\/span><span style=\"font-weight:bold;font-family:Frutiger Neue 1450 Pro Regular;font-size:16px\">Annonce automatique de l'heure :<\/span><span style=\"font-family:Frutiger 55 Roman;font-size :16px\"> <\/span><span style=\"font-family:Frutiger Neue 1450 Pro Regular;font-size:16px\">oui, r\u00e9glable<br \/><\/span><span style=\"font-weight:bold;font-family:Frutiger Neue 1450 Pro Regular;font-size:16px\">dur\u00e9e de fonctionnement:<\/span><span style=\"font-family:Frutiger 55 Roman;font-size:16px\"> j<\/span><span style=\"font-family :Frutiger Neue 1450 Pro Regular;font-size:16px\">selon l'utilisation<\/span><span style=\"font-family:Frutiger 55 Roman;font-size:16px\">, <\/span><span style=\"font-family:Frutiger Neue 1450 Pro Regular;font-size:16px\">doit \u00eatre recharg\u00e9 apr\u00e8s quelques semaines<br \/><\/span><span style=\"font-weight:bold;font-family :Frutiger Neue 1450 Pro Regular;font-size:16px\">Possibilit\u00e9s de r\u00e9glage:<\/span><span style=\"font-family:Frutiger 55 Roman;font-size:16px\"> <\/span><span style=\"font-family:Frutiger Neue 1450 Pro Regular;font-size:16px\">Calendrier, dictaphone, capteur de lumi\u00e8re, boussole, podom\u00e8tre<\/span><span style=\"font-family :Frutiger 55 Roman;font-size:16px\"> <br \/><\/span><span style=\"font-weight:bold;font-family:Frutiger Neue 1450 Pro Regular;font-size:16px\">Poids:<\/span><span style=\"font-family:Frutiger 55 Roman;font-size:16px\"> <\/span><span style=\"font-family:Frutiger Neue 1450 Pro Regular;font-size:16px\">29<\/span><span style=\"font-family :Frutiger 55 Roman;font-size:16px\"> <\/span><span style=\"font-family:Frutiger Neue 1450 Pro Regular;font-size:16px\">Grammes<\/span><span style=\"font-family:Frutiger 55 Roman;font-size:16px\"> <br \/><\/span><span style=\"font-weight:bold;font-family:Frutiger Neue 1450 Pro Regular;font-size:16px\">Boutons:<\/span><span style=\"font-family :Frutiger 55 Roman;font-size:16px\"> <\/span><span style=\"font-family:Frutiger Neue 1450 Pro Regular;font-size:16px\">3 boutons lat\u00e9raux<\/span><span style=\"font-family:Frutiger 55 Roman;font-size:16px\"> <br \/><\/span><span style=\"font-weight:bold;font-family:Frutiger Neue 1450 Pro Regular;font-size:16px\">Couronne :<\/span><span style=\"font-family:Frutiger 55 Roman;font-size:16px\"> <\/span><span style=\"font-family:Frutiger Neue 1450 Pro Regular;font-size:16px\">-<\/span><span style=\"font-family:Frutiger 55 Roman;font-size:16px\"> <br \/><\/span><span style=\"font-weight:bold;font-family:Frutiger Neue 1450 Pro Regular;font-size :16px\">Volume : <\/span><span style=\"font-family:Frutiger Neue 1450 Pro Regular;font-size:16px\">r\u00e9glable 1-5<br \/><\/span><span style=\"font-weight:bold;font-family:Frutiger Neue 1450 Pro Regular;font-size:16px\">Sortie vocale:<\/span><span style=\"font-family:Frutiger 55 Roman;font-size:16px\"> <\/span><span style=\"font-family :Frutiger Neue 1450 Pro Regular;font-size:16px\">R\u00e9compens\u00e9<\/span><span style=\"font-family:Frutiger 55 Roman;font-size:16px\"> <br \/><\/span><span style=\"font-weight:bold;font-family:Frutiger Neue 1450 Pro Regular;font-size:16px\">Langues : <\/span><span style=\"font-family:Frutiger Neue 1450 Pro Regular;font-size :16px\">Allemand, Italien, Fran\u00e7ais<\/span><span style=\"font-family:Frutiger 55 Roman;font-size:16px\"> <br \/><\/span><span style=\"font-weight:bold;font-family:Frutiger Neue 1450 Pro Regular;font-size:16px\">Voix : <\/span><span style=\"font-family:Frutiger Neue 1450 Pro Regular;font-size:16px\">F\u00e9minine<\/span><span style=\"font-family :Frutiger 55 Roman;font-size:16px\"> <br \/><\/span><span style=\"font-weight:bold;font-family:Frutiger Neue 1450 Pro Regular;font-size:16px\">Prot\u00e9g\u00e9 contre les chocs :<\/span><span style=\"font-family:Frutiger 55 Roman;font-size:16px\"> <\/span><span style=\"font-family:Frutiger Neue 1450 Pro Regular;font-size:16px\">non<\/span><span style=\"font-family :Frutiger 55 Roman;font-size:16px\"> <br \/><\/span><span style=\"font-weight:bold;font-family:Frutiger Neue 1450 Pro Regular;font-size:16px\">Alimentation \u00e9lectrique:<\/span><span style=\"font-family:Frutiger 55 Roman;font-size:16px\"> <\/span><span style=\"font-family:Frutiger Neue 1450 Pro Regular;font-size:16px\">1 batterie 3.7 V, 400 mAh, rechargeable, chargeur fourni<\/span><span style=\"font-family:Frutiger 55 Roman;font-size:16px\"> <br \/><\/span><span style=\"font-weight:bold;font-family:Frutiger Neue 1450 Pro Regular;font-size:16px\">Technologie:<\/span><span style=\"font-family :Frutiger 55 Roman;font-size:16px\"> <\/span><span style=\"font-family:Frutiger Neue 1450 Pro Regular;font-size:16px\">Num\u00e9rique, radiocommand\u00e9<br \/><\/span><span style=\"font-weight:bold;font-family:Frutiger Neue 1450 Pro Regular;font-size:16px\">Etanche \u00e0 l'eau:<\/span><span style=\"font-family :Frutiger 55 Roman;font-size:16px\"> <\/span><span style=\"font-family:Frutiger Neue 1450 Pro Regular;font-size:16px\">non<\/span><span style=\"font-family:Frutiger 55 Roman;font-size:16px\"> <br \/><\/span><span style=\"font-weight:bold;font-family:Frutiger Neue 1450 Pro Regular;font-size :16px\">Cadran\/affichage:<\/span><span style=\"font-family:Frutiger 55 Roman;font-size:16px\"> <\/span><span style=\"font-family:Frutiger Neue 1450 Pro Regular;font-size:16px\">cadran noir, \u00e9cran gris clair et chiffres num\u00e9riques gris clair<\/span><\/p>.\n<\/p>\n<p><span style=\"font-family:Times New Roman;font-size:15px\"> <\/span><\/p>\n<\/p>\n<\/div>","protected":false},"excerpt":{"rendered":"<p>Montre \"Zeitgeist 2\"<\/p>","protected":false},"featured_media":4357,"comment_status":"open","ping_status":"closed","template":"","meta":{"_acf_changed":false},"product_brand":[],"product_cat":[764,748],"product_tag":[],"class_list":{"0":"post-1474","1":"product","2":"type-product","3":"status-publish","4":"has-post-thumbnail","6":"product_cat-748sprachausgabe","7":"product_cat-0uhren","9":"first","10":"outofstock","11":"taxable","12":"shipping-taxable","13":"purchasable","14":"product-type-variable"},"acf":[],"_links":{"self":[{"href":"https:\/\/shop.szblind.ch\/fr\/wp-json\/wp\/v2\/product\/1474","targetHints":{"allow":["GET"]}}],"collection":[{"href":"https:\/\/shop.szblind.ch\/fr\/wp-json\/wp\/v2\/product"}],"about":[{"href":"https:\/\/shop.szblind.ch\/fr\/wp-json\/wp\/v2\/types\/product"}],"replies":[{"embeddable":true,"href":"https:\/\/shop.szblind.ch\/fr\/wp-json\/wp\/v2\/comments?post=1474"}],"wp:featuredmedia":[{"embeddable":true,"href":"https:\/\/shop.szblind.ch\/fr\/wp-json\/wp\/v2\/media\/4357"}],"wp:attachment":[{"href":"https:\/\/shop.szblind.ch\/fr\/wp-json\/wp\/v2\/media?parent=1474"}],"wp:term":[{"taxonomy":"product_brand","embeddable":true,"href":"https:\/\/shop.szblind.ch\/fr\/wp-json\/wp\/v2\/product_brand?post=1474"},{"taxonomy":"product_cat","embeddable":true,"href":"https:\/\/shop.szblind.ch\/fr\/wp-json\/wp\/v2\/product_cat?post=1474"},{"taxonomy":"product_tag","embeddable":true,"href":"https:\/\/shop.szblind.ch\/fr\/wp-json\/wp\/v2\/product_tag?post=1474"}],"curies":[{"name":"wp","href":"https:\/\/api.w.org\/{rel}","templated":true}]}}