{"id":1479,"date":"2025-04-11T07:15:17","date_gmt":"2025-04-11T07:15:17","guid":{"rendered":"https:\/\/pingwoo.szblind.ch\/produkt\/kinderstock\/"},"modified":"2026-04-23T10:32:00","modified_gmt":"2026-04-23T10:32:00","slug":"canne-pour-enfant","status":"publish","type":"product","link":"https:\/\/shop.szblind.ch\/fr\/produkt\/kinderstock\/","title":{"rendered":"Canne longue enfant pliable Comde Type Canne \u00e0 pointer, \u00e0 visser"},"content":{"rendered":"<div class='html translation-block'>\n<p class=\"attachment\"><a href='https:\/\/shop.szblind.ch\/wp-content\/uploads\/2025\/12\/1055_0_1_01_608.jpg'><img loading=\"lazy\" width=\"300\" height=\"192\" src=\"https:\/\/shop.szblind.ch\/wp-content\/uploads\/2025\/12\/1055_0_1_01_608-300x192.jpg\" class=\"attachment-medium size-medium\" alt=\"01_608.jpg\" \/><\/a><\/p>\n<p><span style=\"font-family:Frutiger 55 Roman;font-size:16px;color:#000000\">Recommand\u00e9 aux enfants et aux adultes atteints de c\u00e9cit\u00e9, de d\u00e9ficience visuelle et de surdic\u00e9cit\u00e9<\/span><\/p>.\n<p><span style=\"font-weight:bold;font-family:Frutiger Neue 1450 Pro Regular;font-size:19px;color:#000000\">Canne longue de haute qualit\u00e9 et l\u00e9g\u00e8re pour enfants<\/span><\/p>.\n<p><span style=\"font-family:Frutiger 55 Roman;font-size:16px;color:#000000\">Maniement : avant de remettre votre premi\u00e8re canne, veuillez vous faire former par un sp\u00e9cialiste de la mobilit\u00e9. Vous trouverez les adresses des centres de consultation sur notre page principale de la boutique www.hilfsmittel.szblind.ch. <\/span><\/p>\n<p><span style=\"font-weight:bold;font-family:Frutiger Neue 1450 Pro Regular;font-size:19px;color:#000000\">Sp\u00e9cificit\u00e9s:<\/span><\/p>\n<p><span style=\"font-family:Frutiger 55 Roman;font-size:16px;color:#000000\">- Transmission optimale de l'information entre la canne et l'utilisateur<\/span><\/p>\n<p><span style=\"font-family:Frutiger 55 Roman;font-size:16px;color:#000000\">- Livr\u00e9e sans embout<\/span><\/p>\n<p><span style=\"font-family:Frutiger 55 Roman;font-size:16px;color:#000000\">- Disponible en 3 tailles<\/span><\/p>\n<p><span style=\"font-family:Frutiger 55 Roman;font-size:16px;color:#000000\">- Financement possible par l'AI<\/span><\/p>\n<p><span style=\"font-weight:bold;font-family:Frutiger Neue 1450 Pro Regular;font-size:19px;color:#000000\">Description :<\/span><\/p>\n<p><span style=\"font-weight:bold;font-family:Frutiger Neue 1450 Pro Regular;font-size:16px;color:#000000\">Couleur:<\/span><\/p>\n<p><span style=\"font-family:Frutiger 55 Roman;font-size:16px;color:#000000\">- Stock : blanc<\/span><\/p>\n<p><span style=\"font-family:Frutiger 55 Roman;font-size:16px;color:#000000\">- Poign\u00e9e : marron clair<\/span><\/p>\n<p><span style=\"font-weight:bold;font-family:Frutiger Neue 1450 Pro Regular;font-size:16px;color:#000000\">Poids : 75, 86, 97 grammes<\/span><\/p>.\n<p><span style=\"font-weight:bold;font-family:Frutiger Neue 1450 Pro Regular;font-size:16px;color:#000000\">Sangle de main : <\/span><span style=\"font-family:Frutiger 55 Roman;font-size:16px;color:#000000\">oui<\/span><\/p>\n<p><span style=\"font-weight:bold;font-family:Frutiger Neue 1450 Pro Regular;font-size:16px;color:#000000\">Longueur<\/span><span style=\"font-family:Frutiger 55 Roman;font-size:16px;color:#000000\"> : <\/span><\/p>\n<p><span style=\"font-family:Frutiger 55 Roman;font-size:16px;color:#000000\">- Stock : 82.5 - 98.5 - 114.5, pli\u00e9 <\/span><\/p>\n<p><span style=\"font-family:Frutiger 55 Roman;font-size:16px;color:#000000\">- Poign\u00e9e : 15 cm<\/span><\/p>\n<p><span style=\"font-weight:bold;font-family:Frutiger Neue 1450 Pro Regular;font-size:16px;color:#000000\">Mat\u00e9riel : <\/span><\/p>\n<p><span style=\"font-family:Frutiger 55 Roman;font-size:16px;color:#000000\">- B\u00e2ton : aluminium peint par poudrage<\/span><\/p>\n<p><span style=\"font-family:Frutiger 55 Roman;font-size:16px;color:#000000\">- Poign\u00e9e : h\u00eatre <\/span><\/p>\n<p><span style=\"font-weight:bold;font-family:Frutiger Neue 1450 Pro Regular;font-size:16px;color:#000000\">Diam\u00e8tre du tube : 8.5mm<\/span><\/p>\n<p><span style=\"font-weight:bold;font-family:Frutiger Neue 1450 Pro Regular;font-size:16px;color:#000000\">Pointes : <\/span><span style=\"font-family:Frutiger 55 Roman;font-size:16px;color:#000000\">compatible avec 01.01.721, 01.744, 01.745, 01.751, 01.752, 01.757, 01.758<\/span><\/p>\n<p><span style=\"font-weight:bold;font-family:Frutiger Neue 1450 Pro Regular;font-size:16px;color:#000000\">Syst\u00e8me \u00e0 plots:<\/span><span style=\"font-family:Frutiger 55 Roman;font-size:16px;color:#000000\"> 5-6-7 pi\u00e8ces, pliable<\/span><\/p>\n<\/p>\n<\/div>","protected":false},"excerpt":{"rendered":"<p>Canne blanche pour enfant<\/p>","protected":false},"featured_media":4755,"comment_status":"open","ping_status":"closed","template":"","meta":{"_acf_changed":false},"product_brand":[],"product_cat":[759,747],"product_tag":[],"class_list":{"0":"post-1479","1":"product","2":"type-product","3":"status-publish","4":"has-post-thumbnail","6":"product_cat-747kinderlangstcke","7":"product_cat-0mobilitt","9":"first","10":"outofstock","11":"taxable","12":"shipping-taxable","13":"purchasable","14":"product-type-variable"},"acf":[],"_links":{"self":[{"href":"https:\/\/shop.szblind.ch\/fr\/wp-json\/wp\/v2\/product\/1479","targetHints":{"allow":["GET"]}}],"collection":[{"href":"https:\/\/shop.szblind.ch\/fr\/wp-json\/wp\/v2\/product"}],"about":[{"href":"https:\/\/shop.szblind.ch\/fr\/wp-json\/wp\/v2\/types\/product"}],"replies":[{"embeddable":true,"href":"https:\/\/shop.szblind.ch\/fr\/wp-json\/wp\/v2\/comments?post=1479"}],"wp:featuredmedia":[{"embeddable":true,"href":"https:\/\/shop.szblind.ch\/fr\/wp-json\/wp\/v2\/media\/4755"}],"wp:attachment":[{"href":"https:\/\/shop.szblind.ch\/fr\/wp-json\/wp\/v2\/media?parent=1479"}],"wp:term":[{"taxonomy":"product_brand","embeddable":true,"href":"https:\/\/shop.szblind.ch\/fr\/wp-json\/wp\/v2\/product_brand?post=1479"},{"taxonomy":"product_cat","embeddable":true,"href":"https:\/\/shop.szblind.ch\/fr\/wp-json\/wp\/v2\/product_cat?post=1479"},{"taxonomy":"product_tag","embeddable":true,"href":"https:\/\/shop.szblind.ch\/fr\/wp-json\/wp\/v2\/product_tag?post=1479"}],"curies":[{"name":"wp","href":"https:\/\/api.w.org\/{rel}","templated":true}]}}