{"id":1628,"date":"2025-04-11T07:15:57","date_gmt":"2025-04-11T07:15:57","guid":{"rendered":"https:\/\/pingwoo.szblind.ch\/produkt\/kunststoffspitze-23\/"},"modified":"2026-04-15T09:03:49","modified_gmt":"2026-04-15T09:03:49","slug":"pointe-en-plastique-23","status":"publish","type":"product","link":"https:\/\/shop.szblind.ch\/fr\/produkt\/kunststoffspitze-23\/","title":{"rendered":"Pointe \u00e0 disque pour b\u00e2ton d'ambulance Disque, pivotant, crochet"},"content":{"rendered":"<div class='html translation-block'>\n<p class=\"attachment\"><a href='https:\/\/shop.szblind.ch\/wp-content\/uploads\/2025\/12\/438_0_1_01_101.jpg'><img loading=\"lazy\" width=\"300\" height=\"192\" src=\"https:\/\/shop.szblind.ch\/wp-content\/uploads\/2025\/12\/438_0_1_01_101-300x192.jpg\" class=\"attachment-medium size-medium\" alt=\"01_101.JPG\" \/><\/a><\/p>\n<p><span style=\"font-family:Frutiger Neue 1450 Pro Regular;font-size:16px\">Recommand\u00e9 aux personnes souffrant de c\u00e9cit\u00e9, de d\u00e9ficience visuelle ou de surdic\u00e9cit\u00e9<\/span><\/p>.\n<\/p>\n<p><span style=\"font-family:Frutiger Neue 1450 Pro Regular;font-size:16px\">Publicit\u00e9 du produit : Best-seller<\/span><\/p>\n<p><span style=\"font-family:Frutiger Neue 1450 Pro Regular;font-size:16px\">Manipulation : Syst\u00e8me \u00e0 crochet Ambutech<\/span><\/p>\n<p><span style=\"font-weight:bold;font-family:Frutiger Neue 1450 Pro Regular;font-size:19px\">Sp\u00e9cificit\u00e9s:<\/span><\/p>\n<p><span style=\"font-family:Frutiger Neue 1450 Pro Regular;font-size:16px\">- Disque de grande taille<\/span><\/p>\n<p><span style=\"font-family:Frutiger Neue 1450 Pro Regular;font-size:16px\">- Financement possible par l'AI<\/span><\/p>\n<p><span style=\"font-weight:bold;font-family:Frutiger Neue 1450 Pro Regular;font-size:19px\">Description:<\/span><\/p>\n<p><span style=\"font-weight:bold;font-family:Frutiger Neue 1450 Pro Regular;font-size:16px\">Couleur : <\/span><span style=\"font-family:Frutiger Neue 1450 Pro Regular;font-size:16px\">blanc\/rouge<\/span><\/p>\n<p><span style=\"font-weight:bold;font-family:Frutiger Neue 1450 Pro Regular;font-size:16px\">Pour les cannes suivantes:<\/span><span style=\"font-family:Frutiger Neue 1450 Pro Regular;font-size:16px\"> Ambutech 01.020-, 01.023-, 01.026-<\/span><\/p>\n<p><span style=\"font-weight:bold;font-family:Frutiger Neue 1450 Pro Regular;font-size:16px\">Poids:<\/span><span style=\"font-family:Frutiger Neue 1450 Pro Regular;font-size:16px\"> 67 grammes<\/span><\/p>\n<p><span style=\"font-weight:bold;font-family:Frutiger Neue 1450 Pro Regular;font-size:16px\">Taille:150<\/span><span style=\"font-family:Frutiger Neue 1450 Pro Regular;font-size:16px\"> mm de diam\u00e8tre <\/span><\/p>\n<p><span style=\"font-weight:bold;font-family:Frutiger Neue 1450 Pro Regular;font-size:16px\">Crochet ou filetage : syst\u00e8me de crochet Ambutech<\/span><span style=\"font-family:Frutiger Neue 1450 Pro Regular;font-size:16px\"> <\/span><\/p>\n<p><span style=\"font-weight:bold;font-family:Frutiger Neue 1450 Pro Regular;font-size:16px\">Mat\u00e9riel : <\/span><span style=\"font-family:Frutiger Neue 1450 Pro Regular;font-size:16px\">Plastique<\/span><\/p>\n<p><span style=\"font-weight:bold;font-family:Frutiger Neue 1450 Pro Regular;font-size:16px\">Syst\u00e8me de mobilit\u00e9:<\/span><span style=\"font-family:Frutiger Neue 1450 Pro Regular;font-size:16px\"> avec pointe roulante<\/span><\/p>\n<\/p>\n<\/div>","protected":false},"excerpt":{"rendered":"<p>Embout &laquo; neige et sable&raquo; pour Ambutech<\/p>","protected":false},"featured_media":4182,"comment_status":"open","ping_status":"closed","template":"","meta":{"_acf_changed":false},"product_brand":[],"product_cat":[747,861],"product_tag":[],"class_list":{"0":"post-1628","1":"product","2":"type-product","3":"status-publish","4":"has-post-thumbnail","6":"product_cat-0mobilitt","7":"product_cat-747zubehr-langstcke","9":"first","10":"outofstock","11":"taxable","12":"shipping-taxable","13":"purchasable","14":"product-type-variable"},"acf":[],"_links":{"self":[{"href":"https:\/\/shop.szblind.ch\/fr\/wp-json\/wp\/v2\/product\/1628","targetHints":{"allow":["GET"]}}],"collection":[{"href":"https:\/\/shop.szblind.ch\/fr\/wp-json\/wp\/v2\/product"}],"about":[{"href":"https:\/\/shop.szblind.ch\/fr\/wp-json\/wp\/v2\/types\/product"}],"replies":[{"embeddable":true,"href":"https:\/\/shop.szblind.ch\/fr\/wp-json\/wp\/v2\/comments?post=1628"}],"wp:featuredmedia":[{"embeddable":true,"href":"https:\/\/shop.szblind.ch\/fr\/wp-json\/wp\/v2\/media\/4182"}],"wp:attachment":[{"href":"https:\/\/shop.szblind.ch\/fr\/wp-json\/wp\/v2\/media?parent=1628"}],"wp:term":[{"taxonomy":"product_brand","embeddable":true,"href":"https:\/\/shop.szblind.ch\/fr\/wp-json\/wp\/v2\/product_brand?post=1628"},{"taxonomy":"product_cat","embeddable":true,"href":"https:\/\/shop.szblind.ch\/fr\/wp-json\/wp\/v2\/product_cat?post=1628"},{"taxonomy":"product_tag","embeddable":true,"href":"https:\/\/shop.szblind.ch\/fr\/wp-json\/wp\/v2\/product_tag?post=1628"}],"curies":[{"name":"wp","href":"https:\/\/api.w.org\/{rel}","templated":true}]}}