{"id":1718,"date":"2025-04-11T07:17:47","date_gmt":"2025-04-11T07:17:47","guid":{"rendered":"https:\/\/pingwoo.szblind.ch\/produkt\/armbanduhr-braille-6\/"},"modified":"2026-04-17T16:28:45","modified_gmt":"2026-04-17T16:28:45","slug":"montre-braille-6","status":"publish","type":"product","link":"https:\/\/shop.szblind.ch\/fr\/produkt\/armbanduhr-braille-6\/","title":{"rendered":"Montre ARSA Sport tactile, bracelet en cuir"},"content":{"rendered":"<div class='html translation-block'>\n<p class=\"attachment\"><a href='https:\/\/shop.szblind.ch\/wp-content\/uploads\/2025\/12\/647_0_1_51_888_g.jpg'><img loading=\"lazy\" width=\"300\" height=\"192\" src=\"https:\/\/shop.szblind.ch\/wp-content\/uploads\/2025\/12\/647_0_1_51_888_g-300x192.jpg\" class=\"attachment-medium size-medium\" alt=\"51_888_g.jpg\" \/><\/a><\/p>\n<p><span style=\"font-family:Frutiger Neue 1450 Pro Regular;font-size:15px\">Recommand\u00e9 pour les personnes atteintes de c\u00e9cit\u00e9, de d\u00e9ficience visuelle ou de surdic\u00e9cit\u00e9<\/span><\/p>.\n<p><span style=\"font-family:Frutiger Neue 1450 Pro Regular;font-size:15px\">Maniement : simple<\/span><\/p>.\n<\/p>\n<p><span style=\"font-weight:bold;font-family:Frutiger Neue 1450 Pro Regular;font-size:15px\">Sp\u00e9cificit\u00e9s:<\/span><\/p>\n<p><span style=\"font-family:Frutiger Neue 1450 Pro Regular;font-size:15px\">- En trois couleurs : Bleu, blanc et noir<\/span><\/p>\n<p><span style=\"font-family:Frutiger Neue 1450 Pro Regular;font-size:15px\">- Haptique<\/span><\/p>\n<p><span style=\"font-family:Frutiger Neue 1450 Pro Regular;font-size:15px\">- Chic<\/span><\/p>\n<p><span style=\"font-family:Frutiger Neue 1450 Pro Regular;font-size:15px\">- Qualit\u00e9 suisse<\/span><\/p>\n<\/p>\n<p><span style=\"font-weight:bold;font-family:Frutiger Neue 1450 Pro Regular;font-size:15px\">Dimensions du cadran:<\/span><span style=\"font-family:Frutiger Neue 1450 Pro Regular;font-size:15px\"> 2.8 cm \/ avec couvercle 4.2 cm<\/span><\/p>\n<\/p>\n<p><span style=\"font-weight:bold;font-family:Frutiger Neue 1450 Pro Regular;font-size:15px\">Indicateur:<\/span><span style=\"font-family:Frutiger Neue 1450 Pro Regular;font-size:15px\"> Cadran<\/span><\/p>.\n<\/p>\n<p><span style=\"font-weight:bold;font-family:Frutiger Neue 1450 Pro Regular;font-size:15px\">Bracelet:<\/span><span style=\"font-family:Frutiger Neue 1450 Pro Regular;font-size:15px\"> Bracelet en cuir, noir pour les montres blanches et noires, bleu pour la montre bleue<\/span><\/p>\n<p><span style=\"font-weight:bold;font-family:Frutiger Neue 1450 Pro Regular;font-size:15px\">Dur\u00e9e de vie de la pile:<\/span><span style=\"font-family:Frutiger Neue 1450 Pro Regular;font-size:15px\">environ 2 ans<\/span><\/p>\n<p><span style=\"font-weight:bold;font-family:Frutiger Neue 1450 Pro Regular;font-size:15px\">Couvercle<\/span><span style=\"font-family:Frutiger Neue 1450 Pro Regular;font-size:15px\"> : argent\u00e9 pour la montre blanche et bleue, dor\u00e9 pour la montre noire<\/span><\/p>\n<p><span style=\"font-weight:bold;font-family:Frutiger Neue 1450 Pro Regular;font-size:15px\">Poids:<\/span><span style=\"font-family:Frutiger Neue 1450 Pro Regular;font-size:15px\"> 52 grammes<\/span><\/p>\n<p><span style=\"font-weight:bold;font-family:Frutiger Neue 1450 Pro Regular;font-size:15px\">R\u00e9glages : <\/span><span style=\"font-family:Frutiger Neue 1450 Pro Regular;font-size:15px\">heures et minutes<\/span><\/p>\n<p><span style=\"font-weight:bold;font-family:Frutiger Neue 1450 Pro Regular;font-size:15px\">Haptique:<\/span><span style=\"font-family:Frutiger Neue 1450 Pro Regular;font-size:15px\"> oui<\/span><\/p>\n<\/p>\n<p><span style=\"font-weight:bold;font-family:Frutiger Neue 1450 Pro Regular;font-size:15px\">Contraste:<\/span><span style=\"font-family:Frutiger Neue 1450 Pro Regular;font-size:15px\"> fond blanc ou bleu, aiguilles argent\u00e9es, et fond noir, aiguilles dor\u00e9es<\/span><\/p>\n<\/p>\n<p><span style=\"font-weight:bold;font-family:Frutiger Neue 1450 Pro Regular;font-size:15px\">Couronne:<\/span><span style=\"font-family:Frutiger Neue 1450 Pro Regular;font-size:15px\"> oui <\/span><\/p>\n<p><span style=\"font-weight:bold;font-family:Frutiger Neue 1450 Pro Regular;font-size:15px\">Protection contre les chocs:<\/span><span style=\"font-family:Frutiger Neue 1450 Pro Regular;font-size:15px\"> non<\/span><\/p>\n<p><span style=\"font-weight:bold;font-family:Frutiger Neue 1450 Pro Regular;font-size:15px\">Alimentation \u00e9lectrique:<\/span><span style=\"font-family:Frutiger Neue 1450 Pro Regular;font-size:15px\"> 1 pile 371<\/span><\/p>\n<p><span style=\"font-weight:bold;font-family:Frutiger Neue 1450 Pro Regular;font-size:15px\">Technologie:<\/span><span style=\"font-family:Frutiger Neue 1450 Pro Regular;font-size:15px\"> Quartz <\/span><\/p>\n<p><span style=\"font-weight:bold;font-family:Frutiger Neue 1450 Pro Regular;font-size:15px\">Ton:<\/span><span style=\"font-family:Frutiger Neue 1450 Pro Regular;font-size:15px\"> aucune<\/span><\/p>\n<p><span style=\"font-weight:bold;font-family:Frutiger Neue 1450 Pro Regular;font-size:15px\">Etanche \u00e0 l'eau:<\/span><span style=\"font-family:Frutiger Neue 1450 Pro Regular;font-size:15px\"> non<\/span><\/p>\n<p><span style=\"font-weight:bold;font-family:Frutiger Neue 1450 Pro Regular;font-size:15px\">Cadran\/affichage:<\/span><span style=\"font-family:Frutiger Neue 1450 Pro Regular;font-size:15px\"> Cadran argent\u00e9 pour les montres blanches et bleues, dor\u00e9 pour la montre noire <\/span><\/p>\n<\/p>\n<\/div>","protected":false},"excerpt":{"rendered":"<p>Montre ARSA - Sport,<\/p>","protected":false},"featured_media":4369,"comment_status":"open","ping_status":"closed","template":"","meta":{"_acf_changed":false},"product_brand":[],"product_cat":[748,765],"product_tag":[],"class_list":{"0":"post-1718","1":"product","2":"type-product","3":"status-publish","4":"has-post-thumbnail","6":"product_cat-0uhren","7":"product_cat-748vibration-haptik","9":"first","10":"outofstock","11":"taxable","12":"shipping-taxable","13":"purchasable","14":"product-type-variable"},"acf":[],"_links":{"self":[{"href":"https:\/\/shop.szblind.ch\/fr\/wp-json\/wp\/v2\/product\/1718","targetHints":{"allow":["GET"]}}],"collection":[{"href":"https:\/\/shop.szblind.ch\/fr\/wp-json\/wp\/v2\/product"}],"about":[{"href":"https:\/\/shop.szblind.ch\/fr\/wp-json\/wp\/v2\/types\/product"}],"replies":[{"embeddable":true,"href":"https:\/\/shop.szblind.ch\/fr\/wp-json\/wp\/v2\/comments?post=1718"}],"wp:featuredmedia":[{"embeddable":true,"href":"https:\/\/shop.szblind.ch\/fr\/wp-json\/wp\/v2\/media\/4369"}],"wp:attachment":[{"href":"https:\/\/shop.szblind.ch\/fr\/wp-json\/wp\/v2\/media?parent=1718"}],"wp:term":[{"taxonomy":"product_brand","embeddable":true,"href":"https:\/\/shop.szblind.ch\/fr\/wp-json\/wp\/v2\/product_brand?post=1718"},{"taxonomy":"product_cat","embeddable":true,"href":"https:\/\/shop.szblind.ch\/fr\/wp-json\/wp\/v2\/product_cat?post=1718"},{"taxonomy":"product_tag","embeddable":true,"href":"https:\/\/shop.szblind.ch\/fr\/wp-json\/wp\/v2\/product_tag?post=1718"}],"curies":[{"name":"wp","href":"https:\/\/api.w.org\/{rel}","templated":true}]}}