{"id":1825,"date":"2025-04-11T07:18:24","date_gmt":"2025-04-11T07:18:24","guid":{"rendered":"https:\/\/pingwoo.szblind.ch\/produkt\/smartphone-4\/"},"modified":"2026-04-16T12:46:54","modified_gmt":"2026-04-16T12:46:54","slug":"smartphone-4","status":"publish","type":"product","link":"https:\/\/shop.szblind.ch\/fr\/produkt\/smartphone-4\/","title":{"rendered":"T\u00e9l\u00e9phone portable BlindShell Classic 3 ChatGPT, grand \u00e9cran"},"content":{"rendered":"<div class='html translation-block'>\n<p class=\"attachment\"><a href='https:\/\/shop.szblind.ch\/wp-content\/uploads\/2025\/12\/845_0_1_51_841_g.jpg'><img loading=\"lazy\" width=\"299\" height=\"257\" src=\"https:\/\/shop.szblind.ch\/wp-content\/uploads\/2025\/12\/845_0_1_51_841_g.jpg\" class=\"attachment-medium size-medium\" alt=\"51_841_g.jpg\" \/><\/a><\/p>\n<p><span style=\"font-family:Frutiger Neue 1450 Pro Regular;font-size:15px\">Cet article est adapt\u00e9 aux personnes atteintes de c\u00e9cit\u00e9, de d\u00e9ficience visuelle et de surdic\u00e9cit\u00e9.<\/span><\/p>\n<p><span style=\"font-family:Frutiger Neue 1450 Pro Regular;font-size:15px\">Le nouveau produit phare de la soci\u00e9t\u00e9 Matapo pr\u00e9sente le t\u00e9l\u00e9phone portable intelligent et intuitif Blindshell Classic III avec fonction ChatGPT pour une utilisation avec saisie vocale pour la commande des menus et les questions g\u00e9n\u00e9rales sur les th\u00e8mes actuels comme la m\u00e9t\u00e9o, les horaires, etc.<\/span><\/p>\n<p><span style=\"font-weight:bold;font-family:Frutiger Neue 1450 Pro Regular;font-size:20px\">Description:<\/span><\/p>\n<\/p>\n<p><span style=\"font-family:Frutiger Neue 1450 Pro Regular;font-size:15px\">- Avec fonction ChatGPT<\/span><\/p>\n<p><span style=\"font-family:Frutiger Neue 1450 Pro Regular;font-size:15px\">- Assistance vocale et dict\u00e9e vocale avec Luna, l'assistant vocal de ChatGPT<\/span><\/p>\n<p><span style=\"font-family:Frutiger Neue 1450 Pro Regular;font-size:15px\">- Tandem permet de rester en contact avec ses proches \u00e0 tout moment.<\/span><\/p>\n<p><span style=\"font-family:Frutiger Nouvelle 1450 Pro Regular;font-size:15px\">- Reste un outil simple d'utilisation malgr\u00e9 les am\u00e9liorations apport\u00e9es<\/span><\/p>\n<p><span style=\"font-weight:bold;font-family:Frutiger Neue 1450 Pro Regular;font-size:20px\">Connectivit\u00e9<\/span><\/p>\n<\/p>\n<p><span style=\"font-size:15px\">- WCDMA (3G) : B1\/B2\/B4\/B5\/B8<\/span><\/p>\n<p><span style=\"font-family:Frutiger Neue 1450 Pro Regular;font-size:15px\">- FDD-LTE (4G):<\/span><\/p>\n<p><span style=\"font-family:Frutiger Neue 1450 Pro Regular;font-size:15px\">- B1\/B2\/B3\/B4\/B5\/B7\/B8\/B12\/B13\/B17\/B20\/B25\/B26\/B28\/B66\/B71<\/span><\/p>\n<p><span style=\"font-family:Frutiger Neue 1450 Pro Regular;font-size:15px\">- TDD-LTE (4G) : B38\/B40\/B41<\/span><\/p>\n<p><span style=\"font-family:Frutiger Neue 1450 Pro Regular;font-size:15px\">- GSM (2G) : 850\/900\/1800\/1900 MHz<\/span><\/p>\n<p><span style=\"font-family:Frutiger Neue 1450 Pro Regular;font-size:15px\">- VoLTE<\/span><\/p>\n<p><span style=\"font-family:Frutiger Neue 1450 Pro Regular;font-size:15px\">- Bluetooth : 4.2<\/span><\/p>\n<p><span style=\"font-family:Frutiger Neue 1450 Pro Regular;font-size:15px\">- WiFi : 2,4 GHz + 5 GHz (802.11 a\/b\/g\/n\/ac)<\/span><\/p>\n<p><span style=\"font-family:Frutiger Neue 1450 Pro Regular;font-size:15px\">- GNSS : GPS, Galileo, BeiDou<\/span><\/p>\n<p><span style=\"font-family:Frutiger Neue 1450 Pro Regular;font-size:15px\">- R\u00e9cepteur radio FM<\/span><\/p>\n<p><span style=\"font-family:Frutiger Neue 1450 Pro Regular;font-size:15px\">- NFC<\/span><\/p>\n<\/p>\n<p><span style=\"font-weight:bold;font-size:20px\">Mat\u00e9riel<\/span><\/p>\n<\/p>\n<p><span style=\"font-weight:bold;font-family:Frutiger Neue 1450 Pro Regular;font-size:15px\">- Dimensions:<\/span><span style=\"font-family:Frutiger Neue 1450 Pro Regular;font-size:15px\"> 135,2 x 54,6 x 16,7 mm<\/span><\/p>\n<p><span style=\"font-weight:bold;font-family:Frutiger Neue 1450 Pro Regular;font-size:15px\">- Poids:<\/span><span style=\"font-family:Frutiger Neue 1450 Pro Regular;font-size:15px\"> 100 g (t\u00e9l\u00e9phone), 49 g (batterie)<\/span><\/p>\n<p><span style=\"font-weight:bold;font-family:Frutiger Neue 1450 Pro Regular;font-size:15px\">- \u00c9cran:<\/span><span style=\"font-family:Frutiger Neue 1450 Pro Regular;font-size:15px\"> 2,83\u201c (480 x 640)<\/span><\/p>\n<p><span style=\"font-weight:bold;font-family:Frutiger Neue 1450 Pro Regular;font-size:15px\">- M\u00e9moire vive (RAM):<\/span><span style=\"font-family:Frutiger Neue 1450 Pro Regular;font-size:15px\"> 3 Go<\/span><\/p>\n<p><span style=\"font-weight:bold;font-family:Frutiger Neue 1450 Pro Regular;font-size:15px\">- M\u00e9moire interne<\/span><span style=\"font-family:Frutiger Neue 1450 Pro Regular;font-size:15px\"> : 32 Go (22 Go de m\u00e9moire utilisateur)<\/span><\/p>\n<p><span style=\"font-weight:bold;font-family:Frutiger Neue 1450 Pro Regular;font-size:15px\">- M\u00e9moire externe:<\/span><span style=\"font-family:Frutiger Neue 1450 Pro Regular;font-size:15px\"> Carte m\u00e9moire microSD jusqu'\u00e0 128 Go (FAT32)<\/span><\/p>\n<p><span style=\"font-weight:bold;font-family:Frutiger Neue 1450 Pro Regular;font-size:15px\">- Appareil photo<\/span><span style=\"font-family:Frutiger Neue 1450 Pro Regular;font-size:15px\"> : 13 MP<\/span><\/p>\n<p><span style=\"font-weight:bold;font-family:Frutiger Neue 1450 Pro Regular;font-size:15px\">- Carte SIM<\/span><span style=\"font-family:Frutiger Neue 1450 Pro Regular;font-size:15px\"> : double micro-SIM<\/span><\/p>\n<p><span style=\"font-weight:bold;font-family:Frutiger Neue 1450 Pro Regular;font-size:15px\">- Batterie<\/span><span style=\"font-family:Frutiger Neue 1450 Pro Regular;font-size:15px\"> : 3000 mAh<\/span><\/p>\n<p><span style=\"font-weight:bold;font-family:Frutiger Neue 1450 Pro Regular;font-size:15px\">- Haut-parleur<\/span><span style=\"font-family:Frutiger Neue 1450 Pro Regular;font-size:15px\"> : 1,5 W<\/span><\/p>\n<p><span style=\"font-weight:bold;font-family:Frutiger Neue 1450 Pro Regular;font-size:15px\">- Micro<\/span><span style=\"font-family:Frutiger Neue 1450 Pro Regular;font-size:15px\"> : double microphone, r\u00e9duction du bruit<\/span><\/p>\n<p><span style=\"font-weight:bold;font-family:Frutiger Neue 1450 Pro Regular;font-size:15px\">- Prise audio st\u00e9r\u00e9o de 3,5 mm<\/span><\/p>\n<p><span style=\"font-weight:bold;font-family:Frutiger Nouvelle 1450 Pro Regular;font-size:15px\">- USB Type-C<\/span><\/p>\n<p><span style=\"font-weight:bold;font-family:Frutiger Neue 1450 Pro Regular;font-size:15px\">- Boutons<\/span><span style=\"font-family:Frutiger Neue 1450 Pro Regular;font-size:15px\"> : SOS, volume, bouton d'action lat\u00e9ral<\/span><\/p>\n<p><span style=\"font-weight:bold;font-family:Frutiger Neue 1450 Pro Regular;font-size:15px\">- Indicateur LED<\/span><\/p>\n<p><span style=\"font-weight:bold;font-family:Frutiger Neue 1450 Pro Regular;font-size:15px\">- Lampe de poche LED pour appareil photo<\/span><\/p>\n<p><span style=\"font-weight:bold;font-family:Frutiger Neue 1450 Pro Regular;font-size:15px\">- Lampe de poche LED<\/span><\/p>\n<\/p>\n<p><span style=\"font-weight:bold;font-size:20px\">Capteurs<\/span><\/p>\n<\/p>\n<p><span style=\"font-size:15px\">- Capteur de lumi\u00e8re<\/span><\/p>\n<p><span style=\"font-family:Frutiger Neue 1450 Pro Regular;font-size:15px\">- Magn\u00e9tom\u00e8tre<\/span><\/p>\n<p><span style=\"font-family:Frutiger Neue 1450 Pro Regular;font-size:15px\">- Barom\u00e8tre<\/span><\/p>\n<p><span style=\"font-family:Frutiger Neue 1450 Pro Regular;font-size:15px\">- Acc\u00e9l\u00e9rom\u00e8tre<\/span><\/p>\n<p><span style=\"font-family:Frutiger Neue 1450 Pro Regular;font-size:15px\">- Gyroscope<\/span><\/p>\n<p><span style=\"font-family:Frutiger Neue 1450 Pro Regular;font-size:15px\">- Capteur de proximit\u00e9<\/span><\/p>\n<\/p>\n<p><span style=\"font-weight:bold;font-size:20px\">Certifications<\/span><\/p>\n<\/p>\n<p><span style=\"font-size:15px\">- CE, FCC, IC, ICASA, ACMA, RoHS, HAC, UN38.3, MSDS, IEC 62133<\/span><\/p>\n<p><span style=\"font-family:Frutiger Neue 1450 Pro Regular;font-size:15px\">- HAC : M3\/T3<\/span><\/p>\n<\/p>\n<\/div>","protected":false},"excerpt":{"rendered":"<p>T\u00e9l\u00e9phone mobile Blindshell Classic 3<\/p>","protected":false},"featured_media":4554,"comment_status":"open","ping_status":"closed","template":"","meta":{"_acf_changed":false},"product_brand":[],"product_cat":[769,749],"product_tag":[],"class_list":{"0":"post-1825","1":"product","2":"type-product","3":"status-publish","4":"has-post-thumbnail","6":"product_cat-749mobiltelefone","7":"product_cat-0telefone","9":"first","10":"outofstock","11":"taxable","12":"shipping-taxable","13":"purchasable","14":"product-type-variable"},"acf":[],"_links":{"self":[{"href":"https:\/\/shop.szblind.ch\/fr\/wp-json\/wp\/v2\/product\/1825","targetHints":{"allow":["GET"]}}],"collection":[{"href":"https:\/\/shop.szblind.ch\/fr\/wp-json\/wp\/v2\/product"}],"about":[{"href":"https:\/\/shop.szblind.ch\/fr\/wp-json\/wp\/v2\/types\/product"}],"replies":[{"embeddable":true,"href":"https:\/\/shop.szblind.ch\/fr\/wp-json\/wp\/v2\/comments?post=1825"}],"wp:featuredmedia":[{"embeddable":true,"href":"https:\/\/shop.szblind.ch\/fr\/wp-json\/wp\/v2\/media\/4554"}],"wp:attachment":[{"href":"https:\/\/shop.szblind.ch\/fr\/wp-json\/wp\/v2\/media?parent=1825"}],"wp:term":[{"taxonomy":"product_brand","embeddable":true,"href":"https:\/\/shop.szblind.ch\/fr\/wp-json\/wp\/v2\/product_brand?post=1825"},{"taxonomy":"product_cat","embeddable":true,"href":"https:\/\/shop.szblind.ch\/fr\/wp-json\/wp\/v2\/product_cat?post=1825"},{"taxonomy":"product_tag","embeddable":true,"href":"https:\/\/shop.szblind.ch\/fr\/wp-json\/wp\/v2\/product_tag?post=1825"}],"curies":[{"name":"wp","href":"https:\/\/api.w.org\/{rel}","templated":true}]}}