{"id":3889,"date":"2025-11-19T07:30:55","date_gmt":"2025-11-19T07:30:55","guid":{"rendered":"https:\/\/pingwoo.szblind.ch\/produkt\/smartcane\/"},"modified":"2026-04-15T09:14:37","modified_gmt":"2026-04-15T09:14:37","slug":"smartcane","status":"publish","type":"product","link":"https:\/\/shop.szblind.ch\/fr\/produkt\/smartcane\/","title":{"rendered":"WeWalk Smart Cane 2 Premium stockint\u00e9gr\u00e9"},"content":{"rendered":"<div class='html translation-block'>\n<p class=\"attachment\"><a href='https:\/\/shop.szblind.ch\/wp-content\/uploads\/2025\/12\/141_0_1_01_901.jpg'><img loading=\"lazy\" width=\"300\" height=\"192\" src=\"https:\/\/shop.szblind.ch\/wp-content\/uploads\/2025\/12\/141_0_1_01_901-300x192.jpg\" class=\"attachment-medium size-medium\" alt=\"01_901.JPG\" \/><\/a><\/p>\n<p><span style=\"font-family:Frutiger Neue 1450 Pro Regular;font-size:15px\">Recommand\u00e9 pour les personnes atteintes de c\u00e9cit\u00e9, de d\u00e9ficience visuelle et de surdit\u00e9<\/span><\/p>\n<p><span style=\"font-family:Frutiger Neue 1450 Pro Regular;font-size:15px\">Manipulation : Veuillez demander \u00e0 un centre de conseil de vous expliquer comment remettre et utiliser cet accessoire de canne. Vous trouverez les adresses des centres de conseil sur notre site web sous : <a target=\"_blank\" href=\"http:\/\/www.hilfsmittel.szblind.ch\" rel=\"noopener\"><\/span><span style=\"text-decoration:underline;font-family:Frutiger Neue 1450 Pro Regular;font-size:15px;color:#0000c8\">www.hilfsmittel.szblind.ch<\/span><span style=\"font-family:Frutiger Neue 1450 Pro Regular;font-size:15px\"> <\/p>\n<p>La Smart Cane 2 de WeWALK est une canne intelligente et technologiquement avanc\u00e9e qui offre aux personnes malvoyantes ou aveugles plus de s\u00e9curit\u00e9 et d'ind\u00e9pendance dans leur marche<\/span><span style=\"font-family:Times New Roman;font-size:15px\">.<\/p>\n<p><\/span><span style=\"font-family:Frutiger Neue 1450 Pro Regular;font-size:15px\">Fonctions principales<br \/>D\u00e9tection des obstacles : gr\u00e2ce \u00e0 un capteur, la canne ne d\u00e9tecte pas seulement les obstacles au sol, mais aussi \u00e0 hauteur de t\u00eate. En cas de danger, elle \u00e9met un avertissement haptique (vibration) et sonore.<\/p>\n<p>Assistant vocal intelligent : gr\u00e2ce \u00e0 un haut-parleur int\u00e9gr\u00e9 et un microphone, il est possible de poser des questions \u00e0 la canne par commande vocale (par ex. directions, caf\u00e9s \u00e0 proximit\u00e9, curiosit\u00e9s).<\/p>\n<p>Navigation : l'application WeWALK permet de saisir des destinations, de planifier des itin\u00e9raires, d'enregistrer des lieux (\u201eMes lieux\u201c) et de lancer la navigation - soit via l'application, soit directement via la canne.<\/p>\n<p>Modes de d\u00e9tection d'obstacles personnalisables : l'utilisateur peut modifier la port\u00e9e de la d\u00e9tection d'obstacles \u00e0 l'aide d'un bouton (d\u00e9sactiv\u00e9e, courte, moyenne, longue) et activer ou d\u00e9sactiver les indications sonores.<\/p>\n<p>Lampe de poche : la canne poss\u00e8de une lampe LED qui s'oriente vers l'avant et permet une orientation suppl\u00e9mentaire dans l'obscurit\u00e9.<\/p>\n<p>Robustesse &amp; alimentation : La canne est dot\u00e9e d'une batterie rechargeable (USB-C) et est prot\u00e9g\u00e9e contre les projections d'eau selon IP44 - en cas de forte humidit\u00e9, il faut d'abord la laisser s\u00e9cher.<\/p>\n<p>Donn\u00e9es techniques:<br \/>Prise de charge : USB-C<br \/>Distance de d\u00e9tection : environ 80 cm \u00e0 165 cm pour les obstacles<br \/>Tension de fonctionnement : 5 V DC<br \/>Capteurs int\u00e9gr\u00e9s : gyroscope, magn\u00e9tom\u00e8tre, boussole, moteur de vibration, microphone, haut-parleur<\/span><\/p>.\n<\/p>\n<\/div>","protected":false},"excerpt":{"rendered":"<p>WeWalk Smart Cane 2 Pr\u00e9mium<\/p>","protected":false},"featured_media":41772,"comment_status":"open","ping_status":"closed","template":"","meta":{"_acf_changed":false},"product_brand":[],"product_cat":[747,762],"product_tag":[],"class_list":{"0":"post-3889","1":"product","2":"type-product","3":"status-publish","4":"has-post-thumbnail","6":"product_cat-0mobilitt","7":"product_cat-747orientierungshilfen","9":"first","10":"instock","11":"taxable","12":"shipping-taxable","13":"purchasable","14":"product-type-simple"},"acf":[],"_links":{"self":[{"href":"https:\/\/shop.szblind.ch\/fr\/wp-json\/wp\/v2\/product\/3889","targetHints":{"allow":["GET"]}}],"collection":[{"href":"https:\/\/shop.szblind.ch\/fr\/wp-json\/wp\/v2\/product"}],"about":[{"href":"https:\/\/shop.szblind.ch\/fr\/wp-json\/wp\/v2\/types\/product"}],"replies":[{"embeddable":true,"href":"https:\/\/shop.szblind.ch\/fr\/wp-json\/wp\/v2\/comments?post=3889"}],"wp:featuredmedia":[{"embeddable":true,"href":"https:\/\/shop.szblind.ch\/fr\/wp-json\/wp\/v2\/media\/41772"}],"wp:attachment":[{"href":"https:\/\/shop.szblind.ch\/fr\/wp-json\/wp\/v2\/media?parent=3889"}],"wp:term":[{"taxonomy":"product_brand","embeddable":true,"href":"https:\/\/shop.szblind.ch\/fr\/wp-json\/wp\/v2\/product_brand?post=3889"},{"taxonomy":"product_cat","embeddable":true,"href":"https:\/\/shop.szblind.ch\/fr\/wp-json\/wp\/v2\/product_cat?post=3889"},{"taxonomy":"product_tag","embeddable":true,"href":"https:\/\/shop.szblind.ch\/fr\/wp-json\/wp\/v2\/product_tag?post=3889"}],"curies":[{"name":"wp","href":"https:\/\/api.w.org\/{rel}","templated":true}]}}