{"id":41124,"date":"2025-12-15T12:43:11","date_gmt":"2025-12-15T12:43:11","guid":{"rendered":"https:\/\/pingwoo.szblind.ch\/produkt\/schablone\/"},"modified":"2026-04-15T09:01:11","modified_gmt":"2026-04-15T09:01:11","slug":"pochoir","status":"publish","type":"product","link":"https:\/\/shop.szblind.ch\/fr\/produkt\/schablone\/","title":{"rendered":"Set de gabarits de vote"},"content":{"rendered":"<div class='html translation-block'>\n<p class=\"attachment\"><a href='https:\/\/shop.szblind.ch\/wp-content\/uploads\/2025\/12\/99_5_1_03_836-14.jpg'><img loading=\"lazy\" width=\"300\" height=\"192\" src=\"https:\/\/shop.szblind.ch\/wp-content\/uploads\/2025\/12\/99_5_1_03_836-14-300x192.jpg\" class=\"attachment-medium size-medium\" alt=\"03_836-14.jpg\" \/><\/a><\/p>\n<\/p>\n<p><span style=\"font-weight:bold;font-family:Arial;font-size:14px\">Les gabarits de vote test\u00e9s dans le canton de Zurich ne peuvent pas \u00eatre utilis\u00e9s pour la votation f\u00e9d\u00e9rale du 8 mars 2026. Lors de cette votation sp\u00e9cifique, pour la premi\u00e8re fois depuis novembre 2010, une initiative populaire et un contre-projet direct seront soumis ensemble au vote du peuple et des cantons. Lors de la question subsidiaire, il faut cocher le projet pr\u00e9f\u00e9r\u00e9. En raison de la constellation particuli\u00e8re de la votation, les bulletins de vote utilis\u00e9s s'\u00e9cartent de la norme. Cela vaut pour tous les bulletins de vote de la votation du 8 mars 2026. L'utilisation du gabarit de vote sera toutefois \u00e0 nouveau possible lors de la votation du 14 juin 2026.<\/span><\/p>\n<p><span>Le gabarit de vote tactile permet aux personnes souffrant d'une d\u00e9ficience visuelle de voter de mani\u00e8re autonome. Il est en carton, r\u00e9utilisable et comporte des caract\u00e8res d'imprimerie et en braille. Des instructions jointes, l'une en caract\u00e8res d'imprimerie et l'autre en braille, expliquent pas \u00e0 pas l'utilisation correcte. <br \/>Durant la phase pilote, les bulletins de vote f\u00e9d\u00e9raux du canton de Zurich seront sp\u00e9cialement adapt\u00e9s : Un coin coup\u00e9 en haut \u00e0 gauche - correspondant au gabarit - permet de s'assurer que les bulletins peuvent \u00eatre ins\u00e9r\u00e9s correctement. Pour s'orienter, le gabarit contient des aides \u00e0 l'\u00e9criture pour les mots \u00abOUI\u00bb et \u00abNON\u00bb, qui peuvent \u00eatre trac\u00e9s avec un stylo. De plus, un code QR sur le gabarit et les instructions permet d'acc\u00e9der sans barri\u00e8re au mode d'emploi num\u00e9rique ainsi qu'aux informations sur les objets de vote. <\/span><\/p>\n<p><span style=\"font-family:Verdana;font-size:14px\">Contenu:<\/span><\/p>\n<\/p>\n<p><span style=\"font-family:Verdana;font-size:14px\">- Gabarit pour les votations populaires f\u00e9d\u00e9rales<\/span><\/p>\n<p><span style=\"font-family:Verdana;font-size:14px\">- Brochure mode d'emploi<\/span><\/p>\n<p><span style=\"font-family:Verdana;font-size:14px\">- D\u00e9pliant mode d'emploi<\/span><\/p>\n<\/p>\n<\/div>","protected":false},"excerpt":{"rendered":"<p>Bulletin de vote<\/p>","protected":false},"featured_media":41123,"comment_status":"open","ping_status":"closed","template":"","meta":{"_acf_changed":false},"product_brand":[],"product_cat":[834,754],"product_tag":[],"class_list":{"0":"post-41124","1":"product","2":"type-product","3":"status-publish","4":"has-post-thumbnail","6":"product_cat-754abstimmungsschablone","7":"product_cat-0alltagshilfen","9":"first","10":"outofstock","11":"featured","12":"taxable","13":"shipping-taxable","14":"purchasable","15":"product-type-variable"},"acf":[],"_links":{"self":[{"href":"https:\/\/shop.szblind.ch\/fr\/wp-json\/wp\/v2\/product\/41124","targetHints":{"allow":["GET"]}}],"collection":[{"href":"https:\/\/shop.szblind.ch\/fr\/wp-json\/wp\/v2\/product"}],"about":[{"href":"https:\/\/shop.szblind.ch\/fr\/wp-json\/wp\/v2\/types\/product"}],"replies":[{"embeddable":true,"href":"https:\/\/shop.szblind.ch\/fr\/wp-json\/wp\/v2\/comments?post=41124"}],"wp:featuredmedia":[{"embeddable":true,"href":"https:\/\/shop.szblind.ch\/fr\/wp-json\/wp\/v2\/media\/41123"}],"wp:attachment":[{"href":"https:\/\/shop.szblind.ch\/fr\/wp-json\/wp\/v2\/media?parent=41124"}],"wp:term":[{"taxonomy":"product_brand","embeddable":true,"href":"https:\/\/shop.szblind.ch\/fr\/wp-json\/wp\/v2\/product_brand?post=41124"},{"taxonomy":"product_cat","embeddable":true,"href":"https:\/\/shop.szblind.ch\/fr\/wp-json\/wp\/v2\/product_cat?post=41124"},{"taxonomy":"product_tag","embeddable":true,"href":"https:\/\/shop.szblind.ch\/fr\/wp-json\/wp\/v2\/product_tag?post=41124"}],"curies":[{"name":"wp","href":"https:\/\/api.w.org\/{rel}","templated":true}]}}