{"id":41376,"date":"2026-01-07T10:35:03","date_gmt":"2026-01-07T10:35:03","guid":{"rendered":"https:\/\/shop.szblind.ch\/produkt\/langstock-ambutech-variante-2\/"},"modified":"2026-04-15T09:14:17","modified_gmt":"2026-04-15T09:14:17","slug":"canne-longue-ambutech-variante-2","status":"publish","type":"product","link":"https:\/\/shop.szblind.ch\/fr\/produkt\/langstock-ambutech-variante-2\/","title":{"rendered":"Langstock Ambutech pliable, crochet, LOT 200435"},"content":{"rendered":"<div class='html translation-block'>\n<p class=\"attachment\"><a href='https:\/\/shop.szblind.ch\/wp-content\/uploads\/2025\/12\/1147_0_1_51_635_g.jpg'><img loading=\"lazy\" width=\"300\" height=\"192\" src=\"https:\/\/shop.szblind.ch\/wp-content\/uploads\/2025\/12\/1147_0_1_51_635_g-300x192.jpg\" class=\"attachment-medium size-medium\" alt=\"51_635_g.jpg\" \/><\/a><\/p>\n<p><span style=\"font-family:Verdana;font-size:14px\">Recommand\u00e9 aux personnes atteintes de c\u00e9cit\u00e9, de malvoyance ou de surdic\u00e9cit\u00e9<\/span><\/p>.\n<p><span style=\"font-family:Verdana;font-size:14px\">Canne longue avec poign\u00e9e en cuir rouge et ressort pour la protection contre les chocs<\/span><\/p>.\n<p><span style=\"font-family:Verdana;font-size:14px\">Maniement : facile<\/span><\/p>\n<p><span style=\"font-weight:bold;font-family:Verdana;font-size:14px\">Sp\u00e9cificit\u00e9s:<\/span><\/p>\n<p><span style=\"font-family:Verdana;font-size:14px\">- Blanc<\/span><\/p>\n<p><span style=\"font-family:Verdana;font-size:14px\">- Ressort pour protection contre les chocs<\/span><\/p>\n<p><span style=\"font-family:Verdana;font-size:14px\">- Poign\u00e9e en cuir rouge<\/span><\/p>\n<p><span style=\"font-family:Verdana;font-size:14px\">- Financement IV possible<\/span><\/p>\n<p><span style=\"font-weight:bold;font-family:Verdana;font-size:14px\">Description<\/span><\/p>\n<p><span style=\"font-family:Verdana;font-size:14px\">Couleur : <\/span><\/p>\n<p><span style=\"font-family:Verdana;font-size:14px\">- Canne : blanche, dernier segment inf\u00e9rieur rouge<\/span><\/p>\n<p><span style=\"font-family:Verdana;font-size:14px\">- Poign\u00e9e : rouge (cuir)<\/span><\/p>\n<p><span style=\"font-family:Verdana;font-size:14px\">Poids : 260 - 315 grammes<\/span><\/p>\n<p><span style=\"font-family:Verdana;font-size:14px\">Boucle de la main : oui<\/span><\/p>\n<p><span style=\"font-family:Verdana;font-size:14px\">Longueur :<\/span><\/p>\n<p><span style=\"font-family:Verdana;font-size:14px\">- B\u00e2ton : 112-152 cm, repli\u00e9 27-31 cm<\/span><\/p>\n<p><span style=\"font-family:Verdana;font-size:14px\">- Poign\u00e9e : 28 cm<\/span><\/p>\n<p><span style=\"font-family:Verdana;font-size:14px\">Mat\u00e9riel:<\/span><\/p>\n<p><span style=\"font-family:Verdana;font-size:14px\">- Stock : Graphite<\/span><\/p>\n<p><span style=\"font-family:Verdana;font-size:14px\">- Manche : cuir<\/span><\/p>\n<p><span style=\"font-family:Verdana;font-size:14px\">Diam\u00e8tre du tube : 1.4 cm<\/span><\/p>\n<p><span style=\"font-family:Verdana;font-size:14px\">Pointes : compatibles avec 01.741, \u201a1.742, 01.743, 01.746, 01.747<\/span><\/p>\n<p><span style=\"font-family:Verdana;font-size:14px\">Syst\u00e8me d'embout : 4 - 6 pi\u00e8ces, pliable, \u00e9l\u00e9ment \u00e0 ressort<\/span><\/p>\n<\/p>\n<\/div>","protected":false},"excerpt":{"rendered":"<p>Canne longue Ambutech no Jab, poign\u00e9e en<\/p>","protected":false},"featured_media":4787,"comment_status":"open","ping_status":"closed","template":"","meta":{"_acf_changed":false},"product_brand":[],"product_cat":[758,747],"product_tag":[],"class_list":{"0":"post-41376","1":"product","2":"type-product","3":"status-publish","4":"has-post-thumbnail","6":"product_cat-747langstcke","7":"product_cat-0mobilitt","9":"first","10":"outofstock","11":"taxable","12":"shipping-taxable","13":"purchasable","14":"product-type-variable"},"acf":[],"_links":{"self":[{"href":"https:\/\/shop.szblind.ch\/fr\/wp-json\/wp\/v2\/product\/41376","targetHints":{"allow":["GET"]}}],"collection":[{"href":"https:\/\/shop.szblind.ch\/fr\/wp-json\/wp\/v2\/product"}],"about":[{"href":"https:\/\/shop.szblind.ch\/fr\/wp-json\/wp\/v2\/types\/product"}],"replies":[{"embeddable":true,"href":"https:\/\/shop.szblind.ch\/fr\/wp-json\/wp\/v2\/comments?post=41376"}],"wp:featuredmedia":[{"embeddable":true,"href":"https:\/\/shop.szblind.ch\/fr\/wp-json\/wp\/v2\/media\/4787"}],"wp:attachment":[{"href":"https:\/\/shop.szblind.ch\/fr\/wp-json\/wp\/v2\/media?parent=41376"}],"wp:term":[{"taxonomy":"product_brand","embeddable":true,"href":"https:\/\/shop.szblind.ch\/fr\/wp-json\/wp\/v2\/product_brand?post=41376"},{"taxonomy":"product_cat","embeddable":true,"href":"https:\/\/shop.szblind.ch\/fr\/wp-json\/wp\/v2\/product_cat?post=41376"},{"taxonomy":"product_tag","embeddable":true,"href":"https:\/\/shop.szblind.ch\/fr\/wp-json\/wp\/v2\/product_tag?post=41376"}],"curies":[{"name":"wp","href":"https:\/\/api.w.org\/{rel}","templated":true}]}}