{"id":41774,"date":"2026-01-26T08:17:38","date_gmt":"2026-01-26T08:17:38","guid":{"rendered":"https:\/\/shop.szblind.ch\/produkt\/langstock-ambutech-variante-3\/"},"modified":"2026-04-16T14:34:09","modified_gmt":"2026-04-16T14:34:09","slug":"langstock-ambutech-variante-3","status":"publish","type":"product","link":"https:\/\/shop.szblind.ch\/fr\/produkt\/langstock-ambutech-variante-3\/","title":{"rendered":"Canne t\u00e9lescopique Ambutech"},"content":{"rendered":"<div class='html translation-block'>\n<p class=\"attachment\"><a href='https:\/\/shop.szblind.ch\/wp-content\/uploads\/2026\/01\/1178_0_1_51_184_v1.jpg'><img loading=\"lazy\" width=\"300\" height=\"225\" src=\"https:\/\/shop.szblind.ch\/wp-content\/uploads\/2026\/01\/1178_0_1_51_184_v1-300x225.jpg\" class=\"attachment-medium size-medium\" alt=\"51_184_V1.jpg\" \/><\/a><\/p>\n<p><span style=\"font-family:Frutiger Neue 1450 Pro Regular;font-size:15px\">Recommand\u00e9 pour les personnes atteintes de c\u00e9cit\u00e9, de d\u00e9ficience visuelle et de surdic\u00e9cit\u00e9<\/span><span style=\"font-family:Times New Roman;font-size:15px\">.<\/p>\n<p><\/span><span style=\"font-family:Frutiger Neue 1450 Pro Regular;font-size:15px\">Canne longue t\u00e9lescopique avec poign\u00e9e en plastique noir<br \/><\/span><\/p>\n<p><span style=\"font-family:Frutiger Neue 1450 Pro Regular;font-size:15px\">Manipulation : Veuillez vous faire former par un sp\u00e9cialiste de la mobilit\u00e9 avant de remettre votre premi\u00e8re canne. Vous trouverez les adresses des centres de consultation sur www.shop.szblind.ch\/ueber-uns<\/span><span style=\"font-family:Times New Roman;font-size:15px\">.<br \/><\/span><\/p>\n<p><span style=\"font-weight:bold;font-family:Frutiger Neue 1450 Pro Regular;font-size:15px\">Sp\u00e9cificit\u00e9s:<br \/><\/span><span style=\"font-family:Frutiger Neue 1450 Pro Regular;font-size:15px\">- Canne t\u00e9lescopique l\u00e9g\u00e8re en diff\u00e9rentes tailles<br \/>- Syst\u00e8me de pointe de canne avec filetage de 8mm<br \/>- Financement IV possible<br \/><\/span><\/p>\n<p><span style=\"font-weight:bold;font-family:Frutiger Neue 1450 Pro Regular;font-size:15px\">Description :<br \/><\/span><span style=\"font-family:Frutiger Neue 1450 Pro Regular;font-size:15px\">Couleur :<br \/>- Canne : blanche, avec segment r\u00e9fl\u00e9chissant<br \/>- Poign\u00e9e : noire<\/span><\/p>\n<p><span style=\"font-family:Frutiger Neue 1450 Pro Regular;font-size:15px\">Poids:169 grammes, 179 grammes, 199 grammes (selon la version)<br \/>Sangle de main:oui<\/span><\/p>\n<p><span style=\"font-family:Frutiger Neue 1450 Pro Regular;font-size:15px\">Longueur:<br \/>- B\u00e2ton : 66 - 127 cm, 78 - 150 cm, 93 - 175 cm<br \/>- Poign\u00e9e : 18 cm \/ 21 cm<\/span><\/p>\n<p><span style=\"font-weight:bold;font-family:Frutiger Neue 1450 Pro Regular;font-size:15px\">Mat\u00e9riel:<br \/><\/span><span style=\"font-family:Frutiger Neue 1450 Pro Regular;font-size:15px\">- B\u00e2ton : fibre de verre<br \/>- Poign\u00e9e : plastique (caoutchouc)<br \/>Diam\u00e8tre du tube:1.0-1.3 cm<br \/>Pointes : Toutes les pointes avec filetage de 8mm<br \/>Syst\u00e8me de canne:2<\/span><span style=\"font-family:Times New Roman;font-size:15px\">-<\/span><span style=\"font-family:Frutiger Neue 1450 Pro Regular;font-size:15px\">Pi\u00e8ce t\u00e9lescopique<\/span><\/p>.\n<\/p>\n<\/div>","protected":false},"excerpt":{"rendered":"<p>Canne t\u00e9lescopique Ambutech<\/p>","protected":false},"featured_media":41773,"comment_status":"open","ping_status":"closed","template":"","meta":{"_acf_changed":false},"product_brand":[],"product_cat":[758,747],"product_tag":[],"class_list":{"0":"post-41774","1":"product","2":"type-product","3":"status-publish","4":"has-post-thumbnail","6":"product_cat-747langstcke","7":"product_cat-0mobilitt","9":"first","10":"outofstock","11":"featured","12":"taxable","13":"shipping-taxable","14":"purchasable","15":"product-type-variable"},"acf":[],"_links":{"self":[{"href":"https:\/\/shop.szblind.ch\/fr\/wp-json\/wp\/v2\/product\/41774","targetHints":{"allow":["GET"]}}],"collection":[{"href":"https:\/\/shop.szblind.ch\/fr\/wp-json\/wp\/v2\/product"}],"about":[{"href":"https:\/\/shop.szblind.ch\/fr\/wp-json\/wp\/v2\/types\/product"}],"replies":[{"embeddable":true,"href":"https:\/\/shop.szblind.ch\/fr\/wp-json\/wp\/v2\/comments?post=41774"}],"wp:featuredmedia":[{"embeddable":true,"href":"https:\/\/shop.szblind.ch\/fr\/wp-json\/wp\/v2\/media\/41773"}],"wp:attachment":[{"href":"https:\/\/shop.szblind.ch\/fr\/wp-json\/wp\/v2\/media?parent=41774"}],"wp:term":[{"taxonomy":"product_brand","embeddable":true,"href":"https:\/\/shop.szblind.ch\/fr\/wp-json\/wp\/v2\/product_brand?post=41774"},{"taxonomy":"product_cat","embeddable":true,"href":"https:\/\/shop.szblind.ch\/fr\/wp-json\/wp\/v2\/product_cat?post=41774"},{"taxonomy":"product_tag","embeddable":true,"href":"https:\/\/shop.szblind.ch\/fr\/wp-json\/wp\/v2\/product_tag?post=41774"}],"curies":[{"name":"wp","href":"https:\/\/api.w.org\/{rel}","templated":true}]}}