{"id":41810,"date":"2026-01-26T11:17:29","date_gmt":"2026-01-26T11:17:29","guid":{"rendered":"https:\/\/shop.szblind.ch\/produkt\/sehtest-szb-farnsworth-farbtest\/"},"modified":"2026-04-15T08:58:52","modified_gmt":"2026-04-15T08:58:52","slug":"test-de-vision-szb-test-des-couleurs-de-farnsworth","status":"publish","type":"product","link":"https:\/\/shop.szblind.ch\/fr\/produkt\/sehtest-szb-farnsworth-farbtest\/","title":{"rendered":"test de couleurs Farnsworth de l'UCBA"},"content":{"rendered":"<div class='html translation-block'>\n<p class=\"attachment\"><a href='https:\/\/shop.szblind.ch\/wp-content\/uploads\/2025\/12\/10_0_1_01_941_g.jpg'><img loading=\"lazy\" width=\"300\" height=\"192\" src=\"https:\/\/shop.szblind.ch\/wp-content\/uploads\/2025\/12\/10_0_1_01_941_g-300x192.jpg\" class=\"attachment-medium size-medium\" alt=\"01_941_g.jpg\" \/><\/a><\/p>\n<p><span style=\"font-family:Arial;font-size:14px;color:#000000\">Le test de Farnsworth est utilis\u00e9 pour d\u00e9terminer le daltonisme et se compose de 15 \u00e9chantillons de couleurs diff\u00e9rentes.<\/span><\/p>\n<p><span style=\"font-family:Arial;font-size:14px;color:#000000\">Le principal avantage par rapport \u00e0 la plupart des produits similaires est la possibilit\u00e9 de remplacer facilement et \u00e0 moindre co\u00fbt une pastille de couleur endommag\u00e9e gr\u00e2ce au fond amovible.<\/span><\/p>\n<p><span style=\"font-family:Arial;font-size:14px;color:#000000\">16 carr\u00e9s en plastique 4,5 x 4,5 cm<\/span><\/p>\n<p><span style=\"font-family:Arial;font-size:14px;color:#000000\">Emballage en carton d'environ 22 x 14,5 cm<\/span><\/p>\n<\/p>\n<\/div>","protected":false},"excerpt":{"rendered":"<p>test de couleurs Farnsworth de l'UCBA<\/p>","protected":false},"featured_media":3941,"comment_status":"open","ping_status":"closed","template":"","meta":{"_acf_changed":false},"product_brand":[],"product_cat":[805,756],"product_tag":[],"class_list":{"0":"post-41810","1":"product","2":"type-product","3":"status-publish","4":"has-post-thumbnail","6":"product_cat-756farbtests","7":"product_cat-0low-vision-produkte","9":"first","10":"instock","11":"taxable","12":"shipping-taxable","13":"purchasable","14":"product-type-simple"},"acf":[],"_links":{"self":[{"href":"https:\/\/shop.szblind.ch\/fr\/wp-json\/wp\/v2\/product\/41810","targetHints":{"allow":["GET"]}}],"collection":[{"href":"https:\/\/shop.szblind.ch\/fr\/wp-json\/wp\/v2\/product"}],"about":[{"href":"https:\/\/shop.szblind.ch\/fr\/wp-json\/wp\/v2\/types\/product"}],"replies":[{"embeddable":true,"href":"https:\/\/shop.szblind.ch\/fr\/wp-json\/wp\/v2\/comments?post=41810"}],"wp:featuredmedia":[{"embeddable":true,"href":"https:\/\/shop.szblind.ch\/fr\/wp-json\/wp\/v2\/media\/3941"}],"wp:attachment":[{"href":"https:\/\/shop.szblind.ch\/fr\/wp-json\/wp\/v2\/media?parent=41810"}],"wp:term":[{"taxonomy":"product_brand","embeddable":true,"href":"https:\/\/shop.szblind.ch\/fr\/wp-json\/wp\/v2\/product_brand?post=41810"},{"taxonomy":"product_cat","embeddable":true,"href":"https:\/\/shop.szblind.ch\/fr\/wp-json\/wp\/v2\/product_cat?post=41810"},{"taxonomy":"product_tag","embeddable":true,"href":"https:\/\/shop.szblind.ch\/fr\/wp-json\/wp\/v2\/product_tag?post=41810"}],"curies":[{"name":"wp","href":"https:\/\/api.w.org\/{rel}","templated":true}]}}