{"id":41813,"date":"2026-01-26T11:17:34","date_gmt":"2026-01-26T11:17:34","guid":{"rendered":"https:\/\/shop.szblind.ch\/produkt\/level-1\/"},"modified":"2026-04-15T08:58:56","modified_gmt":"2026-04-15T08:58:56","slug":"niveau-1","status":"publish","type":"product","link":"https:\/\/shop.szblind.ch\/fr\/produkt\/level-1\/","title":{"rendered":"Mat\u00e9riel LV niveau 1 \u00c2ge recommand\u00e9 : jusqu'\u00e0 4 ans"},"content":{"rendered":"<div class='html translation-block'>\n<p class=\"attachment\"><a href='https:\/\/shop.szblind.ch\/wp-content\/uploads\/2025\/12\/15_0_1_12_299.jpg'><img loading=\"lazy\" width=\"300\" height=\"192\" src=\"https:\/\/shop.szblind.ch\/wp-content\/uploads\/2025\/12\/15_0_1_12_299-300x192.jpg\" class=\"attachment-medium size-medium\" alt=\"12_299.jpg\" \/><\/a><\/p>\n<p><span style=\"font-family:Arial;font-size:14px;color:#000000\">Age recommand\u00e9 : jusqu'\u00e0 4 ans<\/span><\/p>.\n<p><span style=\"font-family:Arial;font-size:14px;color:#000000\">Le premier de trois ensembles de mat\u00e9riel p\u00e9dagogique adapt\u00e9s \u00e0 l'utilisation avec la Light Box. Ces mat\u00e9riaux sont con\u00e7us pour aider \u00e0 enseigner les comp\u00e9tences visuelles de base, ainsi que la coordination \u0153il-main et les comp\u00e9tences d'association simples.<\/span><\/p>\n<p><span style=\"font-family:Arial;font-size:14px;color:#000000\">Le kit comprend :<\/span><\/p>\n<p><span style=\"font-family:Arial;font-size:14px;color:#000000\">- Des plaquettes d'application stables, lumineuses et color\u00e9es pour stimuler la perception consciente de la lumi\u00e8re et des couleurs. Elles reproduisent divers motifs et formes.<\/span><\/p>\n<p><span style=\"font-family:Arial;font-size:14px;color:#000000\">- Un spinner (disque rotatif) avec deux motifs diff\u00e9rents pour encourager la localisation et la pr\u00e9hension<\/span><\/p>.\n<p><span style=\"font-family:Arial;font-size:14px;color:#000000\">- Une vari\u00e9t\u00e9 d'objets color\u00e9s transparents et translucides pour exercer la coordination \u0153il-main.<\/span><\/p>\n<p><span style=\"font-family:Arial;font-size:14px;color:#000000\">- Adaptateur \u00e0 ventouse pour faciliter l'utilisation de petits objets de travail.<\/span><\/p>\n<p><span style=\"font-family:Arial;font-size:14px;color:#000000\">- Le kit est \u00e9galement accompagn\u00e9 d'un guide informatif contenant plus de 90 suggestions pour le travail en basse vision (en anglais).<br \/>(Total 5,9 kg)<\/span><\/p>\n<\/p>\n<\/div>","protected":false},"excerpt":{"rendered":"<p>Light-box niveau 1<\/p>","protected":false},"featured_media":3970,"comment_status":"open","ping_status":"closed","template":"","meta":{"_acf_changed":false},"product_brand":[],"product_cat":[806,756],"product_tag":[],"class_list":{"0":"post-41813","1":"product","2":"type-product","3":"status-publish","4":"has-post-thumbnail","6":"product_cat-756abklrungsmaterial","7":"product_cat-0low-vision-produkte","9":"first","10":"instock","11":"taxable","12":"shipping-taxable","13":"purchasable","14":"product-type-simple"},"acf":[],"_links":{"self":[{"href":"https:\/\/shop.szblind.ch\/fr\/wp-json\/wp\/v2\/product\/41813","targetHints":{"allow":["GET"]}}],"collection":[{"href":"https:\/\/shop.szblind.ch\/fr\/wp-json\/wp\/v2\/product"}],"about":[{"href":"https:\/\/shop.szblind.ch\/fr\/wp-json\/wp\/v2\/types\/product"}],"replies":[{"embeddable":true,"href":"https:\/\/shop.szblind.ch\/fr\/wp-json\/wp\/v2\/comments?post=41813"}],"wp:featuredmedia":[{"embeddable":true,"href":"https:\/\/shop.szblind.ch\/fr\/wp-json\/wp\/v2\/media\/3970"}],"wp:attachment":[{"href":"https:\/\/shop.szblind.ch\/fr\/wp-json\/wp\/v2\/media?parent=41813"}],"wp:term":[{"taxonomy":"product_brand","embeddable":true,"href":"https:\/\/shop.szblind.ch\/fr\/wp-json\/wp\/v2\/product_brand?post=41813"},{"taxonomy":"product_cat","embeddable":true,"href":"https:\/\/shop.szblind.ch\/fr\/wp-json\/wp\/v2\/product_cat?post=41813"},{"taxonomy":"product_tag","embeddable":true,"href":"https:\/\/shop.szblind.ch\/fr\/wp-json\/wp\/v2\/product_tag?post=41813"}],"curies":[{"name":"wp","href":"https:\/\/api.w.org\/{rel}","templated":true}]}}