{"id":41820,"date":"2026-01-26T11:17:46","date_gmt":"2026-01-26T11:17:46","guid":{"rendered":"https:\/\/shop.szblind.ch\/produkt\/thermometer\/"},"modified":"2026-04-15T08:59:17","modified_gmt":"2026-04-15T08:59:17","slug":"thermometre","status":"publish","type":"product","link":"https:\/\/shop.szblind.ch\/fr\/produkt\/thermometer\/","title":{"rendered":"Thermom\u00e8tre \u00e0 viande parlant pour Milestone 212 \/ 312 Ace"},"content":{"rendered":"<div class='html translation-block'>\n<p class=\"attachment\"><a href='https:\/\/shop.szblind.ch\/wp-content\/uploads\/2025\/12\/0b0b2471-94fb-1a10-b94c-ff27872223ff_51_272_keeler__lva-k.jpg'><img loading=\"lazy\" width=\"300\" height=\"218\" src=\"https:\/\/shop.szblind.ch\/wp-content\/uploads\/2025\/12\/0b0b2471-94fb-1a10-b94c-ff27872223ff_51_272_keeler__lva-k-300x218.jpg\" class=\"attachment-medium size-medium\" alt=\"51_272 Keeler+_LVA-k\" \/><\/a><\/p>\n<p><span style=\"font-family:Frutiger Neue 1450 Pro Regular;font-size:16px\">Recommand\u00e9 pour les personnes atteintes de c\u00e9cit\u00e9, de d\u00e9ficience visuelle ou de surdic\u00e9cit\u00e9<\/span><\/p>.\n<p><span style=\"font-family:Frutiger Neue 1450 Pro Regular;font-size:16px\">Manipulation : facile<\/span><\/p>\n<p><span style=\"font-weight:bold;font-family:Frutiger Neue 1450 Pro Regular;font-size:19px\">Sp\u00e9cificit\u00e9s:<\/span><\/p>\n<p><span style=\"font-family:Frutiger Neue 1450 Pro Regular;font-size:16px\">- Pour Milestone 212 \/ 312 Ace<\/span><\/p>\n<p><span style=\"font-family:Frutiger Neue 1450 Pro Regular;font-size:16px\">- Indique vocalement la temp\u00e9rature interne de la viande pour une cuisson correcte<\/span><\/p>.\n<p><span style=\"font-weight:bold;font-family:Frutiger Neue 1450 Pro Regular;font-size:19px\">Description:<\/span><\/p>\n<p><span style=\"font-weight:bold;font-family:Frutiger Neue 1450 Pro Regular;font-size:16px\">Dimensions : <\/span><\/p>\n<p><span style=\"font-weight:bold;font-family:Frutiger Neue 1450 Pro Regular;font-size:16px\">Mat\u00e9riel : <\/span><span style=\"font-family:Frutiger Neue 1450 Pro Regular;font-size:16px\">metal<\/span><\/p>\n<\/p>\n<\/div>","protected":false},"excerpt":{"rendered":"<p>Thermom\u00e8tre \u00e0 viande parlant de Bones<\/p>","protected":false},"featured_media":4008,"comment_status":"open","ping_status":"closed","template":"","meta":{"_acf_changed":false},"product_brand":[],"product_cat":[750,770,820],"product_tag":[],"class_list":{"0":"post-41820","1":"product","2":"type-product","3":"status-publish","4":"has-post-thumbnail","6":"product_cat-0audio","7":"product_cat-750hrbuchspieler-daisy","8":"product_cat-770zubehr-hrbuchspieler-daisy","10":"first","11":"instock","12":"taxable","13":"shipping-taxable","14":"purchasable","15":"product-type-simple"},"acf":[],"_links":{"self":[{"href":"https:\/\/shop.szblind.ch\/fr\/wp-json\/wp\/v2\/product\/41820","targetHints":{"allow":["GET"]}}],"collection":[{"href":"https:\/\/shop.szblind.ch\/fr\/wp-json\/wp\/v2\/product"}],"about":[{"href":"https:\/\/shop.szblind.ch\/fr\/wp-json\/wp\/v2\/types\/product"}],"replies":[{"embeddable":true,"href":"https:\/\/shop.szblind.ch\/fr\/wp-json\/wp\/v2\/comments?post=41820"}],"wp:featuredmedia":[{"embeddable":true,"href":"https:\/\/shop.szblind.ch\/fr\/wp-json\/wp\/v2\/media\/4008"}],"wp:attachment":[{"href":"https:\/\/shop.szblind.ch\/fr\/wp-json\/wp\/v2\/media?parent=41820"}],"wp:term":[{"taxonomy":"product_brand","embeddable":true,"href":"https:\/\/shop.szblind.ch\/fr\/wp-json\/wp\/v2\/product_brand?post=41820"},{"taxonomy":"product_cat","embeddable":true,"href":"https:\/\/shop.szblind.ch\/fr\/wp-json\/wp\/v2\/product_cat?post=41820"},{"taxonomy":"product_tag","embeddable":true,"href":"https:\/\/shop.szblind.ch\/fr\/wp-json\/wp\/v2\/product_tag?post=41820"}],"curies":[{"name":"wp","href":"https:\/\/api.w.org\/{rel}","templated":true}]}}