{"id":41825,"date":"2026-01-26T11:17:55","date_gmt":"2026-01-26T11:17:55","guid":{"rendered":"https:\/\/shop.szblind.ch\/produkt\/light-box-szb-led\/"},"modified":"2026-04-15T08:59:26","modified_gmt":"2026-04-15T08:59:26","slug":"light-box-szb-led","status":"publish","type":"product","link":"https:\/\/shop.szblind.ch\/fr\/produkt\/light-box-szb-led\/","title":{"rendered":"Light-Box UCBA LED"},"content":{"rendered":"<div class='html translation-block'>\n<p class=\"attachment\"><a href='https:\/\/shop.szblind.ch\/wp-content\/uploads\/2025\/12\/37_0_1_06_450_g.jpg'><img loading=\"lazy\" width=\"300\" height=\"192\" src=\"https:\/\/shop.szblind.ch\/wp-content\/uploads\/2025\/12\/37_0_1_06_450_g-300x192.jpg\" class=\"attachment-medium size-medium\" alt=\"06_450_g.jpg\" \/><\/a><\/p>\n<p><span style=\"font-family:Arial;font-size:14px\">La bo\u00eete lumineuse LED est un outil important dans l'\u00e9ducation pr\u00e9coce. Elle sert \u00e0 la stimulation visuelle, mais aussi \u00e0 la d\u00e9couverte des couleurs, des figures et des formes.<\/span><\/p>\n<p><span style=\"font-family:Arial;font-size:14px\">Contraste optimal, r\u00e9glable en continu,<\/span><\/p>\n<p><span style=\"font-family:Arial;font-size:14px\">Luminance 1-14\u2018000 cd\/m2<\/span><\/p>\n<p><span style=\"font-weight:bold;font-family:Arial;font-size:14px\">Nouveau : avec couleur de lumi\u00e8re r\u00e9glable de 2700-6500 Kelvin<\/span><\/p>\n<p><span style=\"font-family:Arial;font-size:14px\">Plaque en plexiglas supportant une charge de 70 kg<\/span><\/p>\n<p><span style=\"font-family:Arial;font-size:14px\">Syst\u00e8me \u00e9lectrique s\u00e9curis\u00e9<\/span><\/p>\n<p><span style=\"font-family:Arial;font-size:14px\">surface \u00e9clair\u00e9e 48 x 32.5 cm<\/span><\/p>\n<p><span style=\"font-family:Arial;font-size:14px\">Longueur du c\u00e2ble 1.50 m <\/span><\/p>\n<p><span style=\"font-family:Arial;font-size:14px\">Coffret en plastique gris 60 x 40 x 9 cm<\/span><\/p>\n<p><span style=\"font-family:Arial;font-size:14px\">Poids environ 7.1 kg<\/span><\/p>\n<p><span style=\"font-family:Arial;font-size:14px\">1 vitre en plexiglas (50.502) est incluse<\/span><\/p>.\n<\/p>\n<\/div>","protected":false},"excerpt":{"rendered":"<p>Light-Box UCBA LED<\/p>","protected":false},"featured_media":3942,"comment_status":"open","ping_status":"closed","template":"","meta":{"_acf_changed":false},"product_brand":[],"product_cat":[806,756],"product_tag":[],"class_list":{"0":"post-41825","1":"product","2":"type-product","3":"status-publish","4":"has-post-thumbnail","6":"product_cat-756abklrungsmaterial","7":"product_cat-0low-vision-produkte","9":"first","10":"instock","11":"taxable","12":"shipping-taxable","13":"purchasable","14":"product-type-simple"},"acf":[],"_links":{"self":[{"href":"https:\/\/shop.szblind.ch\/fr\/wp-json\/wp\/v2\/product\/41825","targetHints":{"allow":["GET"]}}],"collection":[{"href":"https:\/\/shop.szblind.ch\/fr\/wp-json\/wp\/v2\/product"}],"about":[{"href":"https:\/\/shop.szblind.ch\/fr\/wp-json\/wp\/v2\/types\/product"}],"replies":[{"embeddable":true,"href":"https:\/\/shop.szblind.ch\/fr\/wp-json\/wp\/v2\/comments?post=41825"}],"wp:featuredmedia":[{"embeddable":true,"href":"https:\/\/shop.szblind.ch\/fr\/wp-json\/wp\/v2\/media\/3942"}],"wp:attachment":[{"href":"https:\/\/shop.szblind.ch\/fr\/wp-json\/wp\/v2\/media?parent=41825"}],"wp:term":[{"taxonomy":"product_brand","embeddable":true,"href":"https:\/\/shop.szblind.ch\/fr\/wp-json\/wp\/v2\/product_brand?post=41825"},{"taxonomy":"product_cat","embeddable":true,"href":"https:\/\/shop.szblind.ch\/fr\/wp-json\/wp\/v2\/product_cat?post=41825"},{"taxonomy":"product_tag","embeddable":true,"href":"https:\/\/shop.szblind.ch\/fr\/wp-json\/wp\/v2\/product_tag?post=41825"}],"curies":[{"name":"wp","href":"https:\/\/api.w.org\/{rel}","templated":true}]}}