{"id":41844,"date":"2026-01-26T11:18:30","date_gmt":"2026-01-26T11:18:30","guid":{"rendered":"https:\/\/shop.szblind.ch\/produkt\/rango\/"},"modified":"2026-04-15T09:00:25","modified_gmt":"2026-04-15T09:00:25","slug":"rango","status":"publish","type":"product","link":"https:\/\/shop.szblind.ch\/fr\/produkt\/rango\/","title":{"rendered":"Rango de GoSense Compl\u00e9ment de canne intelligent"},"content":{"rendered":"<div class='html translation-block'>\n<p class=\"attachment\"><a href='https:\/\/shop.szblind.ch\/wp-content\/uploads\/2025\/12\/83_0_1_01_840.jpg'><img loading=\"lazy\" width=\"300\" height=\"192\" src=\"https:\/\/shop.szblind.ch\/wp-content\/uploads\/2025\/12\/83_0_1_01_840-300x192.jpg\" class=\"attachment-medium size-medium\" alt=\"01_840.jpg\" \/><\/a><\/p>\n<p><span style=\"font-family:Frutiger Neue 1450 Pro Regular;font-size:15px\">Recommand\u00e9 pour les personnes atteintes de c\u00e9cit\u00e9, de malvoyance et de surdic\u00e9cit\u00e9<\/span><span style=\"font-family:Times New Roman;font-size:15px\">.<br \/><\/span><\/p>\n<p><span style=\"font-family:Frutiger Neue 1450 Pro Regular;font-size:15px\">Maniement : veuillez demander \u00e0 un centre de conseil de vous expliquer comment distribuer et utiliser cet additif pour canne. Vous trouverez les adresses des centres de conseil sur notre site web : <a target=\"_blank\" href=\"http:\/\/www.hilfsmittel.szblind.ch\" rel=\"noopener\">www.hilfsmittel.szblind.ch<\/span><\/a><\/p>\n<\/p>\n<p><span style=\"font-family:Frutiger Neue 1450 Pro Regular;font-size:15px\">Rango est un dispositif d'assistance innovant d\u00e9velopp\u00e9 par la soci\u00e9t\u00e9 fran\u00e7aise GoSense, qui transforme les cannes blanches traditionnelles en outils intelligents et connect\u00e9s pour les personnes aveugles et malvoyantes. Il combine des capteurs \u00e0 ultrasons avec des signaux audio 3D pour d\u00e9tecter acoustiquement l'environnement et rendre ainsi la mobilit\u00e9 plus s\u00fbre et plus autonome.<\/span><\/p>\n<\/p>\n<p><span style=\"font-family:Frutiger Neue 1450 Pro Regular;font-size:15px\">Fonctions suppl\u00e9mentaires<\/span><\/p>\n<p><span style=\"font-family:Frutiger Neue 1450 Pro Regular;font-size:15px\">En plus de la d\u00e9tection d'obstacles, l'application Rango offre les fonctions suivantes:<\/span><\/p>\n<p><span style=\"font-family:Frutiger Neue 1450 Pro Regular;font-size:15px\">\u201eO\u00f9 suis-je ?\u201c - localisation pr\u00e9cise avec le nom de la rue<\/span><\/p>.\n<p><span style=\"font-family:Frutiger Neue 1450 Pro Regular;font-size:15px\">Int\u00e9gration des transports publics - affichage des prochains d\u00e9parts de bus ou de train en temps r\u00e9el<\/span><\/p>.\n<p><span style=\"font-family:Frutiger Neue 1450 Pro Regular;font-size:15px\">Formation interactive - Guide pour une utilisation efficace de Rango<\/span><\/p>\n<p><span style=\"font-family:Frutiger Neue 1450 Pro Regular;font-size:15px\">R\u00e9glages - Ajustement des r\u00e9glages de l'appareil<\/span><\/p>\n<\/p>\n<p><span style=\"font-family:Frutiger Neue 1450 Pro Regular;font-size:15px\">D\u00e9tails techniques<\/span><\/p>\n<p><span style=\"font-family:Frutiger Neue 1450 Pro Regular;font-size:15px\">Poids : 107 g<\/span><\/p>\n<p><span style=\"font-family:Frutiger Neue 1450 Pro Regular;font-size:15px\">Autonomie de la batterie : environ 3,5 heures (1-2 recharges par semaine)<\/span><\/p>\n<p><span style=\"font-family:Frutiger Neue 1450 Pro Regular;font-size:15px\">R\u00e9sistance \u00e0 l'eau et aux chocs : IP64<\/span><\/p>\n<p><span style=\"font-family:Frutiger Neue 1450 Pro Regular;font-size:15px\">Compatibilit\u00e9 : iOS et Android<\/span><\/p>\n<p><span style=\"font-family:Frutiger Neue 1450 Pro Regular;font-size:15px\">Fixation : universelle sur toutes les cannes blanches<\/span><\/p>\n<p><span style=\"font-family:Frutiger Neue 1450 Pro Regular;font-size:15px\">Port de charge : Micro-USB<\/span><\/p>\n<\/p>\n<\/div>","protected":false},"excerpt":{"rendered":"<p>Rango de GoSense<\/p>","protected":false},"featured_media":41121,"comment_status":"open","ping_status":"closed","template":"","meta":{"_acf_changed":false},"product_brand":[],"product_cat":[747,762],"product_tag":[],"class_list":{"0":"post-41844","1":"product","2":"type-product","3":"status-publish","4":"has-post-thumbnail","6":"product_cat-0mobilitt","7":"product_cat-747orientierungshilfen","9":"first","10":"outofstock","11":"taxable","12":"shipping-taxable","13":"purchasable","14":"product-type-simple"},"acf":[],"_links":{"self":[{"href":"https:\/\/shop.szblind.ch\/fr\/wp-json\/wp\/v2\/product\/41844","targetHints":{"allow":["GET"]}}],"collection":[{"href":"https:\/\/shop.szblind.ch\/fr\/wp-json\/wp\/v2\/product"}],"about":[{"href":"https:\/\/shop.szblind.ch\/fr\/wp-json\/wp\/v2\/types\/product"}],"replies":[{"embeddable":true,"href":"https:\/\/shop.szblind.ch\/fr\/wp-json\/wp\/v2\/comments?post=41844"}],"wp:featuredmedia":[{"embeddable":true,"href":"https:\/\/shop.szblind.ch\/fr\/wp-json\/wp\/v2\/media\/41121"}],"wp:attachment":[{"href":"https:\/\/shop.szblind.ch\/fr\/wp-json\/wp\/v2\/media?parent=41844"}],"wp:term":[{"taxonomy":"product_brand","embeddable":true,"href":"https:\/\/shop.szblind.ch\/fr\/wp-json\/wp\/v2\/product_brand?post=41844"},{"taxonomy":"product_cat","embeddable":true,"href":"https:\/\/shop.szblind.ch\/fr\/wp-json\/wp\/v2\/product_cat?post=41844"},{"taxonomy":"product_tag","embeddable":true,"href":"https:\/\/shop.szblind.ch\/fr\/wp-json\/wp\/v2\/product_tag?post=41844"}],"curies":[{"name":"wp","href":"https:\/\/api.w.org\/{rel}","templated":true}]}}