{"id":41847,"date":"2026-01-26T11:18:35","date_gmt":"2026-01-26T11:18:35","guid":{"rendered":"https:\/\/shop.szblind.ch\/produkt\/luxmeter\/"},"modified":"2026-04-15T09:00:32","modified_gmt":"2026-04-15T09:00:32","slug":"luxmeter","status":"publish","type":"product","link":"https:\/\/shop.szblind.ch\/fr\/produkt\/luxmeter\/","title":{"rendered":"Luxm\u00e8tre"},"content":{"rendered":"<div class='html translation-block'>\n<p class=\"attachment\"><a href='https:\/\/shop.szblind.ch\/wp-content\/uploads\/2025\/12\/94_0_1_10_510_g.jpg'><img loading=\"lazy\" width=\"300\" height=\"192\" src=\"https:\/\/shop.szblind.ch\/wp-content\/uploads\/2025\/12\/94_0_1_10_510_g-300x192.jpg\" class=\"attachment-medium size-medium\" alt=\"10_510_g.jpg\" \/><\/a><\/p>\n<p><span style=\"font-family:Arial;font-size:14px\">Plage de mesure : 0 \u00e0 99999 Lux \/ 0 \u00e0 9300 ftc<\/span><\/p>\n<\/p>\n<p><span style=\"font-family:Arial;font-size:14px\">Pr\u00e9cision : \u00b13 Lux ou \u00b13 % (compar\u00e9 \u00e0 l'appareil de r\u00e9f\u00e9rence avec une incidence de lumi\u00e8re de 90\u00b0)<\/span><\/p>\n<\/p>\n<p><span style=\"font-family:Arial;font-size:14px\">R\u00e9solution : 1 lux (0 \u00e0 19999 lux) \/ 10 lux (reste de la plage de mesure)<\/span><\/p>\n<\/p>\n<p><span style=\"font-family:Arial;font-size:14px\">Cycle de mesure : 0.5 s<\/span><\/p>\n<p><span style=\"font-family:Arial;font-size:14px\">Poids : 95 g (piles et capuchon de protection inclus)<\/span><\/p>\n<\/p>\n<p><span style=\"font-family:Arial;font-size:14px\">Dimensions : 133 x 46 x 25 mm<\/span><\/p>\n<\/p>\n<p><span style=\"font-family:Arial;font-size:14px\">Type de pile : 2 microcellules AAA<\/span><\/p>\n<\/p>\n<p><span style=\"font-family:Arial;font-size:14px\">Dur\u00e9e de vie de la batterie\/des piles : 200 h (typiquement sans \u00e9clairage de l'\u00e9cran)<\/span><\/p>\n<\/p>\n<p><span style=\"font-family:Arial;font-size:14px\">Temp\u00e9rature de stockage : -40 \u00e0 +70 \u00b0C<\/span><\/p>\n<\/p>\n<\/div>","protected":false},"excerpt":{"rendered":"<p>Luxm\u00e8tre<\/p>","protected":false},"featured_media":4079,"comment_status":"open","ping_status":"closed","template":"","meta":{"_acf_changed":false},"product_brand":[],"product_cat":[806,756],"product_tag":[],"class_list":{"0":"post-41847","1":"product","2":"type-product","3":"status-publish","4":"has-post-thumbnail","6":"product_cat-756abklrungsmaterial","7":"product_cat-0low-vision-produkte","9":"first","10":"instock","11":"taxable","12":"shipping-taxable","13":"purchasable","14":"product-type-simple"},"acf":[],"_links":{"self":[{"href":"https:\/\/shop.szblind.ch\/fr\/wp-json\/wp\/v2\/product\/41847","targetHints":{"allow":["GET"]}}],"collection":[{"href":"https:\/\/shop.szblind.ch\/fr\/wp-json\/wp\/v2\/product"}],"about":[{"href":"https:\/\/shop.szblind.ch\/fr\/wp-json\/wp\/v2\/types\/product"}],"replies":[{"embeddable":true,"href":"https:\/\/shop.szblind.ch\/fr\/wp-json\/wp\/v2\/comments?post=41847"}],"wp:featuredmedia":[{"embeddable":true,"href":"https:\/\/shop.szblind.ch\/fr\/wp-json\/wp\/v2\/media\/4079"}],"wp:attachment":[{"href":"https:\/\/shop.szblind.ch\/fr\/wp-json\/wp\/v2\/media?parent=41847"}],"wp:term":[{"taxonomy":"product_brand","embeddable":true,"href":"https:\/\/shop.szblind.ch\/fr\/wp-json\/wp\/v2\/product_brand?post=41847"},{"taxonomy":"product_cat","embeddable":true,"href":"https:\/\/shop.szblind.ch\/fr\/wp-json\/wp\/v2\/product_cat?post=41847"},{"taxonomy":"product_tag","embeddable":true,"href":"https:\/\/shop.szblind.ch\/fr\/wp-json\/wp\/v2\/product_tag?post=41847"}],"curies":[{"name":"wp","href":"https:\/\/api.w.org\/{rel}","templated":true}]}}