{"id":41861,"date":"2026-01-26T11:18:59","date_gmt":"2026-01-26T11:18:59","guid":{"rendered":"https:\/\/shop.szblind.ch\/produkt\/smartphone\/"},"modified":"2026-04-15T09:01:23","modified_gmt":"2026-04-15T09:01:23","slug":"smartphone","status":"publish","type":"product","link":"https:\/\/shop.szblind.ch\/fr\/produkt\/smartphone\/","title":{"rendered":"BEEP pour Blindshell Classic 2 blanc"},"content":{"rendered":"<div class='html translation-block'>\n<p class=\"attachment\"><a href='https:\/\/shop.szblind.ch\/wp-content\/uploads\/2025\/12\/163_0_1_07_763-1.jpg'><img loading=\"lazy\" width=\"300\" height=\"192\" src=\"https:\/\/shop.szblind.ch\/wp-content\/uploads\/2025\/12\/163_0_1_07_763-1-300x192.jpg\" class=\"attachment-medium size-medium\" alt=\"07_763.jpg\" \/><\/a><\/p>\n<p><span style=\"font-family:Frutiger Neue 1450 Pro Regular;font-size:16px\">Recommand\u00e9 aux personnes atteintes de c\u00e9cit\u00e9, de d\u00e9ficience visuelle et de surdic\u00e9cit\u00e9<\/span><\/p>\n<p><span style=\"font-weight:bold;font-family:Frutiger Neue 1450 Pro Regular;font-size:19px\">Beeau blanc \u00e0 accrocher aux objets pour les trouver avec le Blindshell Classic 2<\/span><\/p>.\n<p><span style=\"font-weight:bold;font-family:Frutiger Neue 1450 Pro Regular;font-size:19px\">Sp\u00e9cificit\u00e9s:<\/span><\/p>\n<p><span style=\"font-family:Frutiger Neue 1450 Pro Regular;font-size:16px\">- Format porte-cl\u00e9s<\/span><\/p>\n<p><span style=\"font-weight:bold;font-family:Frutiger Neue 1450 Pro Regular;font-size:19px\">Description:<\/span><\/p>\n<p><span style=\"font-weight:bold;font-family:Frutiger Neue 1450 Pro Regular;font-size:16px\">Dimensions : <\/span><span style=\"font-family:Frutiger Neue 1450 Pro Regular;font-size:16px\"> 4 x 4 cm<\/span><\/p>\n<p><span style=\"font-weight:bold;font-family:Frutiger Neue 1450 Pro Regular;font-size:16px\">Poids : <\/span><span style=\"font-family:Frutiger Neue 1450 Pro Regular;font-size:16px\"> 47 Gr<\/span><\/p>\n<p><span style=\"font-weight:bold;font-family:Frutiger Neue 1450 Pro Regular;font-size:16px\">Volume du beeper<\/span><span style=\"font-family:Frutiger Neue 1450 Pro Regular;font-size:16px\"> : fort<\/span><\/p>\n<p><span style=\"font-weight:bold;font-family:Frutiger Neue 1450 Pro Regular;font-size:16px\">Mat\u00e9riel<\/span><span style=\"font-family:Frutiger Neue 1450 Pro Regular;font-size:16px\"> : plastique<\/span><\/p>\n<\/p>\n<\/div>","protected":false},"excerpt":{"rendered":"<p>Blindshell Beep<\/p>","protected":false},"featured_media":3955,"comment_status":"open","ping_status":"closed","template":"","meta":{"_acf_changed":false},"product_brand":[],"product_cat":[769,749,819],"product_tag":[],"class_list":{"0":"post-41861","1":"product","2":"type-product","3":"status-publish","4":"has-post-thumbnail","6":"product_cat-749mobiltelefone","7":"product_cat-0telefone","8":"product_cat-769zubehr-mobiltelefone","10":"first","11":"instock","12":"taxable","13":"shipping-taxable","14":"purchasable","15":"product-type-simple"},"acf":[],"_links":{"self":[{"href":"https:\/\/shop.szblind.ch\/fr\/wp-json\/wp\/v2\/product\/41861","targetHints":{"allow":["GET"]}}],"collection":[{"href":"https:\/\/shop.szblind.ch\/fr\/wp-json\/wp\/v2\/product"}],"about":[{"href":"https:\/\/shop.szblind.ch\/fr\/wp-json\/wp\/v2\/types\/product"}],"replies":[{"embeddable":true,"href":"https:\/\/shop.szblind.ch\/fr\/wp-json\/wp\/v2\/comments?post=41861"}],"wp:featuredmedia":[{"embeddable":true,"href":"https:\/\/shop.szblind.ch\/fr\/wp-json\/wp\/v2\/media\/3955"}],"wp:attachment":[{"href":"https:\/\/shop.szblind.ch\/fr\/wp-json\/wp\/v2\/media?parent=41861"}],"wp:term":[{"taxonomy":"product_brand","embeddable":true,"href":"https:\/\/shop.szblind.ch\/fr\/wp-json\/wp\/v2\/product_brand?post=41861"},{"taxonomy":"product_cat","embeddable":true,"href":"https:\/\/shop.szblind.ch\/fr\/wp-json\/wp\/v2\/product_cat?post=41861"},{"taxonomy":"product_tag","embeddable":true,"href":"https:\/\/shop.szblind.ch\/fr\/wp-json\/wp\/v2\/product_tag?post=41861"}],"curies":[{"name":"wp","href":"https:\/\/api.w.org\/{rel}","templated":true}]}}