{"id":41862,"date":"2026-01-26T11:19:00","date_gmt":"2026-01-26T11:19:00","guid":{"rendered":"https:\/\/shop.szblind.ch\/produkt\/scrabble-f\/"},"modified":"2026-04-17T11:21:35","modified_gmt":"2026-04-17T11:21:35","slug":"scrabble-f","status":"publish","type":"product","link":"https:\/\/shop.szblind.ch\/fr\/produkt\/scrabble-f\/","title":{"rendered":"Scrabble LV 37 x 37 cm, fran\u00e7ais contrast\u00e9"},"content":{"rendered":"<div class='html translation-block'>\n<p class=\"attachment\"><a href='https:\/\/shop.szblind.ch\/wp-content\/uploads\/2025\/12\/166_1_1_07_901_g.jpg'><img loading=\"lazy\" width=\"300\" height=\"192\" src=\"https:\/\/shop.szblind.ch\/wp-content\/uploads\/2025\/12\/166_1_1_07_901_g-300x192.jpg\" class=\"attachment-medium size-medium\" alt=\"07_901_g.jpg\" \/><\/a><\/p>\n<p><span style=\"font-family:Frutiger Neue 1450 Pro Regular;font-size:16px;color:#000000\">Recommand\u00e9 pour les personnes ayant une d\u00e9ficience visuelle<\/span><\/p>.\n<p><span>Publicit\u00e9 du produit : Best-seller<\/span><\/p>\n<p><span>Maniement : simple<\/span><\/p>\n<p><span style=\"font-weight:bold;font-size:19px\">Scrabble XL<\/span><\/p>\n<p><span style=\"font-weight:bold;font-size:19px\">Sp\u00e9cialit\u00e9s:<\/span><\/p>\n<p><span>- Fixation parfaite des lettres dans leur position gr\u00e2ce au syst\u00e8me Tilelock<\/span><\/p>\n<p><span>- Syst\u00e8me de rotation int\u00e9gr\u00e9 qui permet aux joueurs de faire pivoter le plateau de jeu de mani\u00e8re \u00e0 toujours \u00eatre face au jeu<\/span><\/p>\n<p><span>- La taille du plateau de jeu est modifi\u00e9e de +35%<\/span><\/p>\n<p><span>- Taille des lettres augment\u00e9e de +50%<\/span><\/p>\n<p><span>- R\u00e8gles du jeu imprim\u00e9es en gros caract\u00e8res<\/span><\/p>\n<p><span style=\"font-weight:bold;font-size:19px\">Description:<\/span><\/p>\n<p><span style=\"font-weight:bold;font-family:Frutiger Neue 1450 Pro Regular;font-size:16px;color:#000000\">Dimensions : <\/span><span style=\"font-family:Frutiger Neue 1450 Pro Regular;font-size:16px;color:#000000\">Tablette 37 x 37 cm, lettres 2.4 cm de diam\u00e8tre<\/span><\/p>\n<p><span style=\"font-weight:bold;font-family:Frutiger Neue 1450 Pro Regular;font-size:16px;color:#000000\">Couleur : <\/span><span style=\"font-family:Frutiger Neue 1450 Pro Regular;font-size:16px;color:#000000\">lettres noires sur fond blanc, terrain de jeu vert tendre avec champs bleu clair, bleu fonc\u00e9, rose et rouge<\/span><\/p>\n<p><span style=\"font-weight:bold;font-family:Frutiger Neue 1450 Pro Regular;font-size:16px;color:#000000\">Poids : <\/span><span style=\"font-family:Frutiger Neue 1450 Pro Regular;font-size:16px;color:#000000\">Tablette 467 g, lettres 209 g, 4 x chevalets 89 g<\/span><\/p>\n<p><span style=\"font-weight:bold;font-family:Frutiger Neue 1450 Pro Regular;font-size:16px;color:#000000\">Mat\u00e9riel : <\/span><span style=\"font-family:Frutiger Neue 1450 Pro Regular;font-size:16px;color:#000000\">Plastique, carton et mat\u00e9riel synth\u00e9tique<\/span><\/p>.\n<\/p>\n<\/div>","protected":false},"excerpt":{"rendered":"<p>Scrabble BV 37 x 37 cm, fran&ccedil;ais,<\/p>","protected":false},"featured_media":4137,"comment_status":"open","ping_status":"closed","template":"","meta":{"_acf_changed":false},"product_brand":[],"product_cat":[755,799],"product_tag":[],"class_list":{"0":"post-41862","1":"product","2":"type-product","3":"status-publish","4":"has-post-thumbnail","6":"product_cat-0freizeit","7":"product_cat-755spiele","9":"first","10":"instock","11":"taxable","12":"shipping-taxable","13":"purchasable","14":"product-type-simple"},"acf":[],"_links":{"self":[{"href":"https:\/\/shop.szblind.ch\/fr\/wp-json\/wp\/v2\/product\/41862","targetHints":{"allow":["GET"]}}],"collection":[{"href":"https:\/\/shop.szblind.ch\/fr\/wp-json\/wp\/v2\/product"}],"about":[{"href":"https:\/\/shop.szblind.ch\/fr\/wp-json\/wp\/v2\/types\/product"}],"replies":[{"embeddable":true,"href":"https:\/\/shop.szblind.ch\/fr\/wp-json\/wp\/v2\/comments?post=41862"}],"wp:featuredmedia":[{"embeddable":true,"href":"https:\/\/shop.szblind.ch\/fr\/wp-json\/wp\/v2\/media\/4137"}],"wp:attachment":[{"href":"https:\/\/shop.szblind.ch\/fr\/wp-json\/wp\/v2\/media?parent=41862"}],"wp:term":[{"taxonomy":"product_brand","embeddable":true,"href":"https:\/\/shop.szblind.ch\/fr\/wp-json\/wp\/v2\/product_brand?post=41862"},{"taxonomy":"product_cat","embeddable":true,"href":"https:\/\/shop.szblind.ch\/fr\/wp-json\/wp\/v2\/product_cat?post=41862"},{"taxonomy":"product_tag","embeddable":true,"href":"https:\/\/shop.szblind.ch\/fr\/wp-json\/wp\/v2\/product_tag?post=41862"}],"curies":[{"name":"wp","href":"https:\/\/api.w.org\/{rel}","templated":true}]}}