{"id":41864,"date":"2026-01-26T11:19:04","date_gmt":"2026-01-26T11:19:04","guid":{"rendered":"https:\/\/shop.szblind.ch\/produkt\/sehtests-lh-2529\/"},"modified":"2026-04-15T09:01:34","modified_gmt":"2026-04-15T09:01:34","slug":"tests-de-vision-lh-2529","status":"publish","type":"product","link":"https:\/\/shop.szblind.ch\/fr\/produkt\/sehtests-lh-2529\/","title":{"rendered":"LH 2529 bleu\/blanc\/rouge"},"content":{"rendered":"<div class='html translation-block'>\n<p class=\"attachment\"><a href='https:\/\/shop.szblind.ch\/wp-content\/uploads\/2025\/12\/199_0_1_10_751.jpg'><img loading=\"lazy\" width=\"300\" height=\"192\" src=\"https:\/\/shop.szblind.ch\/wp-content\/uploads\/2025\/12\/199_0_1_10_751-300x192.jpg\" class=\"attachment-medium size-medium\" alt=\"10_751.jpg\" \/><\/a><\/p>\n<p><span style=\"font-family:Arial;font-size:14px;color:#000000\">Le test fournit des informations exploitables sur la capacit\u00e9 d'un enfant \u00e0 r\u00e9agir aux changements d'\u00e9clairage et sert \u00e0 d\u00e9terminer l'adaptation des c\u00f4nes. Il se compose de 15 cartes en plastique, 5 en rouge, 5 en bleu et 5 en blanc chacune.<\/span><\/p>\n<p><span style=\"font-family:Arial;font-size:14px;color:#000000\">Format : 5 x 5 cm<\/span><\/p>\n<\/p>\n<\/div>","protected":false},"excerpt":{"rendered":"<p>LH 2529 bleu\/blanc\/rouge<\/p>","protected":false},"featured_media":4141,"comment_status":"open","ping_status":"closed","template":"","meta":{"_acf_changed":false},"product_brand":[],"product_cat":[756,804],"product_tag":[],"class_list":{"0":"post-41864","1":"product","2":"type-product","3":"status-publish","4":"has-post-thumbnail","6":"product_cat-0low-vision-produkte","7":"product_cat-756sehtests-nhe","9":"first","10":"instock","11":"taxable","12":"shipping-taxable","13":"purchasable","14":"product-type-simple"},"acf":[],"_links":{"self":[{"href":"https:\/\/shop.szblind.ch\/fr\/wp-json\/wp\/v2\/product\/41864","targetHints":{"allow":["GET"]}}],"collection":[{"href":"https:\/\/shop.szblind.ch\/fr\/wp-json\/wp\/v2\/product"}],"about":[{"href":"https:\/\/shop.szblind.ch\/fr\/wp-json\/wp\/v2\/types\/product"}],"replies":[{"embeddable":true,"href":"https:\/\/shop.szblind.ch\/fr\/wp-json\/wp\/v2\/comments?post=41864"}],"wp:featuredmedia":[{"embeddable":true,"href":"https:\/\/shop.szblind.ch\/fr\/wp-json\/wp\/v2\/media\/4141"}],"wp:attachment":[{"href":"https:\/\/shop.szblind.ch\/fr\/wp-json\/wp\/v2\/media?parent=41864"}],"wp:term":[{"taxonomy":"product_brand","embeddable":true,"href":"https:\/\/shop.szblind.ch\/fr\/wp-json\/wp\/v2\/product_brand?post=41864"},{"taxonomy":"product_cat","embeddable":true,"href":"https:\/\/shop.szblind.ch\/fr\/wp-json\/wp\/v2\/product_cat?post=41864"},{"taxonomy":"product_tag","embeddable":true,"href":"https:\/\/shop.szblind.ch\/fr\/wp-json\/wp\/v2\/product_tag?post=41864"}],"curies":[{"name":"wp","href":"https:\/\/api.w.org\/{rel}","templated":true}]}}