{"id":41870,"date":"2026-01-26T11:19:14","date_gmt":"2026-01-26T11:19:14","guid":{"rendered":"https:\/\/shop.szblind.ch\/produkt\/mikado\/"},"modified":"2026-04-15T09:01:43","modified_gmt":"2026-04-15T09:01:43","slug":"mikado","status":"publish","type":"product","link":"https:\/\/shop.szblind.ch\/fr\/produkt\/mikado\/","title":{"rendered":"Mikado \u00e0 poussoir,"},"content":{"rendered":"<div class='html translation-block'>\n<p class=\"attachment\"><a href='https:\/\/shop.szblind.ch\/wp-content\/uploads\/2025\/12\/230_0_1_51_387_g.jpg'><img loading=\"lazy\" width=\"300\" height=\"192\" src=\"https:\/\/shop.szblind.ch\/wp-content\/uploads\/2025\/12\/230_0_1_51_387_g-300x192.jpg\" class=\"attachment-medium size-medium\" alt=\"51_387_g.jpg\" \/><\/a><\/p>\n<\/p>\n<p><span style=\"font-family:Frutiger Neue 1450 Pro Regular;font-size:15px\">Recommand\u00e9 aux personnes atteintes de c\u00e9cit\u00e9, de d\u00e9ficience visuelle ou de surdic\u00e9cit\u00e9<\/span><\/p>\n<p><span style=\"font-family:Frutiger Neue 1450 Pro Regular;font-size:15px\">Manipulation : facile<\/span><\/p>\n<p><span style=\"font-weight:bold;font-family:Frutiger Neue 1450 Pro Regular;font-size:19px\">Sp\u00e9cificit\u00e9s:<\/span><\/p>\n<p><span style=\"font-family:Frutiger Neue 1450 Pro Regular;font-size:15px\">- Jouable seul ou \u00e0 plusieurs<\/span><\/p>\n<p><span style=\"font-family:Frutiger Neue 1450 Pro Regular;font-size:15px\">- Pions haptiques <\/span><\/p>\n<p><span style=\"font-family:Frutiger Neue 1450 Pro Regular;font-size:15px\">- Couleurs visibles<\/span><\/p>\n<p><span style=\"font-weight:bold;font-family:Frutiger Neue 1450 Pro Regular;font-size:19px\">Description:<\/span><\/p>\n<p><span style=\"font-weight:bold;font-family:Frutiger Neue 1450 Pro Regular;font-size:15px\">Dimensions :<\/span><span style=\"font-family:Frutiger Neue 1450 Pro Regular;font-size:15px\"> 29 x 21 cm<\/span><\/p>\n<p><span style=\"font-weight:bold;font-family:Frutiger Neue 1450 Pro Regular;font-size:15px\">Couleur : <\/span><span style=\"font-family:Frutiger Neue 1450 Pro Regular;font-size:15px\">terrain de jeu blanc avec bordure en bois clair \/ pions rouges, orange, bleu fonc\u00e9, bleu clair, jaunes et verts<\/span><\/p>\n<p><span style=\"font-weight:bold;font-family:Frutiger Neue 1450 Pro Regular;font-size:15px\">Poids : <\/span><span style=\"font-family:Frutiger Neue 1450 Pro Regular;font-size:15px\">plateau de jeu 462 grammes, pions 113 grammes<\/span><\/p>\n<p><span style=\"font-weight:bold;font-family:Frutiger Neue 1450 Pro Regular;font-size:15px\">Mat\u00e9riel:<\/span><span style=\"font-family:Frutiger Neue 1450 Pro Regular;font-size:15px\"> Bois et ressort m\u00e9tallique<\/span><\/p>\n<\/p>\n<\/div>","protected":false},"excerpt":{"rendered":"<p>Mikado \u00e0 poussoir,<\/p>","protected":false},"featured_media":4142,"comment_status":"open","ping_status":"closed","template":"","meta":{"_acf_changed":false},"product_brand":[],"product_cat":[755,799],"product_tag":[],"class_list":{"0":"post-41870","1":"product","2":"type-product","3":"status-publish","4":"has-post-thumbnail","6":"product_cat-0freizeit","7":"product_cat-755spiele","9":"first","10":"instock","11":"taxable","12":"shipping-taxable","13":"purchasable","14":"product-type-simple"},"acf":[],"_links":{"self":[{"href":"https:\/\/shop.szblind.ch\/fr\/wp-json\/wp\/v2\/product\/41870","targetHints":{"allow":["GET"]}}],"collection":[{"href":"https:\/\/shop.szblind.ch\/fr\/wp-json\/wp\/v2\/product"}],"about":[{"href":"https:\/\/shop.szblind.ch\/fr\/wp-json\/wp\/v2\/types\/product"}],"replies":[{"embeddable":true,"href":"https:\/\/shop.szblind.ch\/fr\/wp-json\/wp\/v2\/comments?post=41870"}],"wp:featuredmedia":[{"embeddable":true,"href":"https:\/\/shop.szblind.ch\/fr\/wp-json\/wp\/v2\/media\/4142"}],"wp:attachment":[{"href":"https:\/\/shop.szblind.ch\/fr\/wp-json\/wp\/v2\/media?parent=41870"}],"wp:term":[{"taxonomy":"product_brand","embeddable":true,"href":"https:\/\/shop.szblind.ch\/fr\/wp-json\/wp\/v2\/product_brand?post=41870"},{"taxonomy":"product_cat","embeddable":true,"href":"https:\/\/shop.szblind.ch\/fr\/wp-json\/wp\/v2\/product_cat?post=41870"},{"taxonomy":"product_tag","embeddable":true,"href":"https:\/\/shop.szblind.ch\/fr\/wp-json\/wp\/v2\/product_tag?post=41870"}],"curies":[{"name":"wp","href":"https:\/\/api.w.org\/{rel}","templated":true}]}}