{"id":41875,"date":"2026-01-26T11:19:25","date_gmt":"2026-01-26T11:19:25","guid":{"rendered":"https:\/\/shop.szblind.ch\/produkt\/ersatzpapier\/"},"modified":"2026-04-15T09:01:58","modified_gmt":"2026-04-15T09:01:58","slug":"papier-de-remplacement","status":"publish","type":"product","link":"https:\/\/shop.szblind.ch\/fr\/produkt\/ersatzpapier\/","title":{"rendered":"Papier braille 50 feuilles pour tableau braille 4 x 15 caract\u00e8res"},"content":{"rendered":"<div class='html translation-block'>\n<p class=\"attachment\"><a href='https:\/\/shop.szblind.ch\/wp-content\/uploads\/2025\/12\/289_0_1_06_430_g.jpg'><img loading=\"lazy\" width=\"300\" height=\"192\" src=\"https:\/\/shop.szblind.ch\/wp-content\/uploads\/2025\/12\/289_0_1_06_430_g-300x192.jpg\" class=\"attachment-medium size-medium\" alt=\"06_430_g.jpg\" \/><\/a><\/p>\n<p><span style=\"font-family:Frutiger 55 Roman;font-size:16px\">Recommand\u00e9 aux personnes atteintes de c\u00e9cit\u00e9, de malvoyance et de surdic\u00e9cit\u00e9<\/span><\/p>\n<p><span style=\"font-weight:bold;font-family:Frutiger Neue 1450 Pro Regular;font-size:19px\">Description:<\/span><\/p>\n<p><span style=\"font-weight:bold;font-family:Frutiger Neue 1450 Pro Regular;font-size:16px\">Dimensions : <\/span><span style=\"font-family:Frutiger Neue 1450 Pro Regular;font-size:16px\">11.5 x 5 cm<\/span><\/p>\n<p><span style=\"font-weight:bold;font-family:Frutiger Neue 1450 Pro Regular;font-size:16px\">Couleur : <\/span><span style=\"font-family:Frutiger Neue 1450 Pro Regular;font-size:16px\">blanc<\/span><\/p>\n<p><span style=\"font-weight:bold;font-family:Frutiger Neue 1450 Pro Regular;font-size:16px\">Format : <\/span><span style=\"font-family:Frutiger Neue 1450 Pro Regular;font-size:16px\">120 grammes<\/span><\/p>\n<p><span style=\"font-weight:bold;font-family:Frutiger Neue 1450 Pro Regular;font-size:16px\">Mat\u00e9riel : <\/span><span style=\"font-family:Frutiger Neue 1450 Pro Regular;font-size:16px\">Papier<\/span><\/p>\n<p><span style=\"font-weight:bold;font-family:Frutiger Neue 1450 Pro Regular;font-size:16px\">Quantit\u00e9 : <\/span><span style=\"font-family:Frutiger Neue 1450 Pro Regular;font-size:16px\">par unit\u00e9 de 50 feuilles<\/span><\/p>.\n<\/p>\n<\/div>","protected":false},"excerpt":{"rendered":"<p>Papier de rechange pour l'article 04.170<\/p>","protected":false},"featured_media":4161,"comment_status":"open","ping_status":"closed","template":"","meta":{"_acf_changed":false},"product_brand":[],"product_cat":[751,778],"product_tag":[],"class_list":{"0":"post-41875","1":"product","2":"type-product","3":"status-publish","4":"has-post-thumbnail","6":"product_cat-0blindenschrift","7":"product_cat-751zubehr-diverses","9":"first","10":"instock","11":"taxable","12":"shipping-taxable","13":"purchasable","14":"product-type-simple"},"acf":[],"_links":{"self":[{"href":"https:\/\/shop.szblind.ch\/fr\/wp-json\/wp\/v2\/product\/41875","targetHints":{"allow":["GET"]}}],"collection":[{"href":"https:\/\/shop.szblind.ch\/fr\/wp-json\/wp\/v2\/product"}],"about":[{"href":"https:\/\/shop.szblind.ch\/fr\/wp-json\/wp\/v2\/types\/product"}],"replies":[{"embeddable":true,"href":"https:\/\/shop.szblind.ch\/fr\/wp-json\/wp\/v2\/comments?post=41875"}],"wp:featuredmedia":[{"embeddable":true,"href":"https:\/\/shop.szblind.ch\/fr\/wp-json\/wp\/v2\/media\/4161"}],"wp:attachment":[{"href":"https:\/\/shop.szblind.ch\/fr\/wp-json\/wp\/v2\/media?parent=41875"}],"wp:term":[{"taxonomy":"product_brand","embeddable":true,"href":"https:\/\/shop.szblind.ch\/fr\/wp-json\/wp\/v2\/product_brand?post=41875"},{"taxonomy":"product_cat","embeddable":true,"href":"https:\/\/shop.szblind.ch\/fr\/wp-json\/wp\/v2\/product_cat?post=41875"},{"taxonomy":"product_tag","embeddable":true,"href":"https:\/\/shop.szblind.ch\/fr\/wp-json\/wp\/v2\/product_tag?post=41875"}],"curies":[{"name":"wp","href":"https:\/\/api.w.org\/{rel}","templated":true}]}}