{"id":41877,"date":"2026-01-26T11:19:29","date_gmt":"2026-01-26T11:19:29","guid":{"rendered":"https:\/\/shop.szblind.ch\/produkt\/piepei\/"},"modified":"2026-04-15T09:02:02","modified_gmt":"2026-04-15T09:02:02","slug":"piepei","status":"publish","type":"product","link":"https:\/\/shop.szblind.ch\/fr\/produkt\/piepei\/","title":{"rendered":"Piepei \"Rock"},"content":{"rendered":"<div class='html translation-block'>\n<p class=\"attachment\"><a href='https:\/\/shop.szblind.ch\/wp-content\/uploads\/2025\/12\/317_0_1_12_056.jpg'><img loading=\"lazy\" width=\"300\" height=\"192\" src=\"https:\/\/shop.szblind.ch\/wp-content\/uploads\/2025\/12\/317_0_1_12_056-300x192.jpg\" class=\"attachment-medium size-medium\" alt=\"12_056.jpg\" \/><\/a><\/p>\n<p><span style=\"font-family:Frutiger Neue 1450 Pro Regular;font-size:15px\">Recommand\u00e9 pour les personnes atteintes de c\u00e9cit\u00e9 ou de d\u00e9ficience visuelle.<\/span><\/p>\n<p><span style=\"font-family:Frutiger Neue 1450 Pro Regular;font-size:15px\">Particularit\u00e9s:<\/span><\/p>\n<p><span style=\"font-family:Frutiger Neue 1450 Pro Regular;font-size:15px\">\u25cf joue une m\u00e9lodie appropri\u00e9e selon le degr\u00e9 de cuisson (\u0153ufs de 3 minutes \u201cSmoke on the water\u201d, \u0153ufs mi-doux \u201cI was made for lovin\u2019 you\u201d, pour les \u0153ufs \u00e0 la coque \u201cThe Final Cowntown\u201d<\/span><\/p>\n<p><span style=\"font-family:Frutiger Neue 1450 Pro Regular;font-size:15px\">\u25cf L'\u0153uf est plac\u00e9 dans l'eau bouillante avec de vrais \u0153ufs<\/span><\/p>.\n<\/p>\n<p><span style=\"font-family:Frutiger Neue 1450 Pro Regular;font-size:15px\">Description:<\/span><\/p>\n<p><span style=\"font-family:Frutiger Neue 1450 Pro Regular;font-size:15px\">Dimensions : 4 x 5.5 cm<\/span><\/p>\n<p><span style=\"font-family:Frutiger Neue 1450 Pro Regular;font-size:15px\">Couleur : noir<\/span><\/p>\n<p><span style=\"font-family:Frutiger Neue 1450 Pro Regular;font-size:15px\">Mat\u00e9riau : plastique r\u00e9sistant \u00e0 la chaleur<\/span><\/p>\n<p><span style=\"font-family:Frutiger Neue 1450 Pro Regular;font-size:15px\">Poids : 30 grammes<\/span><\/p>\n<\/p>\n<\/div>","protected":false},"excerpt":{"rendered":"<p>Piepei &#8220;Rock&#8221;<\/p>","protected":false},"featured_media":4163,"comment_status":"open","ping_status":"closed","template":"","meta":{"_acf_changed":false},"product_brand":[],"product_cat":[754,796],"product_tag":[],"class_list":{"0":"post-41877","1":"product","2":"type-product","3":"status-publish","4":"has-post-thumbnail","6":"product_cat-0alltagshilfen","7":"product_cat-754haushaltsprodukte","9":"first","10":"instock","11":"taxable","12":"shipping-taxable","13":"purchasable","14":"product-type-simple"},"acf":[],"_links":{"self":[{"href":"https:\/\/shop.szblind.ch\/fr\/wp-json\/wp\/v2\/product\/41877","targetHints":{"allow":["GET"]}}],"collection":[{"href":"https:\/\/shop.szblind.ch\/fr\/wp-json\/wp\/v2\/product"}],"about":[{"href":"https:\/\/shop.szblind.ch\/fr\/wp-json\/wp\/v2\/types\/product"}],"replies":[{"embeddable":true,"href":"https:\/\/shop.szblind.ch\/fr\/wp-json\/wp\/v2\/comments?post=41877"}],"wp:featuredmedia":[{"embeddable":true,"href":"https:\/\/shop.szblind.ch\/fr\/wp-json\/wp\/v2\/media\/4163"}],"wp:attachment":[{"href":"https:\/\/shop.szblind.ch\/fr\/wp-json\/wp\/v2\/media?parent=41877"}],"wp:term":[{"taxonomy":"product_brand","embeddable":true,"href":"https:\/\/shop.szblind.ch\/fr\/wp-json\/wp\/v2\/product_brand?post=41877"},{"taxonomy":"product_cat","embeddable":true,"href":"https:\/\/shop.szblind.ch\/fr\/wp-json\/wp\/v2\/product_cat?post=41877"},{"taxonomy":"product_tag","embeddable":true,"href":"https:\/\/shop.szblind.ch\/fr\/wp-json\/wp\/v2\/product_tag?post=41877"}],"curies":[{"name":"wp","href":"https:\/\/api.w.org\/{rel}","templated":true}]}}