{"id":41885,"date":"2026-01-26T11:19:42","date_gmt":"2026-01-26T11:19:42","guid":{"rendered":"https:\/\/shop.szblind.ch\/produkt\/powerbank-2\/"},"modified":"2026-04-15T09:02:15","modified_gmt":"2026-04-15T09:02:15","slug":"powerbank-2","status":"publish","type":"product","link":"https:\/\/shop.szblind.ch\/fr\/produkt\/powerbank-2\/","title":{"rendered":"Powerbank Matapo accessible 20'000 mAh"},"content":{"rendered":"<div class='html translation-block'>\n<p class=\"attachment\"><a href='https:\/\/shop.szblind.ch\/wp-content\/uploads\/2025\/12\/383_0_1_51_234_g.jpg'><img loading=\"lazy\" width=\"300\" height=\"245\" src=\"https:\/\/shop.szblind.ch\/wp-content\/uploads\/2025\/12\/383_0_1_51_234_g-300x245.jpg\" class=\"attachment-medium size-medium\" alt=\"51_234_g.jpg\" \/><\/a><\/p>\n<p><span style=\"font-family:Frutiger Neue 1450 Pro Regular;font-size:16px\">Recommand\u00e9 aux personnes atteintes de c\u00e9cit\u00e9, de d\u00e9ficience visuelle ou de surdic\u00e9cit\u00e9<\/span><\/p>\n<p><span style=\"font-weight:bold;font-family:Frutiger Neue 1450 Pro Regular;font-size:19px\">Description:<\/span><\/p>\n<p><span style=\"font-family:Frutiger Neue 1450 Pro Regular;font-size:16px\">Polym\u00e8re de lithium<\/span><\/p>\n<p><span style=\"font-family:Frutiger Neue 1450 Pro Regular;font-size:16px\">Dimensions : 14 x 7 x 2.5 cm<\/span><\/p>\n<p><span style=\"font-family:Frutiger Neue 1450 Pro Regular;font-size:16px\">Couleur : noir<\/span><\/p>\n<p><span style=\"font-family:Frutiger Neue 1450 Pro Regular;font-size:16px\">Poids : 375 Gr<\/span><\/p>\n<p><span style=\"font-family:Frutiger Neue 1450 Pro Regular;font-size:16px\">Temps de charge : environ 4.5 heures<\/span><\/p>\n<p><span style=\"font-family:Frutiger Neue 1450 Pro Regular;font-size:16px\">Mat\u00e9riau : plastique <\/span><\/p>\n<p><span style=\"font-family:Frutiger Neue 1450 Pro Regular;font-size:16px\">Entr\u00e9e d'alimentation : USB-C:5V 2A \/ 9V 2A |USB Micro-B:5V 2A \/ 9V 2A<\/span><\/p>\n<p><span style=\"font-family:Frutiger Neue 1450 Pro Regular;font-size:16px\">Sorties de puissance : USB-C : 5V 3A \/ 9V 2A \/ 12V 1.5A (18W Max.) | USB-A : 5V 3A \/ 9V 2A \/ 12V 1.5A (18W Max.) | Total : 18W Max.<\/span><\/p>\n<\/p>\n<\/div>","protected":false},"excerpt":{"rendered":"<p>Powerbank Matapo barrierefrei 20&#8217;000 mAh<\/p>","protected":false},"featured_media":4170,"comment_status":"open","ping_status":"closed","template":"","meta":{"_acf_changed":false},"product_brand":[],"product_cat":[750,770,820],"product_tag":[],"class_list":{"0":"post-41885","1":"product","2":"type-product","3":"status-publish","4":"has-post-thumbnail","6":"product_cat-0audio","7":"product_cat-750hrbuchspieler-daisy","8":"product_cat-770zubehr-hrbuchspieler-daisy","10":"first","11":"instock","12":"taxable","13":"shipping-taxable","14":"purchasable","15":"product-type-simple"},"acf":[],"_links":{"self":[{"href":"https:\/\/shop.szblind.ch\/fr\/wp-json\/wp\/v2\/product\/41885","targetHints":{"allow":["GET"]}}],"collection":[{"href":"https:\/\/shop.szblind.ch\/fr\/wp-json\/wp\/v2\/product"}],"about":[{"href":"https:\/\/shop.szblind.ch\/fr\/wp-json\/wp\/v2\/types\/product"}],"replies":[{"embeddable":true,"href":"https:\/\/shop.szblind.ch\/fr\/wp-json\/wp\/v2\/comments?post=41885"}],"wp:featuredmedia":[{"embeddable":true,"href":"https:\/\/shop.szblind.ch\/fr\/wp-json\/wp\/v2\/media\/4170"}],"wp:attachment":[{"href":"https:\/\/shop.szblind.ch\/fr\/wp-json\/wp\/v2\/media?parent=41885"}],"wp:term":[{"taxonomy":"product_brand","embeddable":true,"href":"https:\/\/shop.szblind.ch\/fr\/wp-json\/wp\/v2\/product_brand?post=41885"},{"taxonomy":"product_cat","embeddable":true,"href":"https:\/\/shop.szblind.ch\/fr\/wp-json\/wp\/v2\/product_cat?post=41885"},{"taxonomy":"product_tag","embeddable":true,"href":"https:\/\/shop.szblind.ch\/fr\/wp-json\/wp\/v2\/product_tag?post=41885"}],"curies":[{"name":"wp","href":"https:\/\/api.w.org\/{rel}","templated":true}]}}