{"id":41890,"date":"2026-01-26T11:19:50","date_gmt":"2026-01-26T11:19:50","guid":{"rendered":"https:\/\/shop.szblind.ch\/produkt\/sehtest-szb-farbtest-kaertchen\/"},"modified":"2026-04-15T09:02:32","modified_gmt":"2026-04-15T09:02:32","slug":"test-de-vision-szb-test-de-couleur-kaertchen","status":"publish","type":"product","link":"https:\/\/shop.szblind.ch\/fr\/produkt\/sehtest-szb-farbtest-kaertchen\/","title":{"rendered":"test de couleurs de l'UCBA"},"content":{"rendered":"<div class='html translation-block'>\n<p class=\"attachment\"><a href='https:\/\/shop.szblind.ch\/wp-content\/uploads\/2025\/12\/417_1_1_03_100.jpg'><img loading=\"lazy\" width=\"300\" height=\"192\" src=\"https:\/\/shop.szblind.ch\/wp-content\/uploads\/2025\/12\/417_1_1_03_100-300x192.jpg\" class=\"attachment-medium size-medium\" alt=\"03_100.jpg\" \/><\/a><\/p>\n<p><span style=\"font-family:Arial;font-size:14px\">Test de vision des couleurs UCBA sur carte<\/span><\/p>\n<p><span style=\"font-family:Arial;font-size:14px\">Ce test de vision des couleurs est d\u00e9riv\u00e9 du test de Farnsworth. L'examen des couleurs avec ce test n'est pas toujours tr\u00e8s pr\u00e9cis, mais son approche ludique permet de le r\u00e9aliser avec des enfants ou des personnes polyhandicap\u00e9es.<\/span><\/p>\n<p><span style=\"font-family:Arial;font-size:14px\">Selon le niveau de d\u00e9veloppement de la personne, le test peut \u00eatre r\u00e9alis\u00e9 d\u00e8s l'\u00e2ge de 2 ans.<\/span><\/p>\n<p><span style=\"font-family:Arial;font-size:14px\">16 petites cartes plastifi\u00e9es, environ 6,5 x 6,5 cm<\/span><\/p>.\n<p><span style=\"font-family:Arial;font-size:14px\">(M\u00e9moire en pack double Fr. 120.00)<\/span><\/p>\n<\/p>\n<\/div>","protected":false},"excerpt":{"rendered":"<p>test de couleurs de l'UCBA<\/p>","protected":false},"featured_media":41140,"comment_status":"open","ping_status":"closed","template":"","meta":{"_acf_changed":false},"product_brand":[],"product_cat":[805,756],"product_tag":[],"class_list":{"0":"post-41890","1":"product","2":"type-product","3":"status-publish","4":"has-post-thumbnail","6":"product_cat-756farbtests","7":"product_cat-0low-vision-produkte","9":"first","10":"outofstock","11":"taxable","12":"shipping-taxable","13":"purchasable","14":"product-type-simple"},"acf":[],"_links":{"self":[{"href":"https:\/\/shop.szblind.ch\/fr\/wp-json\/wp\/v2\/product\/41890","targetHints":{"allow":["GET"]}}],"collection":[{"href":"https:\/\/shop.szblind.ch\/fr\/wp-json\/wp\/v2\/product"}],"about":[{"href":"https:\/\/shop.szblind.ch\/fr\/wp-json\/wp\/v2\/types\/product"}],"replies":[{"embeddable":true,"href":"https:\/\/shop.szblind.ch\/fr\/wp-json\/wp\/v2\/comments?post=41890"}],"wp:featuredmedia":[{"embeddable":true,"href":"https:\/\/shop.szblind.ch\/fr\/wp-json\/wp\/v2\/media\/41140"}],"wp:attachment":[{"href":"https:\/\/shop.szblind.ch\/fr\/wp-json\/wp\/v2\/media?parent=41890"}],"wp:term":[{"taxonomy":"product_brand","embeddable":true,"href":"https:\/\/shop.szblind.ch\/fr\/wp-json\/wp\/v2\/product_brand?post=41890"},{"taxonomy":"product_cat","embeddable":true,"href":"https:\/\/shop.szblind.ch\/fr\/wp-json\/wp\/v2\/product_cat?post=41890"},{"taxonomy":"product_tag","embeddable":true,"href":"https:\/\/shop.szblind.ch\/fr\/wp-json\/wp\/v2\/product_tag?post=41890"}],"curies":[{"name":"wp","href":"https:\/\/api.w.org\/{rel}","templated":true}]}}