{"id":41892,"date":"2026-01-26T11:19:58","date_gmt":"2026-01-26T11:19:58","guid":{"rendered":"https:\/\/shop.szblind.ch\/produkt\/level-3\/"},"modified":"2026-04-15T09:02:36","modified_gmt":"2026-04-15T09:02:36","slug":"niveau-3","status":"publish","type":"product","link":"https:\/\/shop.szblind.ch\/fr\/produkt\/level-3\/","title":{"rendered":"Niveau de Mat\u00e9riau LV 3 \u00c2ge recommand\u00e9 : 4 \u00e0 6 ans"},"content":{"rendered":"<div class='html translation-block'>\n<p class=\"attachment\"><a href='https:\/\/shop.szblind.ch\/wp-content\/uploads\/2025\/12\/433_0_1_51_883_g.jpg'><img loading=\"lazy\" width=\"300\" height=\"192\" src=\"https:\/\/shop.szblind.ch\/wp-content\/uploads\/2025\/12\/433_0_1_51_883_g-300x192.jpg\" class=\"attachment-medium size-medium\" alt=\"51_883_g.JPG\" \/><\/a><\/p>\n<p><span style=\"font-family:Arial;font-size:14px;color:#000000\">Age conseill\u00e9 : 4 \u00e0 6 ans<\/span><\/p>\n<p><span style=\"font-family:Arial;font-size:14px;color:#000000\">Il a \u00e9t\u00e9 con\u00e7u pour aider les enfants malvoyants \u00e0 apprendre \u00e0 d\u00e9velopper les comp\u00e9tences suivantes :<\/span><\/p>\n<p><span style=\"font-family:Arial;font-size:14px;color:#000000\">- \u00c9crire \u00e0 la main,<\/span><\/p>.\n<p><span style=\"font-family:Arial;font-size:14px;color:#000000\">- classer et trier, reconna\u00eetre et identifier,<\/span><\/p>\n<p><span style=\"font-family:Arial;font-size:14px;color:#000000\">- relations spatiales et m\u00e9moire visuelle, coh\u00e9rence<\/span><\/p>\n<p><span style=\"font-family:Arial;font-size:14px;color:#000000\">- Distinction figure-sous-fond, d\u00e9limitation visuelle et relations partie-tout.<\/span><\/p>\n<p><span style=\"font-family:Arial;font-size:14px;color:#000000\">L'ensemble comprend:<\/span><\/p>\n<p><span style=\"font-family:Arial;font-size:14px;color:#000000\">- plus de 400 objets, y compris des dizaines de cartes images et symboles<\/span><\/p>\n<p><span style=\"font-family:Arial;font-size:14px;color:#000000\">- cinq types de plateaux de jeu<\/span><\/p>\n<p><span style=\"font-family:Arial;font-size:14px;color:#000000\">- une surface de travail antid\u00e9rapante et un film d'arri\u00e8re-plan<\/span><\/p>\n<p><span style=\"font-family:Arial;font-size:14px;color:#000000\">- Un livret d'instructions avec plus de 100 suggestions d'application<\/span><\/p>.\n<p><span style=\"font-family:Arial;font-size:14px;color:#000000\">- Sac de transport (total 11,3 kg)<\/span><\/p>\n<\/p>\n<\/div>","protected":false},"excerpt":{"rendered":"<p>Light-box niveau 3<\/p>","protected":false},"featured_media":4180,"comment_status":"open","ping_status":"closed","template":"","meta":{"_acf_changed":false},"product_brand":[],"product_cat":[806,756],"product_tag":[],"class_list":{"0":"post-41892","1":"product","2":"type-product","3":"status-publish","4":"has-post-thumbnail","6":"product_cat-756abklrungsmaterial","7":"product_cat-0low-vision-produkte","9":"first","10":"instock","11":"taxable","12":"shipping-taxable","13":"purchasable","14":"product-type-simple"},"acf":[],"_links":{"self":[{"href":"https:\/\/shop.szblind.ch\/fr\/wp-json\/wp\/v2\/product\/41892","targetHints":{"allow":["GET"]}}],"collection":[{"href":"https:\/\/shop.szblind.ch\/fr\/wp-json\/wp\/v2\/product"}],"about":[{"href":"https:\/\/shop.szblind.ch\/fr\/wp-json\/wp\/v2\/types\/product"}],"replies":[{"embeddable":true,"href":"https:\/\/shop.szblind.ch\/fr\/wp-json\/wp\/v2\/comments?post=41892"}],"wp:featuredmedia":[{"embeddable":true,"href":"https:\/\/shop.szblind.ch\/fr\/wp-json\/wp\/v2\/media\/4180"}],"wp:attachment":[{"href":"https:\/\/shop.szblind.ch\/fr\/wp-json\/wp\/v2\/media?parent=41892"}],"wp:term":[{"taxonomy":"product_brand","embeddable":true,"href":"https:\/\/shop.szblind.ch\/fr\/wp-json\/wp\/v2\/product_brand?post=41892"},{"taxonomy":"product_cat","embeddable":true,"href":"https:\/\/shop.szblind.ch\/fr\/wp-json\/wp\/v2\/product_cat?post=41892"},{"taxonomy":"product_tag","embeddable":true,"href":"https:\/\/shop.szblind.ch\/fr\/wp-json\/wp\/v2\/product_tag?post=41892"}],"curies":[{"name":"wp","href":"https:\/\/api.w.org\/{rel}","templated":true}]}}