{"id":41896,"date":"2026-01-26T11:20:05","date_gmt":"2026-01-26T11:20:05","guid":{"rendered":"https:\/\/shop.szblind.ch\/produkt\/light-box-kreisel\/"},"modified":"2026-04-15T09:02:44","modified_gmt":"2026-04-15T09:02:44","slug":"boite-lumineuse-toupie","status":"publish","type":"product","link":"https:\/\/shop.szblind.ch\/fr\/produkt\/light-box-kreisel\/","title":{"rendered":"Mat\u00e9riel LV toupie pour niveau 1 jusqu'\u00e0 environ 4 ans"},"content":{"rendered":"<div class='html translation-block'>\n<p class=\"attachment\"><a href='https:\/\/shop.szblind.ch\/wp-content\/uploads\/2025\/12\/446_0_1_51_842_g.jpg'><img loading=\"lazy\" width=\"299\" height=\"257\" src=\"https:\/\/shop.szblind.ch\/wp-content\/uploads\/2025\/12\/446_0_1_51_842_g.jpg\" class=\"attachment-medium size-medium\" alt=\"51_842_g.jpg\" \/><\/a><\/p>\n<p><span style=\"font-family:Arial;font-size:14px;color:#000000\">Une toupie (plateau tournant) avec deux motifs diff\u00e9rents, destin\u00e9e \u00e0 encourager la localisation et \u00e0 inciter \u00e0 la pr\u00e9hension.<\/span><\/p>\n<\/p>\n<\/div>","protected":false},"excerpt":{"rendered":"<p>Light-box niveau 1 giroscope<\/p>","protected":false},"featured_media":4185,"comment_status":"open","ping_status":"closed","template":"","meta":{"_acf_changed":false},"product_brand":[],"product_cat":[806,756],"product_tag":[],"class_list":{"0":"post-41896","1":"product","2":"type-product","3":"status-publish","4":"has-post-thumbnail","6":"product_cat-756abklrungsmaterial","7":"product_cat-0low-vision-produkte","9":"first","10":"instock","11":"taxable","12":"shipping-taxable","13":"purchasable","14":"product-type-simple"},"acf":[],"_links":{"self":[{"href":"https:\/\/shop.szblind.ch\/fr\/wp-json\/wp\/v2\/product\/41896","targetHints":{"allow":["GET"]}}],"collection":[{"href":"https:\/\/shop.szblind.ch\/fr\/wp-json\/wp\/v2\/product"}],"about":[{"href":"https:\/\/shop.szblind.ch\/fr\/wp-json\/wp\/v2\/types\/product"}],"replies":[{"embeddable":true,"href":"https:\/\/shop.szblind.ch\/fr\/wp-json\/wp\/v2\/comments?post=41896"}],"wp:featuredmedia":[{"embeddable":true,"href":"https:\/\/shop.szblind.ch\/fr\/wp-json\/wp\/v2\/media\/4185"}],"wp:attachment":[{"href":"https:\/\/shop.szblind.ch\/fr\/wp-json\/wp\/v2\/media?parent=41896"}],"wp:term":[{"taxonomy":"product_brand","embeddable":true,"href":"https:\/\/shop.szblind.ch\/fr\/wp-json\/wp\/v2\/product_brand?post=41896"},{"taxonomy":"product_cat","embeddable":true,"href":"https:\/\/shop.szblind.ch\/fr\/wp-json\/wp\/v2\/product_cat?post=41896"},{"taxonomy":"product_tag","embeddable":true,"href":"https:\/\/shop.szblind.ch\/fr\/wp-json\/wp\/v2\/product_tag?post=41896"}],"curies":[{"name":"wp","href":"https:\/\/api.w.org\/{rel}","templated":true}]}}