{"id":41911,"date":"2026-01-26T11:20:31","date_gmt":"2026-01-26T11:20:31","guid":{"rendered":"https:\/\/shop.szblind.ch\/produkt\/abtropfsieb\/"},"modified":"2026-04-15T09:03:10","modified_gmt":"2026-04-15T09:03:10","slug":"egouttoir","status":"publish","type":"product","link":"https:\/\/shop.szblind.ch\/fr\/produkt\/abtropfsieb\/","title":{"rendered":"\u00c9gouttoir Metaltex"},"content":{"rendered":"<div class='html translation-block'>\n<p class=\"attachment\"><a href='https:\/\/shop.szblind.ch\/wp-content\/uploads\/2025\/12\/484_0_1_09_520.jpg'><img loading=\"lazy\" width=\"300\" height=\"200\" src=\"https:\/\/shop.szblind.ch\/wp-content\/uploads\/2025\/12\/484_0_1_09_520-300x200.jpg\" class=\"attachment-medium size-medium\" alt=\"09_520.JPG\" \/><\/a><\/p>\n<p><span style=\"font-family:Frutiger Neue 1450 Pro Regular;font-size:15px\">Recommand\u00e9 pour les personnes atteintes de c\u00e9cit\u00e9, de d\u00e9ficience visuelle et de surdic\u00e9cit\u00e9.<\/span><\/p>\n<p><span style=\"font-family:Frutiger Neue 1450 Pro Regular;font-size:15px\">Sp\u00e9cificit\u00e9s:<\/span><\/p>\n<p><span style=\"font-family:Frutiger Neue 1450 Pro Regular;font-size:15px\">\u25cf Utilisation simple et s\u00fbre<\/span><\/p>\n<p><span style=\"font-family:Frutiger Neue 1450 Pro Regular;font-size:15px\">\u25cf Aide \u00e0 verser de l'eau chaude dans les grandes casseroles<\/span><\/p>\n<p><span style=\"font-family:Frutiger Neue 1450 Pro Regular;font-size:15px\">\u25cf peut \u00eatre clips\u00e9 sur le bord de la casserole<\/span><\/p>\n<\/p>\n<p><span style=\"font-family:Frutiger Neue 1450 Pro Regular;font-size:15px\">Description:<\/span><\/p>\n<p><span style=\"font-family:Frutiger Neue 1450 Pro Regular;font-size:15px\">Dimensions : 13.5 x 27.5 cm<\/span><\/p>\n<p><span style=\"font-family:Frutiger Neue 1450 Pro Regular;font-size:15px\">Couleur : anthracite<\/span><\/p>\n<p><span style=\"font-family:Frutiger Neue 1450 Pro Regular;font-size:15px\">Mat\u00e9riau : plastique r\u00e9sistant \u00e0 la chaleur<\/span><\/p>\n<p><span style=\"font-family:Frutiger Neue 1450 Pro Regular;font-size:15px\">Poids : 76 grammes<\/span><\/p>\n<\/p>\n<\/div>","protected":false},"excerpt":{"rendered":"<p>\u00c9gouttoir Metaltex<\/p>","protected":false},"featured_media":4212,"comment_status":"open","ping_status":"closed","template":"","meta":{"_acf_changed":false},"product_brand":[],"product_cat":[754,796],"product_tag":[],"class_list":{"0":"post-41911","1":"product","2":"type-product","3":"status-publish","4":"has-post-thumbnail","6":"product_cat-0alltagshilfen","7":"product_cat-754haushaltsprodukte","9":"first","10":"instock","11":"taxable","12":"shipping-taxable","13":"purchasable","14":"product-type-simple"},"acf":[],"_links":{"self":[{"href":"https:\/\/shop.szblind.ch\/fr\/wp-json\/wp\/v2\/product\/41911","targetHints":{"allow":["GET"]}}],"collection":[{"href":"https:\/\/shop.szblind.ch\/fr\/wp-json\/wp\/v2\/product"}],"about":[{"href":"https:\/\/shop.szblind.ch\/fr\/wp-json\/wp\/v2\/types\/product"}],"replies":[{"embeddable":true,"href":"https:\/\/shop.szblind.ch\/fr\/wp-json\/wp\/v2\/comments?post=41911"}],"wp:featuredmedia":[{"embeddable":true,"href":"https:\/\/shop.szblind.ch\/fr\/wp-json\/wp\/v2\/media\/4212"}],"wp:attachment":[{"href":"https:\/\/shop.szblind.ch\/fr\/wp-json\/wp\/v2\/media?parent=41911"}],"wp:term":[{"taxonomy":"product_brand","embeddable":true,"href":"https:\/\/shop.szblind.ch\/fr\/wp-json\/wp\/v2\/product_brand?post=41911"},{"taxonomy":"product_cat","embeddable":true,"href":"https:\/\/shop.szblind.ch\/fr\/wp-json\/wp\/v2\/product_cat?post=41911"},{"taxonomy":"product_tag","embeddable":true,"href":"https:\/\/shop.szblind.ch\/fr\/wp-json\/wp\/v2\/product_tag?post=41911"}],"curies":[{"name":"wp","href":"https:\/\/api.w.org\/{rel}","templated":true}]}}