{"id":41922,"date":"2026-01-26T11:20:51","date_gmt":"2026-01-26T11:20:51","guid":{"rendered":"https:\/\/shop.szblind.ch\/produkt\/bones-agenda\/"},"modified":"2026-04-15T09:03:26","modified_gmt":"2026-04-15T09:03:26","slug":"bones-agenda","status":"publish","type":"product","link":"https:\/\/shop.szblind.ch\/fr\/produkt\/bones-agenda\/","title":{"rendered":"Logiciel Agenda \/ Calendrier pour Milestone 312 Ace et Ace Wifi"},"content":{"rendered":"<div class='html translation-block'>\n<p class=\"attachment\"><a href='https:\/\/shop.szblind.ch\/wp-content\/uploads\/2025\/12\/501_0_1_01_758_g.jpg'><img loading=\"lazy\" width=\"300\" height=\"192\" src=\"https:\/\/shop.szblind.ch\/wp-content\/uploads\/2025\/12\/501_0_1_01_758_g-300x192.jpg\" class=\"attachment-medium size-medium\" alt=\"01_758_g.jpg\" \/><\/a><\/p>\n<p><span style=\"font-family:Frutiger Neue 1450 Pro Regular;font-size:16px\">Recommand\u00e9 aux personnes souffrant de c\u00e9cit\u00e9, de d\u00e9ficience visuelle ou de surdic\u00e9cit\u00e9.<\/span><\/p>\n<p><span style=\"font-weight:bold;font-family:Frutiger Neue 1450 Pro Regular;font-size:19px\">Logiciel de calendrier \u00e0 ajouter au Milestone 312 Ace\/Wifi<\/span><\/p>.\n<p><span style=\"font-weight:bold;font-family:Frutiger Neue 1450 Pro Regular;font-size:19px\">Particularit\u00e9s:<\/span><\/p>\n<p><span style=\"font-family:Frutiger Neue 1450 Pro Regular;font-size:16px\">- Pr\u00e9programmation d'enregistrements d'\u00e9missions de radio<\/span><\/p>\n<p><span style=\"font-family:Frutiger Neue 1450 Pro Regular;font-size:16px\">- S\u00e9lection d'entr\u00e9es de calendrier<\/span><\/p>\n<p><span style=\"font-family:Frutiger Neue 1450 Pro Regular;font-size:16px\">- Entr\u00e9e de calendrier avec son ou voix<\/span><\/p>\n<p><span style=\"font-family:Frutiger Neue 1450 Pro Regular;font-size:16px\">- Possibilit\u00e9 de financement par l'AI<\/span><\/p>\n<\/p>\n<p><span style=\"font-weight:bold;font-size:19px\">Description:<\/span><\/p>\n<p><span style=\"font-weight:bold;font-family:Frutiger Neue 1450 Pro Regular;font-size:16px\">Logiciel:<\/span><span style=\"font-family:Frutiger Neue 1450 Pro Regular;font-size:16px\"> convient uniquement pour les appareils Milestone 312<\/span><\/p>\n<p><span style=\"font-family:Frutiger Neue 1450 Pro Regular;font-size:16px\">S\u00e9lection des entr\u00e9es de l'agenda<\/span><\/p>\n<p><span style=\"font-family:Frutiger Neue 1450 Pro Regular;font-size:16px\">Entree de calendrier avec son ou voix<\/span><\/p>\n<\/p>\n<\/div>","protected":false},"excerpt":{"rendered":"<p>Software Agenda \/ Calendrier<\/p>","protected":false},"featured_media":4223,"comment_status":"open","ping_status":"closed","template":"","meta":{"_acf_changed":false},"product_brand":[],"product_cat":[750,770,820],"product_tag":[],"class_list":{"0":"post-41922","1":"product","2":"type-product","3":"status-publish","4":"has-post-thumbnail","6":"product_cat-0audio","7":"product_cat-750hrbuchspieler-daisy","8":"product_cat-770zubehr-hrbuchspieler-daisy","10":"first","11":"outofstock","12":"taxable","13":"shipping-taxable","14":"purchasable","15":"product-type-simple"},"acf":[],"_links":{"self":[{"href":"https:\/\/shop.szblind.ch\/fr\/wp-json\/wp\/v2\/product\/41922","targetHints":{"allow":["GET"]}}],"collection":[{"href":"https:\/\/shop.szblind.ch\/fr\/wp-json\/wp\/v2\/product"}],"about":[{"href":"https:\/\/shop.szblind.ch\/fr\/wp-json\/wp\/v2\/types\/product"}],"replies":[{"embeddable":true,"href":"https:\/\/shop.szblind.ch\/fr\/wp-json\/wp\/v2\/comments?post=41922"}],"wp:featuredmedia":[{"embeddable":true,"href":"https:\/\/shop.szblind.ch\/fr\/wp-json\/wp\/v2\/media\/4223"}],"wp:attachment":[{"href":"https:\/\/shop.szblind.ch\/fr\/wp-json\/wp\/v2\/media?parent=41922"}],"wp:term":[{"taxonomy":"product_brand","embeddable":true,"href":"https:\/\/shop.szblind.ch\/fr\/wp-json\/wp\/v2\/product_brand?post=41922"},{"taxonomy":"product_cat","embeddable":true,"href":"https:\/\/shop.szblind.ch\/fr\/wp-json\/wp\/v2\/product_cat?post=41922"},{"taxonomy":"product_tag","embeddable":true,"href":"https:\/\/shop.szblind.ch\/fr\/wp-json\/wp\/v2\/product_tag?post=41922"}],"curies":[{"name":"wp","href":"https:\/\/api.w.org\/{rel}","templated":true}]}}