{"id":41937,"date":"2026-01-26T11:21:21","date_gmt":"2026-01-26T11:21:21","guid":{"rendered":"https:\/\/shop.szblind.ch\/produkt\/kunststoffspitze-7\/"},"modified":"2026-04-15T09:04:05","modified_gmt":"2026-04-15T09:04:05","slug":"pointe-en-plastique-7","status":"publish","type":"product","link":"https:\/\/shop.szblind.ch\/fr\/produkt\/kunststoffspitze-7\/","title":{"rendered":"Embout en plastique Comde 80 mm Bille, rotatif, filetage m\u00e9tallique, neige"},"content":{"rendered":"<div class='html translation-block'>\n<p class=\"attachment\"><a href='https:\/\/shop.szblind.ch\/wp-content\/uploads\/2025\/12\/553_0_1_51_512_g.jpg'><img loading=\"lazy\" width=\"300\" height=\"259\" src=\"https:\/\/shop.szblind.ch\/wp-content\/uploads\/2025\/12\/553_0_1_51_512_g.jpg\" class=\"attachment-medium size-medium\" alt=\"51_512_g.jpg\" \/><\/a><\/p>\n<p><span style=\"font-family:Frutiger Neue 1450 Pro Regular;font-size:15px\">Recommand\u00e9 aux personnes souffrant de c\u00e9cit\u00e9, de d\u00e9ficience visuelle ou de surdic\u00e9cit\u00e9<\/span><\/p>.\n<\/p>\n<p><span style=\"font-weight:bold;font-family:Frutiger Neue 1450 Pro Regular;font-size:15px\">Sp\u00e9cificit\u00e9s:<\/span><\/p>\n<p><span style=\"font-family:Frutiger Neue 1450 Pro Regular;font-size:15px\">- Orange<\/span><\/p>\n<p><span style=\"font-family:Frutiger Neue 1450 Pro Regular;font-size:15px\">- Financement IV possible<\/span><\/p>\n<\/p>\n<p><span style=\"font-weight:bold;font-family:Frutiger Neue 1450 Pro Regular;font-size:15px\">Description:<\/span><\/p>\n<p><span style=\"font-weight:bold;font-family:Frutiger Neue 1450 Pro Regular;font-size:15px\">Couleur : <\/span><span style=\"font-family:Frutiger Neue 1450 Pro Regular;font-size:15px\">Orange<\/span><\/p>\n<p><span style=\"font-weight:bold;font-family:Frutiger Neue 1450 Pro Regular;font-size:15px\">Forme:<\/span><span style=\"font-family:Frutiger Neue 1450 Pro Regular;font-size:15px\"> Ball<\/span><\/p>\n<p><span style=\"font-weight:bold;font-family:Frutiger Neue 1450 Pro Regular;font-size:15px\">Poids : <\/span><span style=\"font-family:Frutiger Neue 1450 Pro Regular;font-size:15px\">104 grammes<\/span><\/p>\n<p><span style=\"font-weight:bold;font-family:Frutiger Neue 1450 Pro Regular;font-size:15px\">Taille : <\/span><span style=\"font-family:Frutiger Neue 1450 Pro Regular;font-size:15px\">8 cm de diam\u00e8tre<\/span><\/p>\n<p><span style=\"font-weight:bold;font-family:Frutiger Neue 1450 Pro Regular;font-size:15px\">Pour les b\u00e2tons suivants : <\/span><span style=\"font-family:Frutiger Neue 1450 Pro Regular;font-size:15px\">Comde<\/span><\/p>\n<p><span style=\"font-weight:bold;font-family:Frutiger Nouvelle 1450 Pro Regular;font-size:15px\">Crochet ou vis : <\/span><span style=\"font-family:Frutiger Nouvelle 1450 Pro Regular;font-size:15px\">Vis<\/span><\/p>\n<p><span style=\"font-weight:bold;font-family:Frutiger Neue 1450 Pro Regular;font-size:15px\">Mat\u00e9riau : <\/span><span style=\"font-family:Frutiger Neue 1450 Pro Regular;font-size:15px\">POM orange<\/span><\/p>\n<p><span style=\"font-weight:bold;font-family:Frutiger Neue 1450 Pro Regular;font-size:15px\">Syst\u00e8me de mobilit\u00e9:<\/span><span style=\"font-family:Frutiger Neue 1450 Pro Regular;font-size:15px\"> \u00e0 pousser<\/span><\/p>.\n<\/p>\n<\/div>","protected":false},"excerpt":{"rendered":"<p>Embout en plastique Comde 80 mm<\/p>","protected":false},"featured_media":4251,"comment_status":"open","ping_status":"closed","template":"","meta":{"_acf_changed":false},"product_brand":[],"product_cat":[747,861],"product_tag":[],"class_list":{"0":"post-41937","1":"product","2":"type-product","3":"status-publish","4":"has-post-thumbnail","6":"product_cat-0mobilitt","7":"product_cat-747zubehr-langstcke","9":"first","10":"instock","11":"taxable","12":"shipping-taxable","13":"purchasable","14":"product-type-simple"},"acf":[],"_links":{"self":[{"href":"https:\/\/shop.szblind.ch\/fr\/wp-json\/wp\/v2\/product\/41937","targetHints":{"allow":["GET"]}}],"collection":[{"href":"https:\/\/shop.szblind.ch\/fr\/wp-json\/wp\/v2\/product"}],"about":[{"href":"https:\/\/shop.szblind.ch\/fr\/wp-json\/wp\/v2\/types\/product"}],"replies":[{"embeddable":true,"href":"https:\/\/shop.szblind.ch\/fr\/wp-json\/wp\/v2\/comments?post=41937"}],"wp:featuredmedia":[{"embeddable":true,"href":"https:\/\/shop.szblind.ch\/fr\/wp-json\/wp\/v2\/media\/4251"}],"wp:attachment":[{"href":"https:\/\/shop.szblind.ch\/fr\/wp-json\/wp\/v2\/media?parent=41937"}],"wp:term":[{"taxonomy":"product_brand","embeddable":true,"href":"https:\/\/shop.szblind.ch\/fr\/wp-json\/wp\/v2\/product_brand?post=41937"},{"taxonomy":"product_cat","embeddable":true,"href":"https:\/\/shop.szblind.ch\/fr\/wp-json\/wp\/v2\/product_cat?post=41937"},{"taxonomy":"product_tag","embeddable":true,"href":"https:\/\/shop.szblind.ch\/fr\/wp-json\/wp\/v2\/product_tag?post=41937"}],"curies":[{"name":"wp","href":"https:\/\/api.w.org\/{rel}","templated":true}]}}