{"id":41939,"date":"2026-01-26T11:21:24","date_gmt":"2026-01-26T11:21:24","guid":{"rendered":"https:\/\/shop.szblind.ch\/produkt\/sehtest-szb-landolt\/"},"modified":"2026-04-15T09:04:08","modified_gmt":"2026-04-15T09:04:08","slug":"test-de-vision-szb-landolt","status":"publish","type":"product","link":"https:\/\/shop.szblind.ch\/fr\/produkt\/sehtest-szb-landolt\/","title":{"rendered":"test Landolt de l'UCBA"},"content":{"rendered":"<div class='html translation-block'>\n<p class=\"attachment\"><a href='https:\/\/shop.szblind.ch\/wp-content\/uploads\/2025\/12\/555_0_1_12_001_n_g.jpg'><img loading=\"lazy\" width=\"300\" height=\"192\" src=\"https:\/\/shop.szblind.ch\/wp-content\/uploads\/2025\/12\/555_0_1_12_001_n_g-300x192.jpg\" class=\"attachment-medium size-medium\" alt=\"12_001_n_g.jpg\" \/><\/a><\/p>\n<p><span style=\"font-family:Arial;font-size:14px;color:#000000\">Ce test de vision de loin, d\u00e9velopp\u00e9 par le service sp\u00e9cialis\u00e9 basse vision de la SZB, se compose, \u00e0 l'instar de la planche Bailey-Lovie, de deux tableaux imprim\u00e9s avec des anneaux de Landolt. Chaque tableau est imprim\u00e9 pour la mesure de l'acuit\u00e9 visuelle en contraste \u00e9lev\u00e9 et l'autre avec les m\u00eames symboles en faible contraste pour tester la perception des contrastes.<\/span><\/p>\n<p><span style=\"font-family:Arial;font-size:14px;color:#000000\"> <\/span><\/p>\n<p><span style=\"font-family:Arial;font-size:14px;color:#000000\">Format des tableaux : 65 x 65 cm<\/span><\/p>\n<\/p>\n<\/div>","protected":false},"excerpt":{"rendered":"<p>test Landolt de l'UCBA<\/p>","protected":false},"featured_media":3938,"comment_status":"open","ping_status":"closed","template":"","meta":{"_acf_changed":false},"product_brand":[],"product_cat":[756,802],"product_tag":[],"class_list":{"0":"post-41939","1":"product","2":"type-product","3":"status-publish","4":"has-post-thumbnail","6":"product_cat-0low-vision-produkte","7":"product_cat-756sehtests-ferne","9":"first","10":"instock","11":"taxable","12":"shipping-taxable","13":"purchasable","14":"product-type-simple"},"acf":[],"_links":{"self":[{"href":"https:\/\/shop.szblind.ch\/fr\/wp-json\/wp\/v2\/product\/41939","targetHints":{"allow":["GET"]}}],"collection":[{"href":"https:\/\/shop.szblind.ch\/fr\/wp-json\/wp\/v2\/product"}],"about":[{"href":"https:\/\/shop.szblind.ch\/fr\/wp-json\/wp\/v2\/types\/product"}],"replies":[{"embeddable":true,"href":"https:\/\/shop.szblind.ch\/fr\/wp-json\/wp\/v2\/comments?post=41939"}],"wp:featuredmedia":[{"embeddable":true,"href":"https:\/\/shop.szblind.ch\/fr\/wp-json\/wp\/v2\/media\/3938"}],"wp:attachment":[{"href":"https:\/\/shop.szblind.ch\/fr\/wp-json\/wp\/v2\/media?parent=41939"}],"wp:term":[{"taxonomy":"product_brand","embeddable":true,"href":"https:\/\/shop.szblind.ch\/fr\/wp-json\/wp\/v2\/product_brand?post=41939"},{"taxonomy":"product_cat","embeddable":true,"href":"https:\/\/shop.szblind.ch\/fr\/wp-json\/wp\/v2\/product_cat?post=41939"},{"taxonomy":"product_tag","embeddable":true,"href":"https:\/\/shop.szblind.ch\/fr\/wp-json\/wp\/v2\/product_tag?post=41939"}],"curies":[{"name":"wp","href":"https:\/\/api.w.org\/{rel}","templated":true}]}}