{"id":41947,"date":"2026-01-26T11:21:38","date_gmt":"2026-01-26T11:21:38","guid":{"rendered":"https:\/\/shop.szblind.ch\/produkt\/fersenspikes-3\/"},"modified":"2026-04-15T09:04:22","modified_gmt":"2026-04-15T09:04:22","slug":"crampons-de-talon-3","status":"publish","type":"product","link":"https:\/\/shop.szblind.ch\/fr\/produkt\/fersenspikes-3\/","title":{"rendered":"Crampons antiglisse faciles &agrave; fixer"},"content":{"rendered":"<div class='html translation-block'>\n<p class=\"attachment\"><a href='https:\/\/shop.szblind.ch\/wp-content\/uploads\/2025\/12\/568_0_1_07_613.jpg'><img loading=\"lazy\" width=\"300\" height=\"192\" src=\"https:\/\/shop.szblind.ch\/wp-content\/uploads\/2025\/12\/568_0_1_07_613-300x192.jpg\" class=\"attachment-medium size-medium\" alt=\"07_613.JPG\" \/><\/a><\/p>\n<p><span style=\"font-family:Frutiger Neue 1450 Pro Regular;font-size:16px;color:#000000\">Recommand\u00e9 aux personnes souffrant de c\u00e9cit\u00e9, de d\u00e9ficience visuelle et de surdic\u00e9cit\u00e9<\/span><\/p>.\n<p><span style=\"font-weight:bold;font-size:19px\">Crampons antid\u00e9rapants faciles \u00e0 mettre en place<\/span><\/p>.\n<p><span>Maniement : facile<\/span><\/p>\n<p><span style=\"font-weight:bold;font-size:19px\">Particularit\u00e9s:<\/span><\/p>\n<p><span>- 3 tailles<\/span><\/p>\n<p><span>- fermeture velcro<\/span><\/p>\n<p><span>- Bandes r\u00e9fl\u00e9chissantes \u00e0 l'arri\u00e8re<\/span><\/p>\n<p><span style=\"font-weight:bold;font-size:19px\">Description:<\/span><\/p>\n<p><span style=\"font-weight:bold;font-family:Frutiger Neue 1450 Pro Regular;font-size:16px;color:#000000\">Taille : <\/span><span style=\"font-family:Frutiger Neue 1450 Pro Regular;font-size:16px;color:#000000\">S : 32-36, M : \u00e9puis\u00e9, L : 40-44, XL : 45-50 <\/span><\/p>\n<\/p>\n<\/div>","protected":false},"excerpt":{"rendered":"<p>Fersenspikes Gr&ouml;sse &#8220;XL&#8221; (45-50)<\/p>","protected":false},"featured_media":4123,"comment_status":"open","ping_status":"closed","template":"","meta":{"_acf_changed":false},"product_brand":[],"product_cat":[763,747],"product_tag":[],"class_list":{"0":"post-41947","1":"product","2":"type-product","3":"status-publish","4":"has-post-thumbnail","6":"product_cat-747diverses","7":"product_cat-0mobilitt","9":"first","10":"instock","11":"taxable","12":"shipping-taxable","13":"purchasable","14":"product-type-simple"},"acf":[],"_links":{"self":[{"href":"https:\/\/shop.szblind.ch\/fr\/wp-json\/wp\/v2\/product\/41947","targetHints":{"allow":["GET"]}}],"collection":[{"href":"https:\/\/shop.szblind.ch\/fr\/wp-json\/wp\/v2\/product"}],"about":[{"href":"https:\/\/shop.szblind.ch\/fr\/wp-json\/wp\/v2\/types\/product"}],"replies":[{"embeddable":true,"href":"https:\/\/shop.szblind.ch\/fr\/wp-json\/wp\/v2\/comments?post=41947"}],"wp:featuredmedia":[{"embeddable":true,"href":"https:\/\/shop.szblind.ch\/fr\/wp-json\/wp\/v2\/media\/4123"}],"wp:attachment":[{"href":"https:\/\/shop.szblind.ch\/fr\/wp-json\/wp\/v2\/media?parent=41947"}],"wp:term":[{"taxonomy":"product_brand","embeddable":true,"href":"https:\/\/shop.szblind.ch\/fr\/wp-json\/wp\/v2\/product_brand?post=41947"},{"taxonomy":"product_cat","embeddable":true,"href":"https:\/\/shop.szblind.ch\/fr\/wp-json\/wp\/v2\/product_cat?post=41947"},{"taxonomy":"product_tag","embeddable":true,"href":"https:\/\/shop.szblind.ch\/fr\/wp-json\/wp\/v2\/product_tag?post=41947"}],"curies":[{"name":"wp","href":"https:\/\/api.w.org\/{rel}","templated":true}]}}