{"id":41948,"date":"2026-01-26T11:21:40","date_gmt":"2026-01-26T11:21:40","guid":{"rendered":"https:\/\/shop.szblind.ch\/produkt\/sehtest-szb-nahseh-set\/"},"modified":"2026-04-15T09:04:24","modified_gmt":"2026-04-15T09:04:24","slug":"test-de-vision-szb-pres-de-chez-soi","status":"publish","type":"product","link":"https:\/\/shop.szblind.ch\/fr\/produkt\/sehtest-szb-nahseh-set\/","title":{"rendered":"\u00c9chantillon de pr\u00e9l\u00e8vement SZB, cadre SET et 3 tests"},"content":{"rendered":"<div class='html translation-block'>\n<p class=\"attachment\"><a href='https:\/\/shop.szblind.ch\/wp-content\/uploads\/2025\/12\/141_0_1_01_901.jpg'><img loading=\"lazy\" width=\"300\" height=\"192\" src=\"https:\/\/shop.szblind.ch\/wp-content\/uploads\/2025\/12\/141_0_1_01_901-300x192.jpg\" class=\"attachment-medium size-medium\" alt=\"01_901.JPG\" \/><\/a><\/p>\n<p><span style=\"font-family:Arial;font-size:14px;color:#000000\">Cadre support 51.951 + 3 \u00e9chantillons de vision de pr\u00e8s au choix 51.952-51.961<\/span><\/p>\n<p><span style=\"font-weight:bold;font-family:Arial;font-size:14px;color:#000000\">Veuillez indiquer lors de votre commande quels sont les trois tests que vous souhaitez.<\/span><\/p>\n<\/p>\n<p><span style=\"font-weight:bold;font-family:Arial;font-size:14px;color:#000000\">Proc\u00e9dure pour les commandes via notre boutique:<\/span><\/p>\n<p><span style=\"font-family:Arial;font-size:14px;color:#000000\">Veuillez entrer 51.950, \u00e9chantillons de vision de pr\u00e8s SET, puis par SET command\u00e9:<\/span><\/p>\n<p><span style=\"font-family:Arial;font-size:14px;color:#000000\">1 cadre (51.951) et les 3 \u00e9chantillons de vision de pr\u00e8s souhait\u00e9s .<\/span><\/p>\n<p><span style=\"font-family:Arial;font-size:14px;color:#000000\">Le prix de chaque composant vous est indiqu\u00e9, mais nous le mettons \u00e0 Fr. 0.00 lors de la livraison.<\/span><\/p>\n<\/p>\n<\/div>","protected":false},"excerpt":{"rendered":"<p>Test de vision de pr\u00e8s de l'UCBA, SET<\/p>","protected":false},"featured_media":3940,"comment_status":"open","ping_status":"closed","template":"","meta":{"_acf_changed":false},"product_brand":[],"product_cat":[756,804],"product_tag":[],"class_list":{"0":"post-41948","1":"product","2":"type-product","3":"status-publish","4":"has-post-thumbnail","6":"product_cat-0low-vision-produkte","7":"product_cat-756sehtests-nhe","9":"first","10":"instock","11":"taxable","12":"shipping-taxable","13":"purchasable","14":"product-type-simple"},"acf":[],"_links":{"self":[{"href":"https:\/\/shop.szblind.ch\/fr\/wp-json\/wp\/v2\/product\/41948","targetHints":{"allow":["GET"]}}],"collection":[{"href":"https:\/\/shop.szblind.ch\/fr\/wp-json\/wp\/v2\/product"}],"about":[{"href":"https:\/\/shop.szblind.ch\/fr\/wp-json\/wp\/v2\/types\/product"}],"replies":[{"embeddable":true,"href":"https:\/\/shop.szblind.ch\/fr\/wp-json\/wp\/v2\/comments?post=41948"}],"wp:featuredmedia":[{"embeddable":true,"href":"https:\/\/shop.szblind.ch\/fr\/wp-json\/wp\/v2\/media\/3940"}],"wp:attachment":[{"href":"https:\/\/shop.szblind.ch\/fr\/wp-json\/wp\/v2\/media?parent=41948"}],"wp:term":[{"taxonomy":"product_brand","embeddable":true,"href":"https:\/\/shop.szblind.ch\/fr\/wp-json\/wp\/v2\/product_brand?post=41948"},{"taxonomy":"product_cat","embeddable":true,"href":"https:\/\/shop.szblind.ch\/fr\/wp-json\/wp\/v2\/product_cat?post=41948"},{"taxonomy":"product_tag","embeddable":true,"href":"https:\/\/shop.szblind.ch\/fr\/wp-json\/wp\/v2\/product_tag?post=41948"}],"curies":[{"name":"wp","href":"https:\/\/api.w.org\/{rel}","templated":true}]}}