{"id":41956,"date":"2026-01-26T11:21:54","date_gmt":"2026-01-26T11:21:54","guid":{"rendered":"https:\/\/shop.szblind.ch\/produkt\/wanderstock\/"},"modified":"2026-04-17T07:17:45","modified_gmt":"2026-04-17T07:17:45","slug":"baton-de-marche","status":"publish","type":"product","link":"https:\/\/shop.szblind.ch\/fr\/produkt\/wanderstock\/","title":{"rendered":"Canne de randonn\u00e9e B\u00f6rjeson poign\u00e9e en li\u00e8ge"},"content":{"rendered":"<div class='html translation-block'>\n<p class=\"attachment\"><a href='https:\/\/shop.szblind.ch\/wp-content\/uploads\/2025\/12\/e0675468-94ac-0d72-4c48-c4dd6a1ed48c_07_612.jpg'><img loading=\"lazy\" width=\"300\" height=\"192\" src=\"https:\/\/shop.szblind.ch\/wp-content\/uploads\/2025\/12\/e0675468-94ac-0d72-4c48-c4dd6a1ed48c_07_612-300x192.jpg\" class=\"attachment-medium size-medium\" alt=\"07_612.jpg\" \/><\/a><\/p>\n<p><span style=\"font-family:Frutiger Neue 1450 Pro Regular;font-size:15px;color:#000000\">Recommand\u00e9 aux personnes souffrant de c\u00e9cit\u00e9, de d\u00e9ficience visuelle et de surdic\u00e9cit\u00e9<\/span><\/p>.\n<p><span style=\"font-family:Frutiger 55 Roman;font-size:16px;color:#000000\">Popularit\u00e9 du produit : best-seller<\/span><\/p>\n<p><span style=\"font-weight:bold;font-family:Frutiger Neue 1450 Pro Regular;font-size:19px;color:#000000\">Sp\u00e9cificit\u00e9s:<\/span><\/p>\n<p><span style=\"font-family:Frutiger 55 Roman;font-size:16px;color:#000000\">- Blanc<\/span><\/p>\n<p><span style=\"font-family:Frutiger 55 Roman;font-size:16px;color:#000000\">- 2 parties t\u00e9lescopiques<\/span><\/p>\n<p><span style=\"font-family:Frutiger 55 Roman;font-size:16px;color:#000000\">- Tr\u00e8s l\u00e9ger<\/span><\/p>\n<p><span style=\"font-family:Frutiger 55 Roman;font-size:16px;color:#000000\">- Financement possible par l'AI<\/span><\/p>\n<p><span style=\"font-weight:bold;font-family:Frutiger Neue 1450 Pro Regular;font-size:19px;color:#000000\">Description:<\/span><\/p>\n<p><span style=\"font-weight:bold;font-family:Frutiger Neue 1450 Pro Regular;font-size:16px;color:#000000\">Goupille r\u00e9tractable:<\/span><span style=\"font-family:Frutiger 55 Roman;font-size:16px;color:#000000\"> non<\/span><\/p>\n<p><span style=\"font-weight:bold;font-family:Frutiger Neue 1450 Pro Regular;font-size:16px;color:#000000\">Couleur : <\/span><span style=\"font-family:Frutiger 55 Roman;font-size:16px;color:#000000\">blanc avec manche en li\u00e8ge marron et pointe noire<\/span><\/p>\n<p><span style=\"font-weight:bold;font-family:Frutiger Neue 1450 Pro Regular;font-size:16px;color:#000000\">Poids : <\/span><span style=\"font-family:Frutiger 55 Roman;font-size:16px;color:#000000\">300 grammes<\/span><\/p>\n<p><span style=\"font-weight:bold;font-family:Frutiger Neue 1450 Pro Regular;font-size:16px;color:#000000\">Taille:<\/span><span style=\"font-family:Frutiger 55 Roman;font-size:16px;color:#000000\"> <\/span><\/p>\n<p><span style=\"font-family:Frutiger 55 Roman;font-size:16px;color:#000000\">- Poign\u00e9e : 13.2 cm<\/span><\/p>\n<p><span style=\"font-family:Frutiger 55 Roman;font-size:16px;color:#000000\">- Canne : 74 - 148 cm<\/span><\/p>\n<p><span style=\"font-family:Frutiger 55 Roman;font-size:16px;color:#000000\">- Pointe : 3.2 x 2.5 cm<\/span><\/p>\n<p><span style=\"font-weight:bold;font-family:Frutiger Neue 1450 Pro Regular;font-size:16px;color:#000000\">Langue de main : <\/span><span style=\"font-family:Frutiger 55 Roman;font-size:16px;color:#000000\">oui<\/span><\/p>\n<p><span style=\"font-weight:bold;font-family:Frutiger Neue 1450 Pro Regular;font-size:16px;color:#000000\">Mat\u00e9riel : <\/span><\/p>\n<p><span style=\"font-family:Frutiger 55 Roman;font-size:16px;color:#000000\">- Manche : li\u00e8ge<\/span><\/p>\n<p><span style=\"font-family:Frutiger 55 Roman;font-size:16px;color:#000000\">- Canne : aluminium<\/span><\/p>\n<p><span style=\"font-family:Frutiger 55 Roman;font-size:16px;color:#000000\">- Pointe : synth\u00e9tique<\/span><\/p>\n<p><span style=\"font-weight:bold;font-family:Frutiger Neue 1450 Pro Regular;font-size:16px;color:#000000\">Protection contre les chocs\/\u00e9claboussures : <\/span><span style=\"font-family:Frutiger 55 Roman;font-size:16px;color:#000000\">non<\/span><\/p>.\n<p><span style=\"font-weight:bold;font-family:Frutiger Neue 1450 Pro Regular;font-size:16px;color:#000000\">Syst\u00e8me de tr\u00e9teaux:<\/span><span style=\"font-family:Frutiger 55 Roman;font-size:16px;color:#000000\"> 2 parties inf\u00e9rieures t\u00e9lescopiques<\/span><\/p>\n<\/p>\n<\/div>","protected":false},"excerpt":{"rendered":"<p>B&acirc;ton de randonn&eacute;e B&ouml;rjeson<\/p>","protected":false},"featured_media":4284,"comment_status":"open","ping_status":"closed","template":"","meta":{"_acf_changed":false},"product_brand":[],"product_cat":[761,747],"product_tag":[],"class_list":{"0":"post-41956","1":"product","2":"type-product","3":"status-publish","4":"has-post-thumbnail","6":"product_cat-747geh-und-wanderstcke","7":"product_cat-0mobilitt","9":"first","10":"instock","11":"taxable","12":"shipping-taxable","13":"purchasable","14":"product-type-simple"},"acf":[],"_links":{"self":[{"href":"https:\/\/shop.szblind.ch\/fr\/wp-json\/wp\/v2\/product\/41956","targetHints":{"allow":["GET"]}}],"collection":[{"href":"https:\/\/shop.szblind.ch\/fr\/wp-json\/wp\/v2\/product"}],"about":[{"href":"https:\/\/shop.szblind.ch\/fr\/wp-json\/wp\/v2\/types\/product"}],"replies":[{"embeddable":true,"href":"https:\/\/shop.szblind.ch\/fr\/wp-json\/wp\/v2\/comments?post=41956"}],"wp:featuredmedia":[{"embeddable":true,"href":"https:\/\/shop.szblind.ch\/fr\/wp-json\/wp\/v2\/media\/4284"}],"wp:attachment":[{"href":"https:\/\/shop.szblind.ch\/fr\/wp-json\/wp\/v2\/media?parent=41956"}],"wp:term":[{"taxonomy":"product_brand","embeddable":true,"href":"https:\/\/shop.szblind.ch\/fr\/wp-json\/wp\/v2\/product_brand?post=41956"},{"taxonomy":"product_cat","embeddable":true,"href":"https:\/\/shop.szblind.ch\/fr\/wp-json\/wp\/v2\/product_cat?post=41956"},{"taxonomy":"product_tag","embeddable":true,"href":"https:\/\/shop.szblind.ch\/fr\/wp-json\/wp\/v2\/product_tag?post=41956"}],"curies":[{"name":"wp","href":"https:\/\/api.w.org\/{rel}","templated":true}]}}